{"id":16107,"date":"2025-05-23T14:01:34","date_gmt":"2025-05-23T12:01:34","guid":{"rendered":"https:\/\/adequat.eu\/fr-be\/?post_type=product&#038;p=16107"},"modified":"2025-07-02T10:35:05","modified_gmt":"2025-07-02T08:35:05","slug":"poteaux-robinier-o-13-15-cm-ecorces-et-ponces","status":"publish","type":"product","link":"https:\/\/adequat.eu\/fr-be\/product\/piquets\/piquets-en-robinier\/poteaux-robinier-o-13-15-cm-ecorces-et-ponces\/","title":{"rendered":"Poteaux robinier \u00d8 13\/15 cm \u00e9corc\u00e9s et ponc\u00e9s"},"content":{"rendered":"<h2>\u00c0 usages multiples<\/h2>\n<ul>\n<li>Parfait pour les grandes voiles d\u2019ombrage et pare-soleil<\/li>\n<li>Souvent utilis\u00e9 pour structures de hamacs<\/li>\n<li>Tr\u00e8s appr\u00e9ci\u00e9 pour les balan\u00e7oires en bois<\/li>\n<li>Une beaut\u00e9 naturelle qui attire tous les regards<\/li>\n<li>Une durabilit\u00e9 exceptionnelle, pour des ann\u00e9es d\u2019usage<\/li>\n<\/ul>\n<h2>Poteau en robinier \u00d8 13\/15 cm ponc\u00e9 : pour la plus belle balan\u00e7oire en bois<\/h2>\n<p>Les meilleures balan\u00e7oires, on les fabrique soi-m\u00eame ! Un poteau en robinier de 13 \u00e0 15 cm de diam\u00e8tre est parfaitement adapt\u00e9 \u00e0 cet usage. Il offre suffisamment de stabilit\u00e9 pour supporter m\u00eame les balancements les plus \u00e9nergiques, en toute s\u00e9curit\u00e9. \u00c9corc\u00e9 et soigneusement ponc\u00e9, ce poteau est \u00e0 la fois s\u00fbr et esth\u00e9tiquement tr\u00e8s r\u00e9ussi.<\/p>\n<h2>Durabilit\u00e9 naturelle et r\u00e9utilisable \u00e0 souhait<\/h2>\n<p>Les poteaux en robinier ponc\u00e9s et \u00e9corc\u00e9s appartiennent \u00e0 la classe de durabilit\u00e9 1 : c\u2019est l\u2019essence la plus durable que l\u2019on trouve dans les for\u00eats europ\u00e9ennes. Vous vous demandez peut-\u00eatre pourquoi opter pour un bois aussi durable si les enfants n\u2019utiliseront la balan\u00e7oire qu\u2019une dizaine d\u2019ann\u00e9es ? Parce qu\u2019apr\u00e8s vient le temps des hamacs, puis celui des voiles d\u2019ombrage. Et avec un poteau en robinier, vous \u00eates pr\u00eat pour chaque \u00e9tape. Une solution vraiment durable, pour la vie.<\/p>\n<h2>Poteau en robinier \u00d8 13\/15 cm : id\u00e9al pour les voiles d\u2019ombrage<\/h2>\n<p>Plus une voile est grande, plus elle est lourde, surtout si elle est imperm\u00e9able. Les poteaux doivent donc pouvoir supporter une charge importante. Dans ce cas, nous recommandons un poteau en robinier \u00e9corc\u00e9 et ponc\u00e9 d\u2019un diam\u00e8tre d\u2019au moins 13 \u00e0 15 cm. Robuste mais maniable, il conserve la forme naturelle de l\u2019arbre, ajoutant une touche de charme et d\u2019originalit\u00e9 \u00e0 votre structure. M\u00eame sans toile en hiver, ces poteaux restent un atout d\u00e9coratif dans le jardin, gr\u00e2ce \u00e0 leur silhouette organique et leur teinte gris\u00e9e naturelle.<\/p>\n<p>Tous nos poteaux en robinier \u00e9corc\u00e9s et ponc\u00e9s sont livr\u00e9s non point\u00e9s par d\u00e9faut.<\/p>\n","protected":false},"excerpt":{"rendered":"<p>\u00c0 usages multiples Parfait pour les grandes voiles d\u2019ombrage et pare-soleil Souvent utilis\u00e9 pour structures de hamacs Tr\u00e8s appr\u00e9ci\u00e9 pour les balan\u00e7oires en bois Une&#8230;<\/p>\n","protected":false},"featured_media":6418,"comment_status":"closed","ping_status":"closed","template":"","meta":{"_acf_changed":false,"inline_featured_image":false,"_trash_the_other_posts":false,"ep_exclude_from_search":false,"iawp_total_views":140,"editor_notices":[]},"product_brand":[],"product_cat":[151,111,338],"product_tag":[],"class_list":{"0":"post-16107","1":"product","2":"type-product","3":"status-publish","4":"has-post-thumbnail","6":"product_cat-piquets-en-robinier","7":"product_cat-piquets","8":"product_cat-piquets-robinier-ecorces-et-ponces","10":"first","11":"instock","12":"shipping-taxable","13":"purchasable","14":"product-type-variable","15":"has-default-attributes"},"composite_virtual":false,"composite_layout":"","composite_add_to_cart_form_location":"","composite_editable_in_cart":false,"composite_sold_individually_context":"","composite_shop_price_calc":"","composite_components":[],"composite_scenarios":[],"acf":[],"_links":{"self":[{"href":"https:\/\/adequat.eu\/fr-be\/wp-json\/wp\/v2\/product\/16107","targetHints":{"allow":["GET"]}}],"collection":[{"href":"https:\/\/adequat.eu\/fr-be\/wp-json\/wp\/v2\/product"}],"about":[{"href":"https:\/\/adequat.eu\/fr-be\/wp-json\/wp\/v2\/types\/product"}],"replies":[{"embeddable":true,"href":"https:\/\/adequat.eu\/fr-be\/wp-json\/wp\/v2\/comments?post=16107"}],"wp:featuredmedia":[{"embeddable":true,"href":"https:\/\/adequat.eu\/fr-be\/wp-json\/wp\/v2\/media\/6418"}],"wp:attachment":[{"href":"https:\/\/adequat.eu\/fr-be\/wp-json\/wp\/v2\/media?parent=16107"}],"wp:term":[{"taxonomy":"product_brand","embeddable":true,"href":"https:\/\/adequat.eu\/fr-be\/wp-json\/wp\/v2\/product_brand?post=16107"},{"taxonomy":"product_cat","embeddable":true,"href":"https:\/\/adequat.eu\/fr-be\/wp-json\/wp\/v2\/product_cat?post=16107"},{"taxonomy":"product_tag","embeddable":true,"href":"https:\/\/adequat.eu\/fr-be\/wp-json\/wp\/v2\/product_tag?post=16107"}],"curies":[{"name":"wp","href":"https:\/\/api.w.org\/{rel}","templated":true}]}}