{"id":16120,"date":"2025-05-23T14:14:38","date_gmt":"2025-05-23T12:14:38","guid":{"rendered":"https:\/\/adequat.eu\/fr-be\/?post_type=product&#038;p=16120"},"modified":"2025-11-28T14:54:02","modified_gmt":"2025-11-28T13:54:02","slug":"poteaux-robinier-o-19-21-cm-ecorces-et-ponces","status":"publish","type":"product","link":"https:\/\/adequat.eu\/fr-be\/product\/piquets\/piquets-en-robinier\/poteaux-robinier-o-19-21-cm-ecorces-et-ponces\/","title":{"rendered":"Poteaux robinier \u00d8 19\/21 cm \u00e9corc\u00e9s et ponc\u00e9s"},"content":{"rendered":"<h2>\u00c0 usages multiples<\/h2>\n<ul>\n<li>Le plus souvent choisi pour les constructions lourdes<\/li>\n<li>Naturellement beau<\/li>\n<li>Tr\u00e8s robuste<\/li>\n<li>Durable<\/li>\n<\/ul>\n<h2>Poteau en robinier \u00d8 19\/21 cm \u00e9corc\u00e9 et ponc\u00e9 pour les constructions lourdes<\/h2>\n<p>Les poteaux en robinier de 19 \u00e0 21 cm de diam\u00e8tre sont tr\u00e8s robustes et solides. Ils peuvent servir de poutres de construction et sont extr\u00eamement durables. Les poteaux en robinier \u00e9corc\u00e9s et ponc\u00e9s appartiennent \u00e0 la classe de durabilit\u00e9 1, c\u2019est l\u2019essence la plus durable que l\u2019on trouve dans les for\u00eats europ\u00e9ennes. En plus de leur longue dur\u00e9e de vie, ces poteaux sont \u00e9galement tr\u00e8s esth\u00e9tiques. Ils sont souvent utilis\u00e9s dans les cl\u00f4tures des aires de jeux o\u00f9 les enfants peuvent s\u2019asseoir et grimper en toute s\u00e9curit\u00e9. Bien que les poteaux soient soigneusement ponc\u00e9s, il ne faut pas s\u2019attendre \u00e0 ce qu\u2019ils soient totalement exempts d\u2019\u00e9chardes, car c\u2019est du bois naturel.<\/p>\n<h2>Poteau en robinier \u00d8 19\/21 cm \u00e9corc\u00e9 et ponc\u00e9, polyvalent<\/h2>\n<p>Avec un poteau en robinier de 19 \u00e0 21 cm, \u00e9corc\u00e9 et ponc\u00e9, vous disposez d\u2019un \u00e9l\u00e9ment id\u00e9al pour r\u00e9aliser des constructions lourdes. Ce diam\u00e8tre est \u00e9galement utilis\u00e9 pour stabiliser des talus ou des remblais de sable. Il sert aussi souvent de socle pour des \u0153uvres d\u2019art, ainsi que de support pour des panneaux d\u2019information.<\/p>\n<p>Tous nos poteaux en robinier \u00e9corc\u00e9s et ponc\u00e9s sont livr\u00e9s non point\u00e9s par d\u00e9faut.<\/p>\n","protected":false},"excerpt":{"rendered":"<p>\u00c0 usages multiples Le plus souvent choisi pour les constructions lourdes Naturellement beau Tr\u00e8s robuste Durable Poteau en robinier \u00d8 19\/21 cm \u00e9corc\u00e9 et ponc\u00e9&#8230;<\/p>\n","protected":false},"featured_media":6418,"comment_status":"closed","ping_status":"closed","template":"","meta":{"_acf_changed":false,"inline_featured_image":false,"_trash_the_other_posts":false,"ep_exclude_from_search":false,"iawp_total_views":52,"editor_notices":[]},"product_brand":[],"product_cat":[151,111,338],"product_tag":[],"class_list":{"0":"post-16120","1":"product","2":"type-product","3":"status-publish","4":"has-post-thumbnail","6":"product_cat-piquets-en-robinier","7":"product_cat-piquets","8":"product_cat-piquets-robinier-ecorces-et-ponces","10":"first","11":"instock","12":"shipping-taxable","13":"purchasable","14":"product-type-variable","15":"has-default-attributes"},"composite_virtual":false,"composite_layout":"","composite_add_to_cart_form_location":"","composite_editable_in_cart":false,"composite_sold_individually_context":"","composite_shop_price_calc":"","composite_components":[],"composite_scenarios":[],"acf":[],"_links":{"self":[{"href":"https:\/\/adequat.eu\/fr-be\/wp-json\/wp\/v2\/product\/16120","targetHints":{"allow":["GET"]}}],"collection":[{"href":"https:\/\/adequat.eu\/fr-be\/wp-json\/wp\/v2\/product"}],"about":[{"href":"https:\/\/adequat.eu\/fr-be\/wp-json\/wp\/v2\/types\/product"}],"replies":[{"embeddable":true,"href":"https:\/\/adequat.eu\/fr-be\/wp-json\/wp\/v2\/comments?post=16120"}],"wp:featuredmedia":[{"embeddable":true,"href":"https:\/\/adequat.eu\/fr-be\/wp-json\/wp\/v2\/media\/6418"}],"wp:attachment":[{"href":"https:\/\/adequat.eu\/fr-be\/wp-json\/wp\/v2\/media?parent=16120"}],"wp:term":[{"taxonomy":"product_brand","embeddable":true,"href":"https:\/\/adequat.eu\/fr-be\/wp-json\/wp\/v2\/product_brand?post=16120"},{"taxonomy":"product_cat","embeddable":true,"href":"https:\/\/adequat.eu\/fr-be\/wp-json\/wp\/v2\/product_cat?post=16120"},{"taxonomy":"product_tag","embeddable":true,"href":"https:\/\/adequat.eu\/fr-be\/wp-json\/wp\/v2\/product_tag?post=16120"}],"curies":[{"name":"wp","href":"https:\/\/api.w.org\/{rel}","templated":true}]}}