{"id":16125,"date":"2025-05-23T14:18:15","date_gmt":"2025-05-23T12:18:15","guid":{"rendered":"https:\/\/adequat.eu\/fr-be\/?post_type=product&#038;p=16125"},"modified":"2025-11-28T14:53:48","modified_gmt":"2025-11-28T13:53:48","slug":"poteaux-robinier-o-22-24-cm-ecorces-et-ponces","status":"publish","type":"product","link":"https:\/\/adequat.eu\/fr-be\/product\/piquets\/piquets-en-robinier\/poteaux-robinier-o-22-24-cm-ecorces-et-ponces\/","title":{"rendered":"Poteaux robinier \u00d8 22\/24 cm \u00e9corc\u00e9s et ponc\u00e9s"},"content":{"rendered":"<h2>\u00c0 usages multiples<\/h2>\n<ul>\n<li>Le plus souvent choisi pour les travaux lourds<\/li>\n<li>Naturellement beau, \u00e9corc\u00e9 et ponc\u00e9<\/li>\n<li>Tr\u00e8s robuste<\/li>\n<li>Extr\u00eamement durable<\/li>\n<\/ul>\n<h2>Poteau en robinier \u00d8 22\/24 cm \u00e9corc\u00e9 et ponc\u00e9, id\u00e9al pour les constructions lourdes<\/h2>\n<p>Les poteaux en robinier de 22 \u00e0 24 cm de diam\u00e8tre sont particuli\u00e8rement solides et robustes. Ce sont les plus \u00e9pais que nous proposons dans cette version \u00e9corc\u00e9e et ponc\u00e9e, et ils sont disponibles dans diff\u00e9rentes longueurs. Ils appartiennent \u00e0 la classe de durabilit\u00e9 1, ce qui en fait le bois europ\u00e9en le plus durable. En plus de leur grande long\u00e9vit\u00e9, ces poteaux ont aussi une belle apparence naturelle. Ils sont parfaits pour des structures lourdes o\u00f9 l\u2019ossature reste visible. Vous cherchez un v\u00e9ritable \u00e9l\u00e9ment accrocheur pour votre jardin ou votre projet ext\u00e9rieur\u202f? Avec un poteau en robinier \u00e9corc\u00e9 et ponc\u00e9 de ce diam\u00e8tre, vous \u00eates au bon endroit.<\/p>\n<p>Tous nos poteaux en robinier \u00e9corc\u00e9s et ponc\u00e9s sont livr\u00e9s non point\u00e9s par d\u00e9faut<\/p>\n","protected":false},"excerpt":{"rendered":"<p>\u00c0 usages multiples Le plus souvent choisi pour les travaux lourds Naturellement beau, \u00e9corc\u00e9 et ponc\u00e9 Tr\u00e8s robuste Extr\u00eamement durable Poteau en robinier \u00d8 22\/24&#8230;<\/p>\n","protected":false},"featured_media":6418,"comment_status":"closed","ping_status":"closed","template":"","meta":{"_acf_changed":false,"inline_featured_image":false,"_trash_the_other_posts":false,"ep_exclude_from_search":false,"iawp_total_views":62,"editor_notices":[]},"product_brand":[],"product_cat":[151,111,338],"product_tag":[],"class_list":{"0":"post-16125","1":"product","2":"type-product","3":"status-publish","4":"has-post-thumbnail","6":"product_cat-piquets-en-robinier","7":"product_cat-piquets","8":"product_cat-piquets-robinier-ecorces-et-ponces","10":"first","11":"instock","12":"shipping-taxable","13":"purchasable","14":"product-type-variable","15":"has-default-attributes"},"composite_virtual":false,"composite_layout":"","composite_add_to_cart_form_location":"","composite_editable_in_cart":false,"composite_sold_individually_context":"","composite_shop_price_calc":"","composite_components":[],"composite_scenarios":[],"acf":[],"_links":{"self":[{"href":"https:\/\/adequat.eu\/fr-be\/wp-json\/wp\/v2\/product\/16125","targetHints":{"allow":["GET"]}}],"collection":[{"href":"https:\/\/adequat.eu\/fr-be\/wp-json\/wp\/v2\/product"}],"about":[{"href":"https:\/\/adequat.eu\/fr-be\/wp-json\/wp\/v2\/types\/product"}],"replies":[{"embeddable":true,"href":"https:\/\/adequat.eu\/fr-be\/wp-json\/wp\/v2\/comments?post=16125"}],"wp:featuredmedia":[{"embeddable":true,"href":"https:\/\/adequat.eu\/fr-be\/wp-json\/wp\/v2\/media\/6418"}],"wp:attachment":[{"href":"https:\/\/adequat.eu\/fr-be\/wp-json\/wp\/v2\/media?parent=16125"}],"wp:term":[{"taxonomy":"product_brand","embeddable":true,"href":"https:\/\/adequat.eu\/fr-be\/wp-json\/wp\/v2\/product_brand?post=16125"},{"taxonomy":"product_cat","embeddable":true,"href":"https:\/\/adequat.eu\/fr-be\/wp-json\/wp\/v2\/product_cat?post=16125"},{"taxonomy":"product_tag","embeddable":true,"href":"https:\/\/adequat.eu\/fr-be\/wp-json\/wp\/v2\/product_tag?post=16125"}],"curies":[{"name":"wp","href":"https:\/\/api.w.org\/{rel}","templated":true}]}}