{"id":16480,"date":"2025-09-25T14:29:03","date_gmt":"2025-09-25T12:29:03","guid":{"rendered":"https:\/\/adequat.eu\/fr-be\/?post_type=product&#038;p=16480"},"modified":"2026-03-12T14:26:19","modified_gmt":"2026-03-12T13:26:19","slug":"poutre-rustique-en-chataignier-2","status":"publish","type":"product","link":"https:\/\/adequat.eu\/fr-be\/product\/piquets\/piquets-en-chataignier\/poutre-rustique-en-chataignier-2\/","title":{"rendered":"Poutre rustique en ch\u00e2taignier"},"content":{"rendered":"<p>La poutre rustique en ch\u00e2taignier est une belle poutre en bois de ch\u00e2taignier massif. Lors du sciage des poutres, la forme de l&rsquo;arbre est prise en compte, c&rsquo;est pourquoi les angles ne sont pas toujours exactement 90 degr\u00e9s. Cette poutre rustique de ch\u00e2taignier est donc id\u00e9ale pour les structures en bois apparentes telles que les chevrons pour toiture, les paravents de jardin et les pergolas qui b\u00e9n\u00e9ficent de cette mani\u00e8re d&rsquo;un aspect informel et naturel.<\/p>\n<h2>Poutre rustique en ch\u00e2taignier, diff\u00e9rentes dimensions<\/h2>\n<p>La poutre rustique en ch\u00e2taignier est disponible en de diff\u00e9rentes longueurs et de diff\u00e9rents diam\u00e8tres. Le bois de ch\u00e2taignier est naturellement durable gr\u00e2ce \u00e0 la pr\u00e9sence d&rsquo;acides tanniques qui prot\u00e8gent contre l&rsquo;humidit\u00e9 et la moisissure. La poutre rustique en ch\u00e2taignier n&rsquo;a donc pas besoin d&rsquo;\u00eatre trait\u00e9 et ne n\u00e9cessite aucun entretien. Gr\u00e2ce \u00e0 ses propri\u00e9t\u00e9es naturelles le bois de ch\u00e2taignier a donc un impact minimum sur l&rsquo;environnement.<\/p>\n<p>Pour la fixation d&rsquo;\u00e9crans de jardin vous pouvez aussi jeter un coup d&rsquo;oeil \u00e0 nos <a href=\"https:\/\/adequat.eu\/fr-be\/products\/piquets\/\">piquets arrondi en ch\u00e2taignier et robinier<\/a>.<\/p>\n<p>Vous ne savez pas quelle poutre convient le mieu \u00e0 votre projet ? Demandez \u00e0 nos experts!<\/p>\n","protected":false},"excerpt":{"rendered":"<p>La poutre rustique en ch\u00e2taignier est une belle poutre en bois de ch\u00e2taignier massif. Lors du sciage des poutres, la forme de l&rsquo;arbre est prise&#8230;<\/p>\n","protected":false},"featured_media":13900,"comment_status":"closed","ping_status":"closed","template":"","meta":{"_acf_changed":false,"inline_featured_image":false,"_trash_the_other_posts":false,"ep_exclude_from_search":false,"iawp_total_views":193,"editor_notices":[]},"product_brand":[],"product_cat":[112],"product_tag":[],"class_list":{"0":"post-16480","1":"product","2":"type-product","3":"status-publish","4":"has-post-thumbnail","6":"product_cat-piquets-en-chataignier","8":"first","9":"instock","10":"shipping-taxable","11":"purchasable","12":"product-type-variable","13":"has-default-attributes"},"composite_virtual":false,"composite_layout":"","composite_add_to_cart_form_location":"","composite_editable_in_cart":false,"composite_sold_individually_context":"","composite_shop_price_calc":"","composite_components":[],"composite_scenarios":[],"acf":[],"_links":{"self":[{"href":"https:\/\/adequat.eu\/fr-be\/wp-json\/wp\/v2\/product\/16480","targetHints":{"allow":["GET"]}}],"collection":[{"href":"https:\/\/adequat.eu\/fr-be\/wp-json\/wp\/v2\/product"}],"about":[{"href":"https:\/\/adequat.eu\/fr-be\/wp-json\/wp\/v2\/types\/product"}],"replies":[{"embeddable":true,"href":"https:\/\/adequat.eu\/fr-be\/wp-json\/wp\/v2\/comments?post=16480"}],"wp:featuredmedia":[{"embeddable":true,"href":"https:\/\/adequat.eu\/fr-be\/wp-json\/wp\/v2\/media\/13900"}],"wp:attachment":[{"href":"https:\/\/adequat.eu\/fr-be\/wp-json\/wp\/v2\/media?parent=16480"}],"wp:term":[{"taxonomy":"product_brand","embeddable":true,"href":"https:\/\/adequat.eu\/fr-be\/wp-json\/wp\/v2\/product_brand?post=16480"},{"taxonomy":"product_cat","embeddable":true,"href":"https:\/\/adequat.eu\/fr-be\/wp-json\/wp\/v2\/product_cat?post=16480"},{"taxonomy":"product_tag","embeddable":true,"href":"https:\/\/adequat.eu\/fr-be\/wp-json\/wp\/v2\/product_tag?post=16480"}],"curies":[{"name":"wp","href":"https:\/\/api.w.org\/{rel}","templated":true}]}}