{"id":16578,"date":"2025-09-11T15:20:58","date_gmt":"2025-09-11T13:20:58","guid":{"rendered":"https:\/\/adequat.eu\/fr-be\/?post_type=product&#038;p=16578"},"modified":"2026-02-17T17:32:26","modified_gmt":"2026-02-17T16:32:26","slug":"piquets-carres-en-chataignier-aux-aretes-arrondies-o-8-cm","status":"publish","type":"product","link":"https:\/\/adequat.eu\/fr-be\/product\/piquets\/piquets-en-chataignier\/piquets-carres-en-chataignier-aux-aretes-arrondies-o-8-cm\/","title":{"rendered":"Piquets carr\u00e9s en ch\u00e2taignier aux ar\u00eates arrondies \u00d8 8 cm"},"content":{"rendered":"<h2 data-start=\"52\" data-end=\"108\">Piquets carr\u00e9s en ch\u00e2taignier aux ar\u00eates arrondies<\/h2>\n<p data-start=\"110\" data-end=\"397\">Ces piquets en ch\u00e2taignier \u00e0 quatre faces sci\u00e9es et aux ar\u00eates arrondies pr\u00e9sentent un diam\u00e8tre de 8 cm , mesur\u00e9 en diagonale. Ils sont parfaitement adapt\u00e9s \u00e0 l&rsquo;installation de nos \u00e9crans de jardin. Gr\u00e2ce aux faces plates, les \u00e9crans peuvent facilement \u00eatre fix\u00e9s \u00e0 l&rsquo;aide de vis.<\/p>\n<p data-start=\"399\" data-end=\"809\">Ces piquets de 150 cm de longeur sont point\u00e9s par d\u00e9faut et conviennent particuli\u00e8rement aux \u00e9crans brise-vue de faible hauteur. La face plate offre un meilleur soutien qu&rsquo;un piquet rond.<\/p>\n<p data-start=\"811\" data-end=\"912\">Vous pr\u00e9f\u00e9rez des piquets ronds ? Pas de souci, nous en avons aussi !<\/p>\n<p data-start=\"832\" data-end=\"1091\" data-is-only-node=\"\" data-is-last-node=\"\">\n","protected":false},"excerpt":{"rendered":"<p>Piquets carr\u00e9s en ch\u00e2taignier aux ar\u00eates arrondies Ces piquets en ch\u00e2taignier \u00e0 quatre faces sci\u00e9es et aux ar\u00eates arrondies pr\u00e9sentent un diam\u00e8tre de 8 cm&#8230;<\/p>\n","protected":false},"featured_media":15588,"comment_status":"closed","ping_status":"closed","template":"","meta":{"_acf_changed":false,"inline_featured_image":false,"_trash_the_other_posts":false,"ep_exclude_from_search":false,"iawp_total_views":12,"editor_notices":[]},"product_brand":[],"product_cat":[112,111],"product_tag":[],"class_list":{"0":"post-16578","1":"product","2":"type-product","3":"status-publish","4":"has-post-thumbnail","6":"product_cat-piquets-en-chataignier","7":"product_cat-piquets","9":"first","10":"instock","11":"shipping-taxable","12":"purchasable","13":"product-type-variable","14":"has-default-attributes"},"composite_virtual":false,"composite_layout":"","composite_add_to_cart_form_location":"","composite_editable_in_cart":false,"composite_sold_individually_context":"","composite_shop_price_calc":"","composite_components":[],"composite_scenarios":[],"acf":[],"_links":{"self":[{"href":"https:\/\/adequat.eu\/fr-be\/wp-json\/wp\/v2\/product\/16578","targetHints":{"allow":["GET"]}}],"collection":[{"href":"https:\/\/adequat.eu\/fr-be\/wp-json\/wp\/v2\/product"}],"about":[{"href":"https:\/\/adequat.eu\/fr-be\/wp-json\/wp\/v2\/types\/product"}],"replies":[{"embeddable":true,"href":"https:\/\/adequat.eu\/fr-be\/wp-json\/wp\/v2\/comments?post=16578"}],"wp:featuredmedia":[{"embeddable":true,"href":"https:\/\/adequat.eu\/fr-be\/wp-json\/wp\/v2\/media\/15588"}],"wp:attachment":[{"href":"https:\/\/adequat.eu\/fr-be\/wp-json\/wp\/v2\/media?parent=16578"}],"wp:term":[{"taxonomy":"product_brand","embeddable":true,"href":"https:\/\/adequat.eu\/fr-be\/wp-json\/wp\/v2\/product_brand?post=16578"},{"taxonomy":"product_cat","embeddable":true,"href":"https:\/\/adequat.eu\/fr-be\/wp-json\/wp\/v2\/product_cat?post=16578"},{"taxonomy":"product_tag","embeddable":true,"href":"https:\/\/adequat.eu\/fr-be\/wp-json\/wp\/v2\/product_tag?post=16578"}],"curies":[{"name":"wp","href":"https:\/\/api.w.org\/{rel}","templated":true}]}}