{"id":5714,"date":"2017-05-09T07:11:26","date_gmt":"2017-05-09T05:11:26","guid":{"rendered":"https:\/\/adequat.eu\/fr\/product\/ganivelle-francaise-50-cm-hauteur\/"},"modified":"2026-03-10T09:19:11","modified_gmt":"2026-03-10T08:19:11","slug":"ganivelle-francaise-50-cm-hauteur","status":"publish","type":"product","link":"https:\/\/adequat.eu\/fr-be\/product\/clotures\/ganivelle-francais\/ganivelle-francaise-50-cm-hauteur\/","title":{"rendered":"Ganivelle fran\u00e7aise 50 cm de hauteur"},"content":{"rendered":"<ul>\n<li>Ganivelle fran\u00e7aise 50 cm de hauteur, aussi connue sous le nom de cl\u00f4ture ou treillage en ch\u00e2taignier, avec une distance entre les lattes de 2 cm, 4 cm, 6 cm, 8 cm ou 10 cm. Cette cl\u00f4ture en ch\u00e2taignier est livr\u00e9e en rouleau de 5 m\u00e8tres ou de 10 m\u00e8tres.<\/li>\n<li>Pour les cl\u00f4tures de 50 cm de hauteur, nous utilisons <a href=\"https:\/\/adequat.eu\/fr-be\/product\/piquets\/piquets-en-chataignier\/piquet-en-chataignier-o-79-cm\/\">des piquets de \u00f8 7\/9<\/a> avec une longueur de 125 cm. Nous conseillons de mettre un piquet tous les deux m\u00e8tres. Pour les points de d\u00e9part et d\u2019arriv\u00e9e et pour les angles vous pouvez aussi utiliser \u00f8 7\/9 125 cm. Pour plus de solidit\u00e9, choisissez les exemplaires les plus gros. Si vous placez les piquets dans de la terre tr\u00e8s meuble, vous pouvez envisager d\u2019\u00e9tayer les points de d\u00e9part et d\u2019arriv\u00e9e et les angles. Dans ce cas vous avez besoin pour le piquet de d\u00e9part, d\u2019arriv\u00e9e et ceux des angles, de deux piquets de \u00f8 7\/9 125 cm. Bien s\u00fbr cela d\u00e9pend aussi de vos pr\u00e9f\u00e9rences personnelles et des conditions.<\/li>\n<\/ul>\n<h2>Informations utiles la cl\u00f4ture en ch\u00e2taignier de 50 cm<\/h2>\n<ul>\n<li>Le fil de fer qui a \u00e9t\u00e9 utilis\u00e9 est de haute qualit\u00e9 (1,8 mm) et galvanis\u00e9. Il ne rouillera pas. Il est facile de raccorder les bobines ! \u00c0 la minute 1.20 <a href=\"https:\/\/adequat.eu\/fr-be\/videos-dinstallation\/ganivelle-videos-dinstallation\/video-dinstallation-cloture-ganivelle-en-chataignier-francais\/\">de la vid\u00e9o<\/a>, on vous dira exactement comment faire.<\/li>\n<li>Si une latte se casse, vous pouvez facilement la remplacer vous-m\u00eame.<\/li>\n<li>La cl\u00f4ture de 50 cm de haut est souvent utilis\u00e9e pour cl\u00f4turer les bordures et les parterres de fleurs.<\/li>\n<li>Le bois de ch\u00e2taignier est naturellement prot\u00e9g\u00e9 contre l&rsquo;humidit\u00e9 et la moisissure. Vous n&rsquo;avez donc pas besoin de le traiter et vous ne risquez pas que des substances toxiques polluent votre sol.<\/li>\n<li>La cl\u00f4ture fran\u00e7aise ou la cl\u00f4ture en ch\u00e2taignier de 50 cm de haut est flexible et suit facilement les contours de votre jardin.<\/li>\n<li>Nous vous recommandons de fixer la cl\u00f4ture au poteau avec des <a href=\"https:\/\/adequat.eu\/fr-be\/product\/installation-fr\/materiel-dassemblage\/vis-en-acier-inoxydable-en-differentes-dimensions-embout-inclu\/\"><u>vis en acier inoxydable 4,5 x 60 mm <\/u><\/a>. De cette mani\u00e8re, vous fixez la cl\u00f4ture contre le poteau et il n&rsquo;y a aucun risque que la cl\u00f4ture soit \u00ab\u00a0suspendue\u00a0\u00bb. Vous garderez du mou. Si vous pr\u00e9f\u00e9rez toujours utiliser des agrafes, utilisez des agrafes en acier inoxydable ou galvanis\u00e9es. L&rsquo;acide tannique pr\u00e9sent dans le bois corrode le m\u00e9tal et peut provoquer des taches noires.<\/li>\n<li>Vous avez le choix de l&rsquo;espacement des lattes \u00e0 cette hauteur, autrement dit la distance entre les barreaux de la cl\u00f4ture, mesur\u00e9e du premier enroulement du fil de fer au dernier. L&rsquo;espace entre deux lattes sera donc toujours un peu plus grand (environ 1,5 \u00e0 2 cm de plus que l&rsquo;espacement indiqu\u00e9 entre les lattes). Comme il s&rsquo;agit de lattes form\u00e9es naturellement, l&rsquo;espacement des lattes ne sera pas toujours exactement le m\u00eame.<\/li>\n<\/ul>\n<div id='gallery-1' class='gallery galleryid-5714 gallery-columns-3 gallery-size-thumbnail'><figure class='gallery-item'>\n\t\t\t<div class='gallery-icon portrait'>\n\t\t\t\t<a href='https:\/\/adequat.eu\/fr-be\/wp-content\/uploads\/sites\/6\/2020\/12\/lat-afstand-rotated.jpg'><img decoding=\"async\" width=\"150\" height=\"150\" src=\"https:\/\/adequat.eu\/fr-be\/wp-content\/uploads\/sites\/6\/2020\/12\/lat-afstand-150x150.jpg\" class=\"attachment-thumbnail size-thumbnail\" alt=\"L&#039;enroulement du fil est d&#039;environ 4 cm (espacement des lattes de 4 cm)\" aria-describedby=\"gallery-1-7630\" srcset=\"https:\/\/adequat.eu\/fr-be\/wp-content\/uploads\/sites\/6\/2020\/12\/lat-afstand-150x150.jpg 150w, https:\/\/adequat.eu\/fr-be\/wp-content\/uploads\/sites\/6\/2020\/12\/lat-afstand-100x100.jpg 100w\" sizes=\"(max-width: 150px) 100vw, 150px\" \/><\/a>\n\t\t\t<\/div>\n\t\t\t\t<figcaption class='wp-caption-text gallery-caption' id='gallery-1-7630'>\n\t\t\t\tL&rsquo;enroulement du fil est d&rsquo;environ 4 cm (espacement des lattes de 4 cm)\n\t\t\t\t<\/figcaption><\/figure><figure class='gallery-item'>\n\t\t\t<div class='gallery-icon portrait'>\n\t\t\t\t<a href='https:\/\/adequat.eu\/fr-be\/wp-content\/uploads\/sites\/6\/2020\/12\/lat-afstand-wikkeling-rotated.jpg'><img decoding=\"async\" width=\"150\" height=\"150\" src=\"https:\/\/adequat.eu\/fr-be\/wp-content\/uploads\/sites\/6\/2020\/12\/lat-afstand-wikkeling-150x150.jpg\" class=\"attachment-thumbnail size-thumbnail\" alt=\"La distance entre les lattes est d&#039;environ 5,5 cm\" aria-describedby=\"gallery-1-7629\" srcset=\"https:\/\/adequat.eu\/fr-be\/wp-content\/uploads\/sites\/6\/2020\/12\/lat-afstand-wikkeling-150x150.jpg 150w, https:\/\/adequat.eu\/fr-be\/wp-content\/uploads\/sites\/6\/2020\/12\/lat-afstand-wikkeling-100x100.jpg 100w\" sizes=\"(max-width: 150px) 100vw, 150px\" \/><\/a>\n\t\t\t<\/div>\n\t\t\t\t<figcaption class='wp-caption-text gallery-caption' id='gallery-1-7629'>\n\t\t\t\tLa distance entre les lattes est d&rsquo;environ 5,5 cm\n\t\t\t\t<\/figcaption><\/figure>\n\t\t<\/div>\n\n<h2>Installation d&rsquo;une cl\u00f4ture en ch\u00e2taignier<\/h2>\n<ul>\n<li>Si vous venez r\u00e9cup\u00e9rer vous-m\u00eame votre commande chez nous, vous b\u00e9n\u00e9ficierez d&rsquo;une r\u00e9duction de 7 %. Il faut cependant vous assurer que la cl\u00f4ture tienne dans votre voiture. Nous avons rassembl\u00e9 pour vous quelques <a href=\"https:\/\/adequat.eu\/fr-be\/general\/recuperer-votre-commande\/\">tailles, sp\u00e9cifications et photos<\/a>.<\/li>\n<li>Une cl\u00f4ture ganivelle d&rsquo;une hauteur de 50 cm a \u00e9t\u00e9 utilis\u00e9e dans ces <a href=\"https:\/\/adequat.eu\/fr-be\/projets\/ganivelle\/projets-ganivelle-50-cm-hauteur\/\">projets<\/a>.<\/li>\n<li>Si vous souhaitez calculer la quantit\u00e9 de cl\u00f4ture ganivelle dont vous avez besoin, veuillez remplir <a href=\"https:\/\/adequat.eu\/fr-be\/assemblez-votre-cloture\/\">l\u2019assistant de produit<\/a>.<\/li>\n<\/ul>\n","protected":false},"excerpt":{"rendered":"<p>Ganivelle fran\u00e7aise 50 cm de hauteur, aussi connue sous le nom de cl\u00f4ture ou treillage en ch\u00e2taignier, avec une distance entre les lattes de 2&#8230;<\/p>\n","protected":false},"featured_media":5715,"comment_status":"closed","ping_status":"closed","template":"","meta":{"_acf_changed":false,"inline_featured_image":false,"_trash_the_other_posts":false,"ep_exclude_from_search":false,"iawp_total_views":296,"editor_notices":[]},"product_brand":[],"product_cat":[79,78],"product_tag":[339],"class_list":{"0":"post-5714","1":"product","2":"type-product","3":"status-publish","4":"has-post-thumbnail","6":"product_cat-ganivelle-francais","7":"product_cat-clotures","8":"product_tag-google-shopping","10":"first","11":"instock","12":"shipping-taxable","13":"purchasable","14":"product-type-variable","15":"has-default-attributes"},"composite_virtual":false,"composite_layout":"","composite_add_to_cart_form_location":"","composite_editable_in_cart":false,"composite_sold_individually_context":"","composite_shop_price_calc":"","composite_components":[],"composite_scenarios":[],"acf":[],"_links":{"self":[{"href":"https:\/\/adequat.eu\/fr-be\/wp-json\/wp\/v2\/product\/5714","targetHints":{"allow":["GET"]}}],"collection":[{"href":"https:\/\/adequat.eu\/fr-be\/wp-json\/wp\/v2\/product"}],"about":[{"href":"https:\/\/adequat.eu\/fr-be\/wp-json\/wp\/v2\/types\/product"}],"replies":[{"embeddable":true,"href":"https:\/\/adequat.eu\/fr-be\/wp-json\/wp\/v2\/comments?post=5714"}],"wp:featuredmedia":[{"embeddable":true,"href":"https:\/\/adequat.eu\/fr-be\/wp-json\/wp\/v2\/media\/5715"}],"wp:attachment":[{"href":"https:\/\/adequat.eu\/fr-be\/wp-json\/wp\/v2\/media?parent=5714"}],"wp:term":[{"taxonomy":"product_brand","embeddable":true,"href":"https:\/\/adequat.eu\/fr-be\/wp-json\/wp\/v2\/product_brand?post=5714"},{"taxonomy":"product_cat","embeddable":true,"href":"https:\/\/adequat.eu\/fr-be\/wp-json\/wp\/v2\/product_cat?post=5714"},{"taxonomy":"product_tag","embeddable":true,"href":"https:\/\/adequat.eu\/fr-be\/wp-json\/wp\/v2\/product_tag?post=5714"}],"curies":[{"name":"wp","href":"https:\/\/api.w.org\/{rel}","templated":true}]}}