{"id":5782,"date":"2015-05-30T10:05:21","date_gmt":"2015-05-30T08:05:21","guid":{"rendered":"https:\/\/adequat.eu\/fr\/product\/rail-rond-en-chataignier\/"},"modified":"2026-03-31T23:08:21","modified_gmt":"2026-03-31T21:08:21","slug":"rail-rond-en-chataignier","status":"publish","type":"product","link":"https:\/\/adequat.eu\/fr-be\/product\/clotures\/post-et-rail\/rail-rond-en-chataignier\/","title":{"rendered":"Rail rond en ch\u00e2taignier"},"content":{"rendered":"<p>Le rail de ch\u00e2taignier rond est un rail \u00e9corc\u00e9, appel\u00e9 aussi poutre, d&rsquo;un diam\u00e8tre de 7\/10 centim\u00e8tres. Le rail mesure environ 295 centim\u00e8tres de long, mais comme il est partiellement ins\u00e9r\u00e9 dans le poteau (vertical) sur deux c\u00f4t\u00e9s, la longueur effective est de 265 centim\u00e8tres.<\/p>\n<p>Ce rail en ch\u00e2taignier fait partie de notre cl\u00f4ture nationale Post &amp; Rail. Cette cl\u00f4ture robuste sert principalement \u00e0 cl\u00f4turer les prairies et les p\u00e2turages. Le rail est disponible en deux versions : <a href=\"https:\/\/adequat.eu\/fr-be\/product\/clotures\/post-et-rail\/rail-en-chataignier\/\">l\u2019un\u00a0<u>sci\u00e9 \u00bc<\/u><\/a>\u00a0 (traditionnel) et l&rsquo;autre en version ronde. En haut \u00e0 droite du site, vous trouverez un outil pratique <a href=\"https:\/\/adequat.eu\/fr-be\/assemblez-votre-cloture\/\"><u>&lsquo;Assemblez votre cl\u00f4ture&rsquo;<\/u><\/a>\u00a0qui calcule exactement ce dont vous avez besoin en mati\u00e8re de rails selon votre situation.<\/p>\n<h2>Installation d&rsquo;un rail rond de ch\u00e2taignier<\/h2>\n<p>Vous pouvez voir ici <a href=\"https:\/\/adequat.eu\/fr-be\/projets\/post-rail\/projet-post-rail-lisses-rondes-en-chataignier\/\">des\u00a0<u>projets<\/u><\/a>\u00a0dans lesquels le rail de ch\u00e2taignier a \u00e9t\u00e9 utilis\u00e9.<\/p>\n","protected":false},"excerpt":{"rendered":"<p>Le rail de ch\u00e2taignier rond est un rail \u00e9corc\u00e9, appel\u00e9 aussi poutre, d&rsquo;un diam\u00e8tre de 7\/10 centim\u00e8tres. Le rail mesure environ 295 centim\u00e8tres de long,&#8230;<\/p>\n","protected":false},"featured_media":5783,"comment_status":"closed","ping_status":"closed","template":"","meta":{"_acf_changed":false,"inline_featured_image":false,"_trash_the_other_posts":false,"ep_exclude_from_search":false,"iawp_total_views":31,"editor_notices":[]},"product_brand":[],"product_cat":[85,568,555,78,554,560],"product_tag":[],"class_list":{"0":"post-5782","1":"product","2":"type-product","3":"status-publish","4":"has-post-thumbnail","6":"product_cat-post-et-rail","7":"product_cat-cloture-post-et-rail-chataignier","8":"product_cat-cloture-pour-alpagas","9":"product_cat-clotures","10":"product_cat-clotures-pour-animaux","11":"product_cat-clotures-pour-chevaux","13":"first","14":"instock","15":"shipping-taxable","16":"purchasable","17":"product-type-simple"},"composite_virtual":false,"composite_layout":"","composite_add_to_cart_form_location":"","composite_editable_in_cart":false,"composite_sold_individually_context":"","composite_shop_price_calc":"","composite_components":[],"composite_scenarios":[],"acf":[],"_links":{"self":[{"href":"https:\/\/adequat.eu\/fr-be\/wp-json\/wp\/v2\/product\/5782","targetHints":{"allow":["GET"]}}],"collection":[{"href":"https:\/\/adequat.eu\/fr-be\/wp-json\/wp\/v2\/product"}],"about":[{"href":"https:\/\/adequat.eu\/fr-be\/wp-json\/wp\/v2\/types\/product"}],"replies":[{"embeddable":true,"href":"https:\/\/adequat.eu\/fr-be\/wp-json\/wp\/v2\/comments?post=5782"}],"wp:featuredmedia":[{"embeddable":true,"href":"https:\/\/adequat.eu\/fr-be\/wp-json\/wp\/v2\/media\/5783"}],"wp:attachment":[{"href":"https:\/\/adequat.eu\/fr-be\/wp-json\/wp\/v2\/media?parent=5782"}],"wp:term":[{"taxonomy":"product_brand","embeddable":true,"href":"https:\/\/adequat.eu\/fr-be\/wp-json\/wp\/v2\/product_brand?post=5782"},{"taxonomy":"product_cat","embeddable":true,"href":"https:\/\/adequat.eu\/fr-be\/wp-json\/wp\/v2\/product_cat?post=5782"},{"taxonomy":"product_tag","embeddable":true,"href":"https:\/\/adequat.eu\/fr-be\/wp-json\/wp\/v2\/product_tag?post=5782"}],"curies":[{"name":"wp","href":"https:\/\/api.w.org\/{rel}","templated":true}]}}