{"id":5811,"date":"2015-02-21T12:09:47","date_gmt":"2015-02-21T11:09:47","guid":{"rendered":"https:\/\/adequat.eu\/fr\/product\/rail-en-chataignier\/"},"modified":"2026-03-31T23:14:23","modified_gmt":"2026-03-31T21:14:23","slug":"rail-en-chataignier","status":"publish","type":"product","link":"https:\/\/adequat.eu\/fr-be\/product\/clotures\/post-et-rail\/rail-en-chataignier\/","title":{"rendered":"Rail en ch\u00e2taignier traditionnel sci\u00e9 \u00e0 1\/4"},"content":{"rendered":"<p>Le rail de ch\u00e2taignier sci\u00e9 traditionnellement \u00e0 1\/4 est un rail de ch\u00e2taignier \u00e9corc\u00e9 \u00e0 partir d&rsquo;un poteau de 14\/16 cm de diam\u00e8tre. Le rail a une forme triangulaire. Il mesure environ 295 centim\u00e8tres de long, mais comme il est partiellement ins\u00e9r\u00e9 dans le poteau sur deux c\u00f4t\u00e9s, la longueur effective est de 265 centim\u00e8tres.<\/p>\n<p>Ce rail fait partie de notre cl\u00f4ture Post &amp; Rail. La cl\u00f4ture est originaire d&rsquo;Angleterre et est connue pour son caract\u00e8re rural. Nous vendons des Post &amp; Rail de bonne qualit\u00e9, en les fabriquant traditionnellement \u00e0 partir de bois de ch\u00e2taignier. Le rail (traverse) est disponible en deux versions: <a href=\"https:\/\/adequat.eu\/fr-be\/product\/clotures\/post-et-rail\/rail-rond-en-chataignier\/\">la variante ronde<\/a> et la version traditionnelle sci\u00e9e \u00e0 1\/4. En haut \u00e0 droite du site, vous trouverez un outil pratique <a href=\"https:\/\/adequat.eu\/fr-be\/assemblez-votre-cloture\/\"><u>&lsquo;Assemblez votre cl\u00f4ture&rsquo;<\/u><\/a>. Cet outil calcule exactement les rails dont vous avez besoin selon votre situation.<\/p>\n<h2>Installation rail en bois de ch\u00e2taignier sci\u00e9 \u00e0 1\/4<\/h2>\n<p>Cliquez ici pour voir <a href=\"https:\/\/adequat.eu\/fr-be\/projets\/post-rail\/projet-post-rail-lisse-dun-quart-en-chataignier\/\">des\u00a0<u>projets<\/u><\/a>\u00a0dans lesquels nous avons traditionnellement utilis\u00e9 ce rail en ch\u00e2taignier sci\u00e9 \u00e0 1\/4.<\/p>\n","protected":false},"excerpt":{"rendered":"<p>Le rail de ch\u00e2taignier sci\u00e9 traditionnellement \u00e0 1\/4 est un rail de ch\u00e2taignier \u00e9corc\u00e9 \u00e0 partir d&rsquo;un poteau de 14\/16 cm de diam\u00e8tre. Le rail&#8230;<\/p>\n","protected":false},"featured_media":5812,"comment_status":"closed","ping_status":"closed","template":"","meta":{"_acf_changed":false,"inline_featured_image":false,"_trash_the_other_posts":false,"ep_exclude_from_search":false,"iawp_total_views":95,"editor_notices":[]},"product_brand":[],"product_cat":[85,568,555,78,554,560],"product_tag":[],"class_list":{"0":"post-5811","1":"product","2":"type-product","3":"status-publish","4":"has-post-thumbnail","6":"product_cat-post-et-rail","7":"product_cat-cloture-post-et-rail-chataignier","8":"product_cat-cloture-pour-alpagas","9":"product_cat-clotures","10":"product_cat-clotures-pour-animaux","11":"product_cat-clotures-pour-chevaux","13":"first","14":"instock","15":"shipping-taxable","16":"purchasable","17":"product-type-simple"},"composite_virtual":false,"composite_layout":"","composite_add_to_cart_form_location":"","composite_editable_in_cart":false,"composite_sold_individually_context":"","composite_shop_price_calc":"","composite_components":[],"composite_scenarios":[],"acf":[],"_links":{"self":[{"href":"https:\/\/adequat.eu\/fr-be\/wp-json\/wp\/v2\/product\/5811","targetHints":{"allow":["GET"]}}],"collection":[{"href":"https:\/\/adequat.eu\/fr-be\/wp-json\/wp\/v2\/product"}],"about":[{"href":"https:\/\/adequat.eu\/fr-be\/wp-json\/wp\/v2\/types\/product"}],"replies":[{"embeddable":true,"href":"https:\/\/adequat.eu\/fr-be\/wp-json\/wp\/v2\/comments?post=5811"}],"wp:featuredmedia":[{"embeddable":true,"href":"https:\/\/adequat.eu\/fr-be\/wp-json\/wp\/v2\/media\/5812"}],"wp:attachment":[{"href":"https:\/\/adequat.eu\/fr-be\/wp-json\/wp\/v2\/media?parent=5811"}],"wp:term":[{"taxonomy":"product_brand","embeddable":true,"href":"https:\/\/adequat.eu\/fr-be\/wp-json\/wp\/v2\/product_brand?post=5811"},{"taxonomy":"product_cat","embeddable":true,"href":"https:\/\/adequat.eu\/fr-be\/wp-json\/wp\/v2\/product_cat?post=5811"},{"taxonomy":"product_tag","embeddable":true,"href":"https:\/\/adequat.eu\/fr-be\/wp-json\/wp\/v2\/product_tag?post=5811"}],"curies":[{"name":"wp","href":"https:\/\/api.w.org\/{rel}","templated":true}]}}