{"id":5857,"date":"2015-02-16T09:05:12","date_gmt":"2015-02-16T08:05:12","guid":{"rendered":"https:\/\/adequat.eu\/fr\/product\/post-en-chataignier-2-niveaux-rond\/"},"modified":"2026-03-31T23:02:33","modified_gmt":"2026-03-31T21:02:33","slug":"post-en-chataignier-2-niveaux-rond","status":"publish","type":"product","link":"https:\/\/adequat.eu\/fr-be\/product\/clotures\/post-et-rail\/post-en-chataignier-2-niveaux-rond\/","title":{"rendered":"Piquet en ch\u00e2taignier 2 niveaux rond"},"content":{"rendered":"<p>Le piquet en ch\u00e2taignier 2 niveaux rond est un poteau rond en ch\u00e2taignier d&rsquo;une longueur de 200 centim\u00e8tres. Il s&rsquo;enfonce de 80 cm dans la terre lors du placement; la longueur effective est donc de 120 centim\u00e8tres. Le ch\u00e2taignier est une essence de bois durable et n\u2019a pas besoin d\u2019entretien. Le piquet en ch\u00e2taignier fait partie de notre cl\u00f4ture Post &amp; Rail. Cette cl\u00f4ture est souvent utilis\u00e9e pour des pr\u00e9s ou des p\u00e2turages. Ces piquets sont \u00e9galement disponibles en <a href=\"https:\/\/adequat.eu\/fr-be\/product\/clotures\/post-et-rail\/post-en-robinier-2-niveaux-rond\/\">piquet de niveau 2 en robinier rond<\/a>.<\/p>\n<h2>Placement piquet en ch\u00e2taignier 2 niveaux rond<\/h2>\n<p>Si vous souhaitez calculer le nombre d&rsquo;articles dont vous avez besoin, veuillez remplir <a href=\"https:\/\/adequat.eu\/fr-be\/assemblez-votre-cloture\/\"><u>notre calculateur<\/u><\/a>, sans engagement. Vous pouvez \u00e9galement demander <a href=\"https:\/\/adequat.eu\/fr-be\/devis\/\">un\u00a0<u>devis<\/u><\/a>\u00a0gratuit.<\/p>\n","protected":false},"excerpt":{"rendered":"<p>Le piquet en ch\u00e2taignier 2 niveaux rond est un poteau rond en ch\u00e2taignier d&rsquo;une longueur de 200 centim\u00e8tres. Il s&rsquo;enfonce de 80 cm dans la&#8230;<\/p>\n","protected":false},"featured_media":5858,"comment_status":"closed","ping_status":"closed","template":"","meta":{"_acf_changed":false,"inline_featured_image":false,"_trash_the_other_posts":false,"ep_exclude_from_search":false,"iawp_total_views":13,"editor_notices":[]},"product_brand":[],"product_cat":[85,568,555,78,554,560],"product_tag":[],"class_list":{"0":"post-5857","1":"product","2":"type-product","3":"status-publish","4":"has-post-thumbnail","6":"product_cat-post-et-rail","7":"product_cat-cloture-post-et-rail-chataignier","8":"product_cat-cloture-pour-alpagas","9":"product_cat-clotures","10":"product_cat-clotures-pour-animaux","11":"product_cat-clotures-pour-chevaux","13":"first","14":"instock","15":"shipping-taxable","16":"purchasable","17":"product-type-simple"},"composite_virtual":false,"composite_layout":"","composite_add_to_cart_form_location":"","composite_editable_in_cart":false,"composite_sold_individually_context":"","composite_shop_price_calc":"","composite_components":[],"composite_scenarios":[],"acf":[],"_links":{"self":[{"href":"https:\/\/adequat.eu\/fr-be\/wp-json\/wp\/v2\/product\/5857","targetHints":{"allow":["GET"]}}],"collection":[{"href":"https:\/\/adequat.eu\/fr-be\/wp-json\/wp\/v2\/product"}],"about":[{"href":"https:\/\/adequat.eu\/fr-be\/wp-json\/wp\/v2\/types\/product"}],"replies":[{"embeddable":true,"href":"https:\/\/adequat.eu\/fr-be\/wp-json\/wp\/v2\/comments?post=5857"}],"wp:featuredmedia":[{"embeddable":true,"href":"https:\/\/adequat.eu\/fr-be\/wp-json\/wp\/v2\/media\/5858"}],"wp:attachment":[{"href":"https:\/\/adequat.eu\/fr-be\/wp-json\/wp\/v2\/media?parent=5857"}],"wp:term":[{"taxonomy":"product_brand","embeddable":true,"href":"https:\/\/adequat.eu\/fr-be\/wp-json\/wp\/v2\/product_brand?post=5857"},{"taxonomy":"product_cat","embeddable":true,"href":"https:\/\/adequat.eu\/fr-be\/wp-json\/wp\/v2\/product_cat?post=5857"},{"taxonomy":"product_tag","embeddable":true,"href":"https:\/\/adequat.eu\/fr-be\/wp-json\/wp\/v2\/product_tag?post=5857"}],"curies":[{"name":"wp","href":"https:\/\/api.w.org\/{rel}","templated":true}]}}