{"id":5893,"date":"2016-02-29T10:26:51","date_gmt":"2016-02-29T09:26:51","guid":{"rendered":"https:\/\/adequat.eu\/fr\/product\/post-t-en-chataigner\/"},"modified":"2026-03-31T22:53:34","modified_gmt":"2026-03-31T20:53:34","slug":"post-t-en-chataigner","status":"publish","type":"product","link":"https:\/\/adequat.eu\/fr-be\/product\/clotures\/post-et-rail\/post-t-en-chataigner\/","title":{"rendered":"Piquet T en ch\u00e2taignier 3 niveaux"},"content":{"rendered":"<p>Le piquet T en ch\u00e2taignier 3 niveaux est un piquet rond en ch\u00e2taignier d&rsquo;une longueur d&rsquo;environ 200 centim\u00e8tres. 80 cm s&rsquo;enfoncent dans le sol lorsqu&rsquo;il est plac\u00e9 ; la longueur effective est donc de 120 centim\u00e8tres. Avec ce piquet T en ch\u00e2taignier 3 niveaux, vous pouvez faire une s\u00e9paration sur une ligne droite de votre cl\u00f4ture Post &amp; Rail (si vous voulez faire plusieurs enclos par exemple).<\/p>\n<p>Le ch\u00e2taignier est un type de bois durable qui ne n\u00e9cessite aucun entretien. Le piquet de ch\u00e2taignier fait partie de notre cl\u00f4ture Post &amp; Rail. Cette cl\u00f4ture est souvent utilis\u00e9e comme cl\u00f4ture pour les prairies et les p\u00e2turages des animaux. Ces piquets sont \u00e9galement disponibles\u00a0<a href=\"https:\/\/adequat.eu\/fr-be\/product\/clotures\/post-et-rail\/post-t-en-robinier-3-niveaux\/\"><u>en robinier<\/u><\/a>.<\/p>\n<h2>Combien de piquets T ai-je besoin ?<\/h2>\n<ul>\n<li>Pour calculer le nombre de piquets T n\u00e9cessaires, remplissez <a href=\"https:\/\/adequat.eu\/fr-be\/assemblez-votre-cloture\/\"><u>notre aide au calcul<\/u><\/a>.<\/li>\n<li>Vous pouvez \u00e9galement demander <a href=\"https:\/\/adequat.eu\/fr-be\/devis\/\">un devis<\/a>.<\/li>\n<\/ul>\n","protected":false},"excerpt":{"rendered":"<p>Le piquet T en ch\u00e2taignier 3 niveaux est un piquet rond en ch\u00e2taignier d&rsquo;une longueur d&rsquo;environ 200 centim\u00e8tres. 80 cm s&rsquo;enfoncent dans le sol lorsqu&rsquo;il&#8230;<\/p>\n","protected":false},"featured_media":5890,"comment_status":"closed","ping_status":"closed","template":"","meta":{"_acf_changed":false,"inline_featured_image":false,"_trash_the_other_posts":false,"ep_exclude_from_search":false,"iawp_total_views":0,"editor_notices":[]},"product_brand":[],"product_cat":[85,568,555,78,554,560],"product_tag":[],"class_list":{"0":"post-5893","1":"product","2":"type-product","3":"status-publish","4":"has-post-thumbnail","6":"product_cat-post-et-rail","7":"product_cat-cloture-post-et-rail-chataignier","8":"product_cat-cloture-pour-alpagas","9":"product_cat-clotures","10":"product_cat-clotures-pour-animaux","11":"product_cat-clotures-pour-chevaux","13":"first","14":"instock","15":"shipping-taxable","16":"purchasable","17":"product-type-simple"},"composite_virtual":false,"composite_layout":"","composite_add_to_cart_form_location":"","composite_editable_in_cart":false,"composite_sold_individually_context":"","composite_shop_price_calc":"","composite_components":[],"composite_scenarios":[],"acf":[],"_links":{"self":[{"href":"https:\/\/adequat.eu\/fr-be\/wp-json\/wp\/v2\/product\/5893","targetHints":{"allow":["GET"]}}],"collection":[{"href":"https:\/\/adequat.eu\/fr-be\/wp-json\/wp\/v2\/product"}],"about":[{"href":"https:\/\/adequat.eu\/fr-be\/wp-json\/wp\/v2\/types\/product"}],"replies":[{"embeddable":true,"href":"https:\/\/adequat.eu\/fr-be\/wp-json\/wp\/v2\/comments?post=5893"}],"wp:featuredmedia":[{"embeddable":true,"href":"https:\/\/adequat.eu\/fr-be\/wp-json\/wp\/v2\/media\/5890"}],"wp:attachment":[{"href":"https:\/\/adequat.eu\/fr-be\/wp-json\/wp\/v2\/media?parent=5893"}],"wp:term":[{"taxonomy":"product_brand","embeddable":true,"href":"https:\/\/adequat.eu\/fr-be\/wp-json\/wp\/v2\/product_brand?post=5893"},{"taxonomy":"product_cat","embeddable":true,"href":"https:\/\/adequat.eu\/fr-be\/wp-json\/wp\/v2\/product_cat?post=5893"},{"taxonomy":"product_tag","embeddable":true,"href":"https:\/\/adequat.eu\/fr-be\/wp-json\/wp\/v2\/product_tag?post=5893"}],"curies":[{"name":"wp","href":"https:\/\/api.w.org\/{rel}","templated":true}]}}