{"id":5899,"date":"2016-02-29T10:32:10","date_gmt":"2016-02-29T09:32:10","guid":{"rendered":"https:\/\/adequat.eu\/fr\/product\/post-t-en-robinier-3-niveaux\/"},"modified":"2026-03-31T23:10:13","modified_gmt":"2026-03-31T21:10:13","slug":"post-t-en-robinier-3-niveaux","status":"publish","type":"product","link":"https:\/\/adequat.eu\/fr-be\/product\/clotures\/post-et-rail\/post-t-en-robinier-3-niveaux\/","title":{"rendered":"Piquet T en robinier 3 niveaux"},"content":{"rendered":"<p>Le piquet T en robinier 3 niveaux est un piquet rond en bois de robinier d&rsquo;une longueur d&rsquo;environ 200 centim\u00e8tres. 80 cm s&rsquo;enfoncent dans le sol lorsqu&rsquo;il est plac\u00e9 ; la longueur effective est donc de 120 centim\u00e8tres. Avec ce piquet T en robinier, vous pouvez faire une s\u00e9paration sur une ligne droite de votre cl\u00f4ture Post &amp; Rail (si vous voulez faire plusieurs enclos par exemple).<\/p>\n<p>Le robinier est plus durable que le ch\u00e2taignier et ne n\u00e9cessite aucun entretien. Le bois est plus capricieux que le bois de ch\u00e2taignier. Le piquet de robinier fait partie de notre cl\u00f4ture Post &amp; Rail. Cette cl\u00f4ture est souvent utilis\u00e9e comme cl\u00f4ture pour les prairies et les p\u00e2turages. L&rsquo;\u00e9corce du robinier peut \u00eatre dangereuse pour les chevaux. Ces piquets sont \u00e9galement disponibles <a href=\"https:\/\/adequat.eu\/fr-be\/product\/clotures\/post-et-rail\/post-t-en-chataigner\/\"><u>en ch\u00e2taignier<\/u><\/a>.<\/p>\n<h2>De combien de piquets T en robinier ai-je besoin ?<\/h2>\n<ul>\n<li>Si vous souhaitez calculer le nombre de piquets T dont vous avez besoin, veuillez remplir <a href=\"https:\/\/adequat.eu\/fr-be\/assemblez-votre-cloture\/\"><u>notre calculateur<\/u><\/a>.<\/li>\n<li>Vous pouvez \u00e9galement demander <a href=\"https:\/\/adequat.eu\/fr-be\/devis\/\">un devis<\/a>.<\/li>\n<\/ul>\n","protected":false},"excerpt":{"rendered":"<p>Le piquet T en robinier 3 niveaux est un piquet rond en bois de robinier d&rsquo;une longueur d&rsquo;environ 200 centim\u00e8tres. 80 cm s&rsquo;enfoncent dans le&#8230;<\/p>\n","protected":false},"featured_media":5892,"comment_status":"closed","ping_status":"closed","template":"","meta":{"_acf_changed":false,"inline_featured_image":false,"_trash_the_other_posts":false,"ep_exclude_from_search":false,"iawp_total_views":1,"editor_notices":[]},"product_brand":[],"product_cat":[85,567,78,554],"product_tag":[],"class_list":{"0":"post-5899","1":"product","2":"type-product","3":"status-publish","4":"has-post-thumbnail","6":"product_cat-post-et-rail","7":"product_cat-cloture-post-et-rail-robinier","8":"product_cat-clotures","9":"product_cat-clotures-pour-animaux","11":"first","12":"instock","13":"shipping-taxable","14":"purchasable","15":"product-type-simple"},"composite_virtual":false,"composite_layout":"","composite_add_to_cart_form_location":"","composite_editable_in_cart":false,"composite_sold_individually_context":"","composite_shop_price_calc":"","composite_components":[],"composite_scenarios":[],"acf":[],"_links":{"self":[{"href":"https:\/\/adequat.eu\/fr-be\/wp-json\/wp\/v2\/product\/5899","targetHints":{"allow":["GET"]}}],"collection":[{"href":"https:\/\/adequat.eu\/fr-be\/wp-json\/wp\/v2\/product"}],"about":[{"href":"https:\/\/adequat.eu\/fr-be\/wp-json\/wp\/v2\/types\/product"}],"replies":[{"embeddable":true,"href":"https:\/\/adequat.eu\/fr-be\/wp-json\/wp\/v2\/comments?post=5899"}],"wp:featuredmedia":[{"embeddable":true,"href":"https:\/\/adequat.eu\/fr-be\/wp-json\/wp\/v2\/media\/5892"}],"wp:attachment":[{"href":"https:\/\/adequat.eu\/fr-be\/wp-json\/wp\/v2\/media?parent=5899"}],"wp:term":[{"taxonomy":"product_brand","embeddable":true,"href":"https:\/\/adequat.eu\/fr-be\/wp-json\/wp\/v2\/product_brand?post=5899"},{"taxonomy":"product_cat","embeddable":true,"href":"https:\/\/adequat.eu\/fr-be\/wp-json\/wp\/v2\/product_cat?post=5899"},{"taxonomy":"product_tag","embeddable":true,"href":"https:\/\/adequat.eu\/fr-be\/wp-json\/wp\/v2\/product_tag?post=5899"}],"curies":[{"name":"wp","href":"https:\/\/api.w.org\/{rel}","templated":true}]}}