{"id":6024,"date":"2015-09-14T15:21:40","date_gmt":"2015-09-14T13:21:40","guid":{"rendered":"https:\/\/adequat.eu\/fr\/product\/portail-post-rail-120-cm-droit-2-niveaux\/"},"modified":"2026-04-03T17:00:00","modified_gmt":"2026-04-03T15:00:00","slug":"portail-post-rail-120-cm-droit-2-niveaux","status":"publish","type":"product","link":"https:\/\/adequat.eu\/fr-be\/product\/portails\/portail-post-rail-2-niveaux-chataignier-simple\/","title":{"rendered":"Portail Post &amp; Rail 2 niveaux ch\u00e2taignier simple"},"content":{"rendered":"<ul>\n<li>Fourni avec un lot complet de quincallerie galvanis\u00e9<\/li>\n<\/ul>\n<h2>Sp\u00e9cifications<\/h2>\n<p>La hauteur standard est 120 cm. Le portail est fourni avec un lot de quincallerie galvanis\u00e9 adapt\u00e9 ainsi que des poteaux de portail ronds en ch\u00e2taignier \u00e0 planter dans le sol. Il est possible d&rsquo;\u00e9quiper le portail avec des <a href=\"https:\/\/adequat.eu\/fr-be\/product\/installation-fr\/lattes-en-chataignier\/lattes-en-chataignier-demi-ronde-echalas\/\">lattes en ch\u00e2taignier (\u00e9chalas)<\/a> dans le style du portail fran\u00e7ais en rondins.<\/p>\n<h2>PORTAIL SUR MESURE<\/h2>\n<p>Sur demande, nous pouvons \u00e9galement fabriquer dans notre atelier des portails Post &amp; Rail de diff\u00e9rentes hauteurs et largeurs. N\u2019h\u00e9sitez pas \u00e0 vous <a href=\"https:\/\/adequat.eu\/fr-be\/service-et-contact\/\">renseigner<\/a>.<\/p>\n","protected":false},"excerpt":{"rendered":"<p>Fourni avec un lot complet de quincallerie galvanis\u00e9 Sp\u00e9cifications La hauteur standard est 120 cm. Le portail est fourni avec un lot de quincallerie galvanis\u00e9&#8230;<\/p>\n","protected":false},"featured_media":12395,"comment_status":"closed","ping_status":"closed","template":"","meta":{"_acf_changed":false,"inline_featured_image":false,"_trash_the_other_posts":false,"ep_exclude_from_search":false,"iawp_total_views":17,"editor_notices":[]},"product_brand":[],"product_cat":[97,555,554,209,456,86,472,475,478,481,483,455,462,468],"product_tag":[],"class_list":{"0":"post-6024","1":"product","2":"type-product","3":"status-publish","4":"has-post-thumbnail","6":"product_cat-post-rail","7":"product_cat-cloture-pour-alpagas","8":"product_cat-clotures-pour-animaux","9":"product_cat-chataignier","10":"product_cat-acces","11":"product_cat-portails","12":"product_cat-120-cm","13":"product_cat-150-cm","14":"product_cat-200-cm","15":"product_cat-250-cm","16":"product_cat-300-cm","17":"product_cat-paturage","18":"product_cat-simple","19":"product_cat-sur-mesure","21":"first","22":"instock","23":"shipping-taxable","24":"purchasable","25":"product-type-composite"},"composite_virtual":false,"composite_layout":"single","composite_add_to_cart_form_location":"default","composite_editable_in_cart":false,"composite_sold_individually_context":"product","composite_shop_price_calc":"defaults","composite_components":[{"id":"1771448956","title":"Portail","description":"","query_type":"product_ids","query_ids":[16830],"default_option_id":16830,"thumbnail_id":"","thumbnail_src":"","quantity_min":1,"quantity_max":1,"priced_individually":true,"shipped_individually":false,"optional":false,"discount":"","options_style":"dropdowns","pagination_style":"classic","display_prices":"absolute","show_sorting_options":false,"show_filtering_options":false,"attribute_filter_ids":[],"select_action":"view","product_title_visible":false,"product_descr_visible":false,"product_price_visible":true,"product_thumb_visible":false,"subtotal_visible_product":false,"subtotal_visible_cart":false,"subtotal_visible_orders":false},{"id":"1771448957","title":"Poteaux de portail Post &amp; Rail","description":"","query_type":"product_ids","query_ids":[16829,15699,15700,6382],"default_option_id":"","thumbnail_id":"","thumbnail_src":"","quantity_min":2,"quantity_max":2,"priced_individually":true,"shipped_individually":false,"optional":true,"discount":"","options_style":"radios","pagination_style":"classic","display_prices":"absolute","show_sorting_options":false,"show_filtering_options":false,"attribute_filter_ids":[],"select_action":"view","product_title_visible":false,"product_descr_visible":false,"product_price_visible":true,"product_thumb_visible":false,"subtotal_visible_product":false,"subtotal_visible_cart":false,"subtotal_visible_orders":false}],"composite_scenarios":[],"acf":[],"_links":{"self":[{"href":"https:\/\/adequat.eu\/fr-be\/wp-json\/wp\/v2\/product\/6024","targetHints":{"allow":["GET"]}}],"collection":[{"href":"https:\/\/adequat.eu\/fr-be\/wp-json\/wp\/v2\/product"}],"about":[{"href":"https:\/\/adequat.eu\/fr-be\/wp-json\/wp\/v2\/types\/product"}],"replies":[{"embeddable":true,"href":"https:\/\/adequat.eu\/fr-be\/wp-json\/wp\/v2\/comments?post=6024"}],"wp:featuredmedia":[{"embeddable":true,"href":"https:\/\/adequat.eu\/fr-be\/wp-json\/wp\/v2\/media\/12395"}],"wp:attachment":[{"href":"https:\/\/adequat.eu\/fr-be\/wp-json\/wp\/v2\/media?parent=6024"}],"wp:term":[{"taxonomy":"product_brand","embeddable":true,"href":"https:\/\/adequat.eu\/fr-be\/wp-json\/wp\/v2\/product_brand?post=6024"},{"taxonomy":"product_cat","embeddable":true,"href":"https:\/\/adequat.eu\/fr-be\/wp-json\/wp\/v2\/product_cat?post=6024"},{"taxonomy":"product_tag","embeddable":true,"href":"https:\/\/adequat.eu\/fr-be\/wp-json\/wp\/v2\/product_tag?post=6024"}],"curies":[{"name":"wp","href":"https:\/\/api.w.org\/{rel}","templated":true}]}}