{"id":6034,"date":"2015-08-03T13:15:38","date_gmt":"2015-08-03T11:15:38","guid":{"rendered":"https:\/\/adequat.eu\/fr\/product\/ganivelle-francaise-100-cm-hauteur\/"},"modified":"2026-03-10T09:21:14","modified_gmt":"2026-03-10T08:21:14","slug":"ganivelle-francaise-100-cm-hauteur","status":"publish","type":"product","link":"https:\/\/adequat.eu\/fr-be\/product\/clotures\/ganivelle-francais\/ganivelle-francaise-100-cm-hauteur\/","title":{"rendered":"Ganivelle fran\u00e7aise 100 cm de hauteur"},"content":{"rendered":"<ul>\n<li>Cl\u00f4ture ganivelle fran\u00e7aise de 100 cm de hauteur avec un espacement des lattes de 2 cm, 4 cm, 6 cm, 8 cm ou 10 cm. Cette cl\u00f4ture en ch\u00e2taignier est fournie en rouleaux de 5 m\u00e8tres ou 10 m\u00e8tres (selon le fabricant et le poids de la cl\u00f4ture).<\/li>\n<li>Pour les cl\u00f4tures ganivelles fran\u00e7aises de 100 cm de hauteur, nous utilisons des <a href=\"https:\/\/adequat.eu\/fr-be\/product\/piquets\/piquets-en-chataignier\/piquet-en-chataignier-o-79-cm\/\">piquets de \u00f8 7\/9<\/a> avec une longueur de 175 cm. Nous recommandons d&rsquo;installer un piquet tous les deux m\u00e8tres. Pour les points de d\u00e9part et d&rsquo;arriv\u00e9e et les angles, vous pouvez utiliser des <a href=\"https:\/\/adequat.eu\/fr-be\/product\/piquets\/piquets-en-chataignier\/piquet-en-chataignier-o-1012-cm\/\">piquets \u00f8 10\/12<\/a> 200 cm. Si vous \u00e9rigez des piquets dans un sol tr\u00e8s meuble, vous pouvez envisager de renforcer les points de d\u00e9part et d&rsquo;arriv\u00e9e ainsi que les piquets d&rsquo;angle. Dans ce cas, vous aurez besoin de deux piquets suppl\u00e9mentaires \u00f8 7\/9 150 cm pour chaque piquet \u00f8 10\/12 175 cm. Bien entendu, cela d\u00e9pend de vos pr\u00e9f\u00e9rences et des circonstances.<\/li>\n<\/ul>\n<h2>Informations utiles sur la cl\u00f4ture ganivelle fran\u00e7aise<\/h2>\n<ul>\n<li>Le fil de fer qui a \u00e9t\u00e9 utilis\u00e9 est de grande qualit\u00e9 qualit\u00e9 (1,8 mm) et galvanis\u00e9. Il ne rouillera pas.<\/li>\n<li>Les bobines sont faciles \u00e0 raccorder ! \u00c0 la minute 1.20 <a href=\"https:\/\/adequat.eu\/fr-be\/videos-dinstallation\/ganivelle-videos-dinstallation\/video-dinstallation-cloture-ganivelle-en-chataignier-francais\/\">de la vid\u00e9o<\/a>, on vous dira exactement comment faire.<\/li>\n<li>Si une latte se casse, vous pouvez facilement la remplacer vous-m\u00eame.<\/li>\n<li>Ce gabarit est souvent utilis\u00e9 pour cl\u00f4turer les prairies ou comme barri\u00e8re pour les petits animaux. N&rsquo;oubliez pas qu&rsquo;il y a de l&rsquo;espace entre les lattes, donc selon la taille de l&rsquo;animal , vous pouvez choisir d&rsquo;attacher une toile \u00e0 la cl\u00f4ture.<\/li>\n<li>Ce gabarit est \u00e9galement souvent utilis\u00e9 pour d\u00e9limiter les terrains dangereux (\u00e9tang, piscine, rue) pour les enfants. Dans ce cas, prenez un petit espacement entre les lattes (2 ou 4 cm), afin que les enfants ne puissent pas utiliser la cl\u00f4ture comme escalier !<\/li>\n<li>La cl\u00f4ture ganivelle fran\u00e7aise de 100 cm de hauteur est flexible et convient aux terrains accident\u00e9s.<\/li>\n<li>Nous conseillons de fixer la cl\u00f4ture ganivelle au poteau avec des <a href=\"https:\/\/adequat.eu\/fr-be\/product\/installation-fr\/materiel-dassemblage\/vis-en-acier-inoxydable-en-differentes-dimensions-embout-inclu\/\"><u>vis en acier inoxydable 4,5 x 60 mm<\/u><\/a>. De cette mani\u00e8re, vous fixez la cl\u00f4ture contre le poteau et il n&rsquo;y a pas de risque que la cl\u00f4ture soit \u00ab\u00a0suspendue\u00a0\u00bb. Avec des crampes, vous garderez du mou.<\/li>\n<li>Le bois de ch\u00e2taignier est naturellement prot\u00e9g\u00e9 contre l&rsquo;humidit\u00e9 et la moisissure. Vous n&rsquo;avez pas besoin de le traiter et vous ne courez pas le risque que des substances toxiques contaminent votre sol.<\/li>\n<li>\u00c0 cette hauteur, vous avez le choix d&rsquo;espacement des lattes, autrement dit la distance entre les piquets de la cl\u00f4ture, mesur\u00e9e du premier enroulement du fil de fer au dernier enroulement. L&rsquo;espace entre deux lattes sera donc toujours un peu plus grand (environ 1,5 \u00e0 2 cm de plus que l&rsquo;espacement indiqu\u00e9 entre les lattes). Comme il s&rsquo;agit de lattes form\u00e9es naturellement, l&rsquo;espacement des lattes ne sera pas toujours exactement le m\u00eame.<\/li>\n<\/ul>\n<div id='gallery-1' class='gallery galleryid-6034 gallery-columns-3 gallery-size-thumbnail'><figure class='gallery-item'>\n\t\t\t<div class='gallery-icon portrait'>\n\t\t\t\t<a href='https:\/\/adequat.eu\/fr-be\/wp-content\/uploads\/sites\/6\/2020\/12\/lat-afstand-rotated.jpg'><img decoding=\"async\" width=\"150\" height=\"150\" src=\"https:\/\/adequat.eu\/fr-be\/wp-content\/uploads\/sites\/6\/2020\/12\/lat-afstand-150x150.jpg\" class=\"attachment-thumbnail size-thumbnail\" alt=\"L&#039;enroulement du fil est d&#039;environ 4 cm (espacement des lattes de 4 cm)\" aria-describedby=\"gallery-1-7630\" srcset=\"https:\/\/adequat.eu\/fr-be\/wp-content\/uploads\/sites\/6\/2020\/12\/lat-afstand-150x150.jpg 150w, https:\/\/adequat.eu\/fr-be\/wp-content\/uploads\/sites\/6\/2020\/12\/lat-afstand-100x100.jpg 100w\" sizes=\"(max-width: 150px) 100vw, 150px\" \/><\/a>\n\t\t\t<\/div>\n\t\t\t\t<figcaption class='wp-caption-text gallery-caption' id='gallery-1-7630'>\n\t\t\t\tL&rsquo;enroulement du fil est d&rsquo;environ 4 cm (espacement des lattes de 4 cm)\n\t\t\t\t<\/figcaption><\/figure><figure class='gallery-item'>\n\t\t\t<div class='gallery-icon portrait'>\n\t\t\t\t<a href='https:\/\/adequat.eu\/fr-be\/wp-content\/uploads\/sites\/6\/2020\/12\/lat-afstand-wikkeling-rotated.jpg'><img decoding=\"async\" width=\"150\" height=\"150\" src=\"https:\/\/adequat.eu\/fr-be\/wp-content\/uploads\/sites\/6\/2020\/12\/lat-afstand-wikkeling-150x150.jpg\" class=\"attachment-thumbnail size-thumbnail\" alt=\"La distance entre les lattes est d&#039;environ 5,5 cm\" aria-describedby=\"gallery-1-7629\" srcset=\"https:\/\/adequat.eu\/fr-be\/wp-content\/uploads\/sites\/6\/2020\/12\/lat-afstand-wikkeling-150x150.jpg 150w, https:\/\/adequat.eu\/fr-be\/wp-content\/uploads\/sites\/6\/2020\/12\/lat-afstand-wikkeling-100x100.jpg 100w\" sizes=\"(max-width: 150px) 100vw, 150px\" \/><\/a>\n\t\t\t<\/div>\n\t\t\t\t<figcaption class='wp-caption-text gallery-caption' id='gallery-1-7629'>\n\t\t\t\tLa distance entre les lattes est d&rsquo;environ 5,5 cm\n\t\t\t\t<\/figcaption><\/figure>\n\t\t<\/div>\n\n<h2>Installation d&rsquo;une cl\u00f4ture ganivelle fran\u00e7aise<\/h2>\n<ul>\n<li>Si vous venez r\u00e9cup\u00e9rer vous-m\u00eame votre commande chez nous, vous b\u00e9n\u00e9ficierez d&rsquo;une r\u00e9duction de 7 %. Il faut cependant vous assurer que la cl\u00f4ture tienne dans votre voiture. Nous avons rassembl\u00e9 pour vous quelques <a href=\"https:\/\/adequat.eu\/fr-be\/general\/recuperer-votre-commande\/\">tailles, sp\u00e9cifications et photos<\/a>.<\/li>\n<li>Une cl\u00f4ture ganivelle d&rsquo;une hauteur de 100 cm a \u00e9t\u00e9 utilis\u00e9e dans ces <a href=\"https:\/\/adequat.eu\/fr-be\/projets\/ganivelle\/projets-ganivelle-100-cm-hauteur\/\">projets<\/a>.<\/li>\n<li>Si vous souhaitez calculer la quantit\u00e9 de cl\u00f4ture ganivelle dont vous avez besoin, veuillez remplir <a href=\"https:\/\/adequat.eu\/fr-be\/assemblez-votre-cloture\/\">l\u2019assistant de produit<\/a>.<\/li>\n<\/ul>\n","protected":false},"excerpt":{"rendered":"<p>Cl\u00f4ture ganivelle fran\u00e7aise de 100 cm de hauteur avec un espacement des lattes de 2 cm, 4 cm, 6 cm, 8 cm ou 10 cm&#8230;.<\/p>\n","protected":false},"featured_media":6035,"comment_status":"closed","ping_status":"closed","template":"","meta":{"_acf_changed":false,"inline_featured_image":false,"_trash_the_other_posts":false,"ep_exclude_from_search":false,"iawp_total_views":433,"editor_notices":[]},"product_brand":[],"product_cat":[79,571,562,558,561,78,554,556,559],"product_tag":[339],"class_list":{"0":"post-6034","1":"product","2":"type-product","3":"status-publish","4":"has-post-thumbnail","6":"product_cat-ganivelle-francais","7":"product_cat-cloture-hauteur-100-cm","8":"product_cat-cloture-pour-moutons","9":"product_cat-cloture-pour-poules","10":"product_cat-cloture-pour-volailles","11":"product_cat-clotures","12":"product_cat-clotures-pour-animaux","13":"product_cat-clotures-pour-chiens","14":"product_cat-clotures-pour-lapins","15":"product_tag-google-shopping","17":"first","18":"instock","19":"shipping-taxable","20":"purchasable","21":"product-type-variable","22":"has-default-attributes"},"composite_virtual":false,"composite_layout":"","composite_add_to_cart_form_location":"","composite_editable_in_cart":false,"composite_sold_individually_context":"","composite_shop_price_calc":"","composite_components":[],"composite_scenarios":[],"acf":[],"_links":{"self":[{"href":"https:\/\/adequat.eu\/fr-be\/wp-json\/wp\/v2\/product\/6034","targetHints":{"allow":["GET"]}}],"collection":[{"href":"https:\/\/adequat.eu\/fr-be\/wp-json\/wp\/v2\/product"}],"about":[{"href":"https:\/\/adequat.eu\/fr-be\/wp-json\/wp\/v2\/types\/product"}],"replies":[{"embeddable":true,"href":"https:\/\/adequat.eu\/fr-be\/wp-json\/wp\/v2\/comments?post=6034"}],"wp:featuredmedia":[{"embeddable":true,"href":"https:\/\/adequat.eu\/fr-be\/wp-json\/wp\/v2\/media\/6035"}],"wp:attachment":[{"href":"https:\/\/adequat.eu\/fr-be\/wp-json\/wp\/v2\/media?parent=6034"}],"wp:term":[{"taxonomy":"product_brand","embeddable":true,"href":"https:\/\/adequat.eu\/fr-be\/wp-json\/wp\/v2\/product_brand?post=6034"},{"taxonomy":"product_cat","embeddable":true,"href":"https:\/\/adequat.eu\/fr-be\/wp-json\/wp\/v2\/product_cat?post=6034"},{"taxonomy":"product_tag","embeddable":true,"href":"https:\/\/adequat.eu\/fr-be\/wp-json\/wp\/v2\/product_tag?post=6034"}],"curies":[{"name":"wp","href":"https:\/\/api.w.org\/{rel}","templated":true}]}}