{"id":6119,"date":"2015-08-05T11:16:55","date_gmt":"2015-08-05T09:16:55","guid":{"rendered":"https:\/\/adequat.eu\/fr\/product\/ganivelle-francaise-200-cm-hauteur\/"},"modified":"2026-03-10T09:25:21","modified_gmt":"2026-03-10T08:25:21","slug":"ganivelle-francaise-200-cm-hauteur","status":"publish","type":"product","link":"https:\/\/adequat.eu\/fr-be\/product\/clotures\/ganivelle-francais\/ganivelle-francaise-200-cm-hauteur\/","title":{"rendered":"Ganivelle fran\u00e7aise 200 cm de hauteur"},"content":{"rendered":"<ul>\n<li>Cl\u00f4ture ganivelle fran\u00e7aise de 200 cm de haut, \u00e9galement appel\u00e9e cl\u00f4ture en treillis, avec un espacement des lattes de 2 cm, 4 cm, 6 cm, 8 cm ou 10 cm. Cette cl\u00f4ture en ch\u00e2taignier est fournie en rouleaux de 3 m\u00e8tres (espacement des lattes de 2 cm), 5 m\u00e8tres ou 10 m\u00e8tres (cela d\u00e9pend du fabricant et du poids de la cl\u00f4ture).<\/li>\n<li>Le d\u00e9lai de livraison de ce produit peut \u00eatre un peu plus long que celui des cl\u00f4tures de taille inf\u00e9rieure. Seuls 10 % du bois sont adapt\u00e9s \u00e0 la fabrication de lattes plus longues. Nous vous informerons sur nos d\u00e9lais de livraison actuels.<\/li>\n<li>La cl\u00f4ture de 200 cm et la distance de 2 cm se trouvent sur des rouleaux de 3 m\u00e8tres et ne peuvent pas \u00eatre achet\u00e9s en petites quantit\u00e9s.<\/li>\n<li>Pour les cl\u00f4tures en bois fran\u00e7aises de 200 cm de hauteur, nous utilisons\u00a0 des <a href=\"https:\/\/adequat.eu\/fr-be\/product\/piquets\/piquets-en-chataignier\/piquet-en-chataignier-o-79-cm\/\">piquets de \u00f8 7\/9<\/a> avec une longueur de 300 cm. Nous recommandons de placer un piquet tous les 100 cm.<\/li>\n<li>Vous pouvez utiliser des <a href=\"https:\/\/adequat.eu\/fr-be\/product\/piquets\/piquets-en-chataignier\/piquet-en-chataignier-o-1012-cm\/\">piquets \u00f8 10\/12<\/a> 300 cm\u00a0pour les points de d\u00e9part et d&rsquo;arriv\u00e9e et les angles.<\/li>\n<li>Si vous \u00e9rigez des piquets dans un sol tr\u00e8s meuble, vous pouvez envisager de renforcer les points de d\u00e9part et d&rsquo;arriv\u00e9e et les piquets d&rsquo;angle. Dans ce cas, vous aurez besoin de deux piquets suppl\u00e9mentaires \u00f8 7\/9 300 cm par piquet \u00f8 10\/12 300 cm.<\/li>\n<\/ul>\n<h2>Informations utiles sur la cl\u00f4ture ganivelle 200 cm<\/h2>\n<ul>\n<li>Le fil de fer qui a \u00e9t\u00e9 utilis\u00e9 est de grande qualit\u00e9 qualit\u00e9 (1,8 mm) et galvanis\u00e9. Il ne rouillera pas. Les bobines sont faciles \u00e0 raccorder ! \u00c0 la minute 1.20 <a href=\"https:\/\/adequat.eu\/fr-be\/videos-dinstallation\/ganivelle-videos-dinstallation\/video-dinstallation-cloture-ganivelle-en-chataignier-francais\/\">de la vid\u00e9o<\/a>, on vous dira exactement comment faire. Si une latte se casse, vous pouvez facilement la remplacer vous-m\u00eame.<\/li>\n<li>Cette cl\u00f4ture fran\u00e7aise ou en treillis, de cette hauteur, est souvent utilis\u00e9e comme s\u00e9paration pour les jardins ou comme rev\u00eatement de fa\u00e7ade ou de pergola. Plus l&rsquo;espacement des lamelles est petit, moins il y a de visibilit\u00e9. La cl\u00f4ture se pr\u00eate \u00e9galement tr\u00e8s bien \u00e0 la v\u00e9g\u00e9tation.<\/li>\n<li>La cl\u00f4ture ganivelle fran\u00e7aise de 200 cm de hauteur est flexible et peut \u00e9galement \u00eatre plac\u00e9e sur un terrain accident\u00e9. Nous recommandons de fixer la cl\u00f4ture ganivelle au piquet avec des <a href=\"https:\/\/adequat.eu\/fr-be\/product\/installation-fr\/materiel-dassemblage\/vis-en-acier-inoxydable-en-differentes-dimensions-embout-inclu\/\"><u>vis en acier inoxydable <\/u><\/a><u><a href=\"https:\/\/adequat.eu\/fr-be\/product\/installation-fr\/materiel-dassemblage\/vis-en-acier-inoxydable-en-differentes-dimensions-embout-inclu\/\">4,5 x 60 mm<\/a><\/u>. De cette fa\u00e7on, vous fixez la cl\u00f4ture contre le piquet et il n&rsquo;y a pas de risque que la cl\u00f4ture soit \u00ab\u00a0suspendue\u00a0\u00bb. Avec des crampes, vous garderez du mou. Si vous pr\u00e9f\u00e9rez toujours utiliser des agrafes, utilisez des agrafes en acier inoxydable ou galvanis\u00e9es. L&rsquo;acide tannique pr\u00e9sent dans le bois corrode le m\u00e9tal et peut provoquer des taches noires. Si vous utilisez des vis, vous pouvez \u00e9galement desserrer la cl\u00f4ture plus facilement si vous voulez la d\u00e9placer.<\/li>\n<li>Vous avez le choix de l&rsquo;espacement des lattes pour cette hauteur. Nous entendons par l\u00e0 la distance entre les piquets de la cl\u00f4ture, mesur\u00e9e du premier enroulement du fil de fer au dernier enroulement. L&rsquo;espace entre deux lattes sera donc toujours un peu plus grand (environ 1,5 \u00e0 2 cm de plus que l&rsquo;espacement indiqu\u00e9 entre les lattes). Comme il s&rsquo;agit de lattes form\u00e9es naturellement, l&rsquo;espacement des lattes ne sera pas toujours exactement le m\u00eame.<\/li>\n<\/ul>\n<div id='gallery-1' class='gallery galleryid-6119 gallery-columns-3 gallery-size-thumbnail'><figure class='gallery-item'>\n\t\t\t<div class='gallery-icon portrait'>\n\t\t\t\t<a href='https:\/\/adequat.eu\/fr-be\/wp-content\/uploads\/sites\/6\/2020\/12\/lat-afstand-rotated.jpg'><img decoding=\"async\" width=\"150\" height=\"150\" src=\"https:\/\/adequat.eu\/fr-be\/wp-content\/uploads\/sites\/6\/2020\/12\/lat-afstand-150x150.jpg\" class=\"attachment-thumbnail size-thumbnail\" alt=\"L&#039;enroulement du fil est d&#039;environ 4 cm (espacement des lattes de 4 cm)\" aria-describedby=\"gallery-1-7630\" srcset=\"https:\/\/adequat.eu\/fr-be\/wp-content\/uploads\/sites\/6\/2020\/12\/lat-afstand-150x150.jpg 150w, https:\/\/adequat.eu\/fr-be\/wp-content\/uploads\/sites\/6\/2020\/12\/lat-afstand-100x100.jpg 100w\" sizes=\"(max-width: 150px) 100vw, 150px\" \/><\/a>\n\t\t\t<\/div>\n\t\t\t\t<figcaption class='wp-caption-text gallery-caption' id='gallery-1-7630'>\n\t\t\t\tL&rsquo;enroulement du fil est d&rsquo;environ 4 cm (espacement des lattes de 4 cm)\n\t\t\t\t<\/figcaption><\/figure><figure class='gallery-item'>\n\t\t\t<div class='gallery-icon portrait'>\n\t\t\t\t<a href='https:\/\/adequat.eu\/fr-be\/wp-content\/uploads\/sites\/6\/2020\/12\/lat-afstand-wikkeling-rotated.jpg'><img decoding=\"async\" width=\"150\" height=\"150\" src=\"https:\/\/adequat.eu\/fr-be\/wp-content\/uploads\/sites\/6\/2020\/12\/lat-afstand-wikkeling-150x150.jpg\" class=\"attachment-thumbnail size-thumbnail\" alt=\"La distance entre les lattes est d&#039;environ 5,5 cm\" aria-describedby=\"gallery-1-7629\" srcset=\"https:\/\/adequat.eu\/fr-be\/wp-content\/uploads\/sites\/6\/2020\/12\/lat-afstand-wikkeling-150x150.jpg 150w, https:\/\/adequat.eu\/fr-be\/wp-content\/uploads\/sites\/6\/2020\/12\/lat-afstand-wikkeling-100x100.jpg 100w\" sizes=\"(max-width: 150px) 100vw, 150px\" \/><\/a>\n\t\t\t<\/div>\n\t\t\t\t<figcaption class='wp-caption-text gallery-caption' id='gallery-1-7629'>\n\t\t\t\tLa distance entre les lattes est d&rsquo;environ 5,5 cm\n\t\t\t\t<\/figcaption><\/figure>\n\t\t<\/div>\n\n<h2>Installation d&rsquo;une cl\u00f4ture ganivelle fran\u00e7aise<\/h2>\n<ul>\n<li>Si vous venez r\u00e9cup\u00e9rer vous-m\u00eame votre commande chez nous, vous b\u00e9n\u00e9ficierez d&rsquo;une r\u00e9duction de 7 %. Il faut cependant vous assurer que la cl\u00f4ture tienne dans votre voiture. Nous avons rassembl\u00e9 pour vous quelques <a href=\"https:\/\/adequat.eu\/fr-be\/general\/recuperer-votre-commande\/\">tailles, sp\u00e9cifications et photos<\/a>.<\/li>\n<li>Une cl\u00f4ture ganivelle d&rsquo;une hauteur de 200 cm a \u00e9t\u00e9 utilis\u00e9e dans ces <a href=\"https:\/\/adequat.eu\/fr-be\/projets\/ganivelle\/projets-ganivelle-200-cm-hauteur\/\">projets<\/a>.<\/li>\n<li>Si vous souhaitez calculer la quantit\u00e9 de cl\u00f4ture ganivelle dont vous avez besoin, veuillez remplir <a href=\"https:\/\/adequat.eu\/fr-be\/assemblez-votre-cloture\/\">l\u2019assistant de produit<\/a>.<\/li>\n<\/ul>\n","protected":false},"excerpt":{"rendered":"<p>Cl\u00f4ture ganivelle fran\u00e7aise de 200 cm de haut, \u00e9galement appel\u00e9e cl\u00f4ture en treillis, avec un espacement des lattes de 2 cm, 4 cm, 6 cm,&#8230;<\/p>\n","protected":false},"featured_media":6120,"comment_status":"closed","ping_status":"closed","template":"","meta":{"_acf_changed":false,"inline_featured_image":false,"_trash_the_other_posts":false,"ep_exclude_from_search":false,"iawp_total_views":295,"editor_notices":[]},"product_brand":[],"product_cat":[79,574,78],"product_tag":[339],"class_list":{"0":"post-6119","1":"product","2":"type-product","3":"status-publish","4":"has-post-thumbnail","6":"product_cat-ganivelle-francais","7":"product_cat-cloture-hauteur-200-cm","8":"product_cat-clotures","9":"product_tag-google-shopping","11":"first","12":"instock","13":"shipping-taxable","14":"purchasable","15":"product-type-variable","16":"has-default-attributes"},"composite_virtual":false,"composite_layout":"","composite_add_to_cart_form_location":"","composite_editable_in_cart":false,"composite_sold_individually_context":"","composite_shop_price_calc":"","composite_components":[],"composite_scenarios":[],"acf":[],"_links":{"self":[{"href":"https:\/\/adequat.eu\/fr-be\/wp-json\/wp\/v2\/product\/6119","targetHints":{"allow":["GET"]}}],"collection":[{"href":"https:\/\/adequat.eu\/fr-be\/wp-json\/wp\/v2\/product"}],"about":[{"href":"https:\/\/adequat.eu\/fr-be\/wp-json\/wp\/v2\/types\/product"}],"replies":[{"embeddable":true,"href":"https:\/\/adequat.eu\/fr-be\/wp-json\/wp\/v2\/comments?post=6119"}],"wp:featuredmedia":[{"embeddable":true,"href":"https:\/\/adequat.eu\/fr-be\/wp-json\/wp\/v2\/media\/6120"}],"wp:attachment":[{"href":"https:\/\/adequat.eu\/fr-be\/wp-json\/wp\/v2\/media?parent=6119"}],"wp:term":[{"taxonomy":"product_brand","embeddable":true,"href":"https:\/\/adequat.eu\/fr-be\/wp-json\/wp\/v2\/product_brand?post=6119"},{"taxonomy":"product_cat","embeddable":true,"href":"https:\/\/adequat.eu\/fr-be\/wp-json\/wp\/v2\/product_cat?post=6119"},{"taxonomy":"product_tag","embeddable":true,"href":"https:\/\/adequat.eu\/fr-be\/wp-json\/wp\/v2\/product_tag?post=6119"}],"curies":[{"name":"wp","href":"https:\/\/api.w.org\/{rel}","templated":true}]}}