{"id":6135,"date":"2016-02-09T15:45:44","date_gmt":"2016-02-09T14:45:44","guid":{"rendered":"https:\/\/adequat.eu\/fr\/product\/lattes-de-treillis\/"},"modified":"2025-12-16T17:18:44","modified_gmt":"2025-12-16T16:18:44","slug":"lattes-de-treillis","status":"publish","type":"product","link":"https:\/\/adequat.eu\/fr-be\/product\/installation-fr\/lattes-en-chataignier\/lattes-de-treillis\/","title":{"rendered":"Lattes de treillis"},"content":{"rendered":"<p>Les lattes de treillis sont souvent utilis\u00e9es \u00e0 but d\u00e9coratif. Les lattes en ch\u00e2taignier ont une forme triangulaire. C\u2019est en fait \u00bc d\u2019un poteau en ch\u00e2taignier avec un diam\u00e8tre de 4 \u00e0 6 cm. Le bois de ch\u00e2taignier est prot\u00e9g\u00e9 d\u2019une mani\u00e8re naturelle des intemp\u00e9ries. Il n\u2019a pas besoin de traitement et obtiendra un teint gris\u00e2tre de fa\u00e7on naturelle. Ces lattes ont un aspect plus irr\u00e9gulier que <a href=\"https:\/\/adequat.eu\/fr-be\/product\/installation-fr\/lattes-en-chataignier\/lattes-en-chataignier-demi-ronde-echalas\/\">les lattes demi-rondes<\/a>.<\/p>\n<h2>Longueur des lattes de treillis<\/h2>\n<p>Les lattes de treillis sont disponibles en diverses longueurs. Nous avons habituellement en stock les longueurs 50 cm, 80 cm, 100 cm, 120 cm, 150 cm, 175 cm, 200 cm.<\/p>\n","protected":false},"excerpt":{"rendered":"<p>Les lattes de treillis sont souvent utilis\u00e9es \u00e0 but d\u00e9coratif. Les lattes en ch\u00e2taignier ont une forme triangulaire. C\u2019est en fait \u00bc d\u2019un poteau en&#8230;<\/p>\n","protected":false},"featured_media":6136,"comment_status":"closed","ping_status":"closed","template":"","meta":{"_acf_changed":false,"inline_featured_image":false,"_trash_the_other_posts":false,"ep_exclude_from_search":false,"iawp_total_views":33,"editor_notices":[]},"product_brand":[],"product_cat":[283,149],"product_tag":[],"class_list":{"0":"post-6135","1":"product","2":"type-product","3":"status-publish","4":"has-post-thumbnail","6":"product_cat-lattes-en-chataignier","7":"product_cat-installation-fr","9":"first","10":"instock","11":"shipping-taxable","12":"purchasable","13":"product-type-variable","14":"has-default-attributes"},"composite_virtual":false,"composite_layout":"","composite_add_to_cart_form_location":"","composite_editable_in_cart":false,"composite_sold_individually_context":"","composite_shop_price_calc":"","composite_components":[],"composite_scenarios":[],"acf":[],"_links":{"self":[{"href":"https:\/\/adequat.eu\/fr-be\/wp-json\/wp\/v2\/product\/6135","targetHints":{"allow":["GET"]}}],"collection":[{"href":"https:\/\/adequat.eu\/fr-be\/wp-json\/wp\/v2\/product"}],"about":[{"href":"https:\/\/adequat.eu\/fr-be\/wp-json\/wp\/v2\/types\/product"}],"replies":[{"embeddable":true,"href":"https:\/\/adequat.eu\/fr-be\/wp-json\/wp\/v2\/comments?post=6135"}],"wp:featuredmedia":[{"embeddable":true,"href":"https:\/\/adequat.eu\/fr-be\/wp-json\/wp\/v2\/media\/6136"}],"wp:attachment":[{"href":"https:\/\/adequat.eu\/fr-be\/wp-json\/wp\/v2\/media?parent=6135"}],"wp:term":[{"taxonomy":"product_brand","embeddable":true,"href":"https:\/\/adequat.eu\/fr-be\/wp-json\/wp\/v2\/product_brand?post=6135"},{"taxonomy":"product_cat","embeddable":true,"href":"https:\/\/adequat.eu\/fr-be\/wp-json\/wp\/v2\/product_cat?post=6135"},{"taxonomy":"product_tag","embeddable":true,"href":"https:\/\/adequat.eu\/fr-be\/wp-json\/wp\/v2\/product_tag?post=6135"}],"curies":[{"name":"wp","href":"https:\/\/api.w.org\/{rel}","templated":true}]}}