{"id":6148,"date":"2016-02-09T16:01:42","date_gmt":"2016-02-09T15:01:42","guid":{"rendered":"https:\/\/adequat.eu\/fr\/product\/lattes-en-chataignier-demi-ronde-echalas\/"},"modified":"2026-04-10T11:37:45","modified_gmt":"2026-04-10T09:37:45","slug":"lattes-en-chataignier-demi-ronde-echalas","status":"publish","type":"product","link":"https:\/\/adequat.eu\/fr-be\/product\/installation-fr\/lattes-en-chataignier\/lattes-en-chataignier-demi-ronde-echalas\/","title":{"rendered":"Lattes en ch\u00e2taignier demi-rondes (\u00e9chalas)"},"content":{"rendered":"<p>Nous vendons aussi les lattes en ch\u00e2taignier demi-rondes (\u00e9chalas) \u00e0 l&rsquo;unit\u00e9. Ces \u00e9chalas sont utilis\u00e9s entre autres sur nos portails en rondins mais aussi sur les cl\u00f4tures ou les portails Post &amp; Rail. L&rsquo;extr\u00e9mit\u00e9 des \u00e9chalas a une jolie finition qui \u00e9vite la stagnation de l&rsquo;eau. Le bois, ainsi pr\u00e9serv\u00e9, dure plus longtemps. L\u2019acide tannique dans le bois de ch\u00e2taigner prot\u00e8ge les lattes contre l\u2019humidit\u00e9 et les intemp\u00e9ries. Les \u00e9chalas sont souvent utilis\u00e9s \u00e0 but d\u00e9coratif.<\/p>\n<p>Si vous cherchez des lattes en ch\u00e2taignier cliv\u00e9es \u00e0 \u00bc, regardez <u><a href=\"https:\/\/adequat.eu\/fr-be\/product\/installation-fr\/lattes-en-chataignier\/lattes-de-treillis\/\">lattes de treillis<\/a>.<\/u><\/p>\n<h2>Longueur des lattes en ch\u00e2taignier demi-rondes (\u00e9chalas)<\/h2>\n<p>Les lattes en ch\u00e2taignier demi-rondes sont disponibles dans les longueurs suivantes: 50 cm, 80 cm, 100 cm, 120 cm, 150cm, 175cm et 200 cm.<\/p>\n","protected":false},"excerpt":{"rendered":"<p>Nous vendons aussi les lattes en ch\u00e2taignier demi-rondes (\u00e9chalas) \u00e0 l&rsquo;unit\u00e9. Ces \u00e9chalas sont utilis\u00e9s entre autres sur nos portails en rondins mais aussi sur&#8230;<\/p>\n","protected":false},"featured_media":16761,"comment_status":"closed","ping_status":"closed","template":"","meta":{"_acf_changed":false,"inline_featured_image":false,"_trash_the_other_posts":false,"ep_exclude_from_search":false,"iawp_total_views":56,"editor_notices":[]},"product_brand":[],"product_cat":[283,149],"product_tag":[],"class_list":{"0":"post-6148","1":"product","2":"type-product","3":"status-publish","4":"has-post-thumbnail","6":"product_cat-lattes-en-chataignier","7":"product_cat-installation-fr","9":"first","10":"instock","11":"shipping-taxable","12":"purchasable","13":"product-type-variable","14":"has-default-attributes"},"composite_virtual":false,"composite_layout":"","composite_add_to_cart_form_location":"","composite_editable_in_cart":false,"composite_sold_individually_context":"","composite_shop_price_calc":"","composite_components":[],"composite_scenarios":[],"acf":[],"_links":{"self":[{"href":"https:\/\/adequat.eu\/fr-be\/wp-json\/wp\/v2\/product\/6148","targetHints":{"allow":["GET"]}}],"collection":[{"href":"https:\/\/adequat.eu\/fr-be\/wp-json\/wp\/v2\/product"}],"about":[{"href":"https:\/\/adequat.eu\/fr-be\/wp-json\/wp\/v2\/types\/product"}],"replies":[{"embeddable":true,"href":"https:\/\/adequat.eu\/fr-be\/wp-json\/wp\/v2\/comments?post=6148"}],"wp:featuredmedia":[{"embeddable":true,"href":"https:\/\/adequat.eu\/fr-be\/wp-json\/wp\/v2\/media\/16761"}],"wp:attachment":[{"href":"https:\/\/adequat.eu\/fr-be\/wp-json\/wp\/v2\/media?parent=6148"}],"wp:term":[{"taxonomy":"product_brand","embeddable":true,"href":"https:\/\/adequat.eu\/fr-be\/wp-json\/wp\/v2\/product_brand?post=6148"},{"taxonomy":"product_cat","embeddable":true,"href":"https:\/\/adequat.eu\/fr-be\/wp-json\/wp\/v2\/product_cat?post=6148"},{"taxonomy":"product_tag","embeddable":true,"href":"https:\/\/adequat.eu\/fr-be\/wp-json\/wp\/v2\/product_tag?post=6148"}],"curies":[{"name":"wp","href":"https:\/\/api.w.org\/{rel}","templated":true}]}}