{"id":6187,"date":"2015-09-18T11:09:23","date_gmt":"2015-09-18T09:09:23","guid":{"rendered":"https:\/\/adequat.eu\/fr\/product\/piquet-en-chataignier-o-79-cm\/"},"modified":"2026-04-02T12:36:26","modified_gmt":"2026-04-02T10:36:26","slug":"piquet-en-chataignier-o-79-cm","status":"publish","type":"product","link":"https:\/\/adequat.eu\/fr-be\/product\/piquets\/piquets-en-chataignier\/piquet-en-chataignier-o-79-cm\/","title":{"rendered":"Piquet en ch\u00e2taignier \u00d8 7\/9 cm"},"content":{"rendered":"<p>Le piquet rond en ch\u00e2taignier \u00d8 7\/9 cm provient de bois naturel et durable. Le piquet a un diam\u00e8tre d\u2019environ 8 centim\u00e8tres et une circonf\u00e9rence d\u2019environ 25 centim\u00e8tres.<\/p>\n<p><span style=\"color: #000000\">Les piquets en ch\u00e2taignier de \u00d8 7\/9 cm sont g\u00e9n\u00e9ralement choisis pour la mise en place d\u2019une <a href=\"https:\/\/adequat.eu\/fr-be\/products\/clotures\/ganivelle-francais\/\">cl\u00f4ture de treillage<\/a>. La longueur d\u00e9pend dans ce cas de la hauteur de la cl\u00f4ture. Pour les points de d\u00e9part et d\u2019arriv\u00e9e ainsi que pour les angles nous conseillons d\u2019utiliser <s><\/s>des piquets plus \u00e9pais, par exemple de \u00d8 10\/12.<\/span><\/p>\n<h2>Piquet en ch\u00e2taignier \u00d8 7\/9 cm durable<\/h2>\n<p><s><\/s><span style=\"color: #000000\">Les piquets en ch\u00e2taignier sont de nature durable. Gr\u00e2ce \u00e0 la pr\u00e9sence d\u2019acide tannique dans le bois, <s><\/s><\/span><span style=\"color: red\"><span style=\"color: #000000\">ils<\/span> <\/span>n\u2019ont pas besoin d\u2019\u00eatre trait\u00e9s et ne dema<span style=\"color: #000000\">ndent<\/span> pas d\u2019entretien. Ils sont naturellement prot\u00e9g\u00e9s contre l\u2019humidit\u00e9. L\u2019utilisation de piquets en ch\u00e2taignier ne nuit donc pas \u00e0 l\u2019environnement. Les piquets sont \u00e9corc\u00e9s et point\u00e9s, mais gardent<s><\/s> leur forme naturelle. C\u2019est la raison pour laquelle les piquets en ch\u00e2taignier ne sont pas toujours droits.<\/p>\n<p>Les mesures sont calcul\u00e9es du c\u00f4t\u00e9 le plus \u00e9troit. Ils sont point\u00e9s du c\u00f4t\u00e9 le plus \u00e9pais, cette partie \u00e9tant celle qui va dans le sol.<\/p>\n<p>Ces piquets en ch\u00e2taignier sont livr\u00e9s en diff\u00e9rentes longueurs. A partir de 350 cm les piquets ne sont plus point\u00e9s.<\/p>\n","protected":false},"excerpt":{"rendered":"<p>Le piquet rond en ch\u00e2taignier \u00d8 7\/9 cm provient de bois naturel et durable. Le piquet a un diam\u00e8tre d\u2019environ 8 centim\u00e8tres et une circonf\u00e9rence&#8230;<\/p>\n","protected":false},"featured_media":6188,"comment_status":"closed","ping_status":"closed","template":"","meta":{"_acf_changed":false,"inline_featured_image":false,"_trash_the_other_posts":false,"ep_exclude_from_search":false,"iawp_total_views":396,"editor_notices":[]},"product_brand":[],"product_cat":[112,555,563,562,558,561,554,560,556,559,111],"product_tag":[339],"class_list":{"0":"post-6187","1":"product","2":"type-product","3":"status-publish","4":"has-post-thumbnail","6":"product_cat-piquets-en-chataignier","7":"product_cat-cloture-pour-alpagas","8":"product_cat-cloture-pour-gibier","9":"product_cat-cloture-pour-moutons","10":"product_cat-cloture-pour-poules","11":"product_cat-cloture-pour-volailles","12":"product_cat-clotures-pour-animaux","13":"product_cat-clotures-pour-chevaux","14":"product_cat-clotures-pour-chiens","15":"product_cat-clotures-pour-lapins","16":"product_cat-piquets","17":"product_tag-google-shopping","19":"first","20":"instock","21":"shipping-taxable","22":"purchasable","23":"product-type-variable","24":"has-default-attributes"},"composite_virtual":false,"composite_layout":"","composite_add_to_cart_form_location":"","composite_editable_in_cart":false,"composite_sold_individually_context":"","composite_shop_price_calc":"","composite_components":[],"composite_scenarios":[],"acf":[],"_links":{"self":[{"href":"https:\/\/adequat.eu\/fr-be\/wp-json\/wp\/v2\/product\/6187","targetHints":{"allow":["GET"]}}],"collection":[{"href":"https:\/\/adequat.eu\/fr-be\/wp-json\/wp\/v2\/product"}],"about":[{"href":"https:\/\/adequat.eu\/fr-be\/wp-json\/wp\/v2\/types\/product"}],"replies":[{"embeddable":true,"href":"https:\/\/adequat.eu\/fr-be\/wp-json\/wp\/v2\/comments?post=6187"}],"wp:featuredmedia":[{"embeddable":true,"href":"https:\/\/adequat.eu\/fr-be\/wp-json\/wp\/v2\/media\/6188"}],"wp:attachment":[{"href":"https:\/\/adequat.eu\/fr-be\/wp-json\/wp\/v2\/media?parent=6187"}],"wp:term":[{"taxonomy":"product_brand","embeddable":true,"href":"https:\/\/adequat.eu\/fr-be\/wp-json\/wp\/v2\/product_brand?post=6187"},{"taxonomy":"product_cat","embeddable":true,"href":"https:\/\/adequat.eu\/fr-be\/wp-json\/wp\/v2\/product_cat?post=6187"},{"taxonomy":"product_tag","embeddable":true,"href":"https:\/\/adequat.eu\/fr-be\/wp-json\/wp\/v2\/product_tag?post=6187"}],"curies":[{"name":"wp","href":"https:\/\/api.w.org\/{rel}","templated":true}]}}