{"id":6205,"date":"2015-09-18T11:10:09","date_gmt":"2015-09-18T09:10:09","guid":{"rendered":"https:\/\/adequat.eu\/fr\/product\/piquet-en-chataignier-o-1012-cm\/"},"modified":"2026-04-16T12:44:32","modified_gmt":"2026-04-16T10:44:32","slug":"piquet-en-chataignier-o-1012-cm","status":"publish","type":"product","link":"https:\/\/adequat.eu\/fr-be\/product\/piquets\/piquets-en-chataignier\/piquet-en-chataignier-o-1012-cm\/","title":{"rendered":"Piquet en ch\u00e2taignier \u00d8 10\/12 cm"},"content":{"rendered":"<p>Le piquet rond en ch\u00e2taignier \u00d8 10\/12 cm provient de bois fran\u00e7ais, naturel et durable. Le piquet \u00e0 un diam\u00e8tre d\u2019environ 11 centim\u00e8tres et un circonf\u00e9rence d\u2019environ 35 centim\u00e8tres.<\/p>\n<p>piquets en ch\u00e2taignier sont de nature durable. Gr\u00e2ce \u00e0 la pr\u00e9sence d\u2019acide tannique dans le bois, ils n\u2019ont pas besoin d\u2019\u00eatre trait\u00e9s et ne demandent pas d\u2019entretien. Ils sont prot\u00e9g\u00e9s contre l\u2019humidit\u00e9. L\u2019utilisation de piquets en ch\u00e2taignier ne nuit donc pas \u00e0 l\u2019environnement. Les piquets sont \u00e9corc\u00e9s et point\u00e9s, mais gardent pour le reste leur forme naturelle. C\u2019est la raison pour laquelle les piquets en ch\u00e2taignier ne sont pas toujours droits.<\/p>\n<h2>Poteaux en ch\u00e2taignier \u00d8 10\/12 cm pour aires de jeux<\/h2>\n<p>Ce diam\u00e8tre et souvent utilis\u00e9 pour <a href=\"https:\/\/adequat.eu\/fr-be\/projets\/piquets\/equipement-aire-jeux\/\">des \u00e9quipements pour aires de jeux<\/a>, avec balan\u00e7oires, barres de gymnastique&#8230;<\/p>\n<div>Vous souhaitez fabriquer vous-m\u00eame votre pergola ? Sachez qu&rsquo;avec une bonne pr\u00e9paration, vous avez d\u00e9j\u00e0 r\u00e9alis\u00e9 la moiti\u00e9 du travail. Ce <a href=\"https:\/\/adequat.eu\/fr-be\/general\/tips-tricks\/fabrication-dune-pergola\/\">reportage<\/a> peut vous aider&#8230;<\/div>\n<p>Les mesures sont calcul\u00e9es du c\u00f4t\u00e9 le plus \u00e9troit. Ils sont point\u00e9s du c\u00f4t\u00e9 le plus \u00e9pais, cette partie \u00e9tant celle qui va dans le sol. Cette norme peut \u00eatre diff\u00e9rente chez d&rsquo;autres fabricants.<\/p>\n<p>Les piquets en ch\u00e2taignier sont livr\u00e9s en diff\u00e9rentes longueurs.A partir de 350 cm les piquets ne sont plus point\u00e9s.<\/p>\n","protected":false},"excerpt":{"rendered":"<p>Le piquet rond en ch\u00e2taignier \u00d8 10\/12 cm provient de bois fran\u00e7ais, naturel et durable. Le piquet \u00e0 un diam\u00e8tre d\u2019environ 11 centim\u00e8tres et un&#8230;<\/p>\n","protected":false},"featured_media":6206,"comment_status":"closed","ping_status":"closed","template":"","meta":{"_acf_changed":false,"inline_featured_image":false,"_trash_the_other_posts":false,"ep_exclude_from_search":false,"iawp_total_views":358,"editor_notices":[]},"product_brand":[],"product_cat":[112,563,562,558,561,554,560,556,559,111],"product_tag":[339],"class_list":{"0":"post-6205","1":"product","2":"type-product","3":"status-publish","4":"has-post-thumbnail","6":"product_cat-piquets-en-chataignier","7":"product_cat-cloture-pour-gibier","8":"product_cat-cloture-pour-moutons","9":"product_cat-cloture-pour-poules","10":"product_cat-cloture-pour-volailles","11":"product_cat-clotures-pour-animaux","12":"product_cat-clotures-pour-chevaux","13":"product_cat-clotures-pour-chiens","14":"product_cat-clotures-pour-lapins","15":"product_cat-piquets","16":"product_tag-google-shopping","18":"first","19":"instock","20":"shipping-taxable","21":"purchasable","22":"product-type-variable","23":"has-default-attributes"},"composite_virtual":false,"composite_layout":"","composite_add_to_cart_form_location":"","composite_editable_in_cart":false,"composite_sold_individually_context":"","composite_shop_price_calc":"","composite_components":[],"composite_scenarios":[],"acf":[],"_links":{"self":[{"href":"https:\/\/adequat.eu\/fr-be\/wp-json\/wp\/v2\/product\/6205","targetHints":{"allow":["GET"]}}],"collection":[{"href":"https:\/\/adequat.eu\/fr-be\/wp-json\/wp\/v2\/product"}],"about":[{"href":"https:\/\/adequat.eu\/fr-be\/wp-json\/wp\/v2\/types\/product"}],"replies":[{"embeddable":true,"href":"https:\/\/adequat.eu\/fr-be\/wp-json\/wp\/v2\/comments?post=6205"}],"wp:featuredmedia":[{"embeddable":true,"href":"https:\/\/adequat.eu\/fr-be\/wp-json\/wp\/v2\/media\/6206"}],"wp:attachment":[{"href":"https:\/\/adequat.eu\/fr-be\/wp-json\/wp\/v2\/media?parent=6205"}],"wp:term":[{"taxonomy":"product_brand","embeddable":true,"href":"https:\/\/adequat.eu\/fr-be\/wp-json\/wp\/v2\/product_brand?post=6205"},{"taxonomy":"product_cat","embeddable":true,"href":"https:\/\/adequat.eu\/fr-be\/wp-json\/wp\/v2\/product_cat?post=6205"},{"taxonomy":"product_tag","embeddable":true,"href":"https:\/\/adequat.eu\/fr-be\/wp-json\/wp\/v2\/product_tag?post=6205"}],"curies":[{"name":"wp","href":"https:\/\/api.w.org\/{rel}","templated":true}]}}