{"id":6383,"date":"2015-09-18T12:06:52","date_gmt":"2015-09-18T10:06:52","guid":{"rendered":"https:\/\/adequat.eu\/fr\/product\/piquet-robinier-o-68-cm\/"},"modified":"2026-04-03T09:36:33","modified_gmt":"2026-04-03T07:36:33","slug":"piquet-robinier-o-68-cm","status":"publish","type":"product","link":"https:\/\/adequat.eu\/fr-be\/product\/piquets\/piquets-en-robinier\/piquet-robinier-o-68-cm\/","title":{"rendered":"Piquet robinier \u00d8 6\/8 cm"},"content":{"rendered":"<p>Le piquet rond robinier \u00d8 6\/8 cm est un piquet en bois de robinier naturel tr\u00e8s durable aussi connu sous le nom d\u2019acacia. Le piquet a un diam\u00e8tre d\u2019environ 7 centim\u00e8tres et une circonf\u00e9rence d\u2019environ 22 centim\u00e8tres.<\/p>\n<p>Le robinier ou faux acacia est le bois le plus durable <a href=\"https:\/\/adequat.eu\/fr-be\/general\/classe-durabilite-des-differentes-essence-bois\/\">(classe de durabilit\u00e9 1)<\/a> poussant sous nos climats. Des piquets de ce type de bois dur europ\u00e9en ont une dur\u00e9e de vie tr\u00e8s longue et ne demandent pas d\u2019entretien. Ils ne n\u00e9cessitent pas de traitement et gr\u00e2ce \u00e0 la duret\u00e9 du bois ils sont tr\u00e8s bien prot\u00e9g\u00e9s contre l\u2019humidit\u00e9. Les piquets sont \u00e9corc\u00e9s et point\u00e9s. Ils ne sont pas \u2018frais\u00e9s\u2019 et ont gard\u00e9 leur forme naturelle. C\u2019est pour cette raison que g\u00e9n\u00e9ralement les piquets ne sont pas droits.<\/p>\n<p>Attention: l&rsquo;\u00e9corce du robinier peut \u00eatre dangereuse pour les chevaux.<\/p>\n<h2>Piquets en robinier \u00d8 6\/8 cm en diff\u00e9rentes tailles<\/h2>\n<p>Les diff\u00e9rentes longueurs de piquets en robinier \u00d8 6\/8 cm que vous trouvez sur le site sont des longueurs standard. D&rsquo;autres longueurs sont disponibles sur demande.<\/p>\n","protected":false},"excerpt":{"rendered":"<p>Le piquet rond robinier \u00d8 6\/8 cm est un piquet en bois de robinier naturel tr\u00e8s durable aussi connu sous le nom d\u2019acacia. Le piquet&#8230;<\/p>\n","protected":false},"featured_media":6384,"comment_status":"closed","ping_status":"closed","template":"","meta":{"_acf_changed":false,"inline_featured_image":false,"_trash_the_other_posts":false,"ep_exclude_from_search":false,"iawp_total_views":92,"editor_notices":[]},"product_brand":[],"product_cat":[151,111],"product_tag":[],"class_list":{"0":"post-6383","1":"product","2":"type-product","3":"status-publish","4":"has-post-thumbnail","6":"product_cat-piquets-en-robinier","7":"product_cat-piquets","9":"first","10":"instock","11":"shipping-taxable","12":"purchasable","13":"product-type-variable","14":"has-default-attributes"},"composite_virtual":false,"composite_layout":"","composite_add_to_cart_form_location":"","composite_editable_in_cart":false,"composite_sold_individually_context":"","composite_shop_price_calc":"","composite_components":[],"composite_scenarios":[],"acf":[],"_links":{"self":[{"href":"https:\/\/adequat.eu\/fr-be\/wp-json\/wp\/v2\/product\/6383","targetHints":{"allow":["GET"]}}],"collection":[{"href":"https:\/\/adequat.eu\/fr-be\/wp-json\/wp\/v2\/product"}],"about":[{"href":"https:\/\/adequat.eu\/fr-be\/wp-json\/wp\/v2\/types\/product"}],"replies":[{"embeddable":true,"href":"https:\/\/adequat.eu\/fr-be\/wp-json\/wp\/v2\/comments?post=6383"}],"wp:featuredmedia":[{"embeddable":true,"href":"https:\/\/adequat.eu\/fr-be\/wp-json\/wp\/v2\/media\/6384"}],"wp:attachment":[{"href":"https:\/\/adequat.eu\/fr-be\/wp-json\/wp\/v2\/media?parent=6383"}],"wp:term":[{"taxonomy":"product_brand","embeddable":true,"href":"https:\/\/adequat.eu\/fr-be\/wp-json\/wp\/v2\/product_brand?post=6383"},{"taxonomy":"product_cat","embeddable":true,"href":"https:\/\/adequat.eu\/fr-be\/wp-json\/wp\/v2\/product_cat?post=6383"},{"taxonomy":"product_tag","embeddable":true,"href":"https:\/\/adequat.eu\/fr-be\/wp-json\/wp\/v2\/product_tag?post=6383"}],"curies":[{"name":"wp","href":"https:\/\/api.w.org\/{rel}","templated":true}]}}