{"id":6396,"date":"2015-09-18T12:08:49","date_gmt":"2015-09-18T10:08:49","guid":{"rendered":"https:\/\/adequat.eu\/fr\/product\/piquet-robinier-o-810-cm\/"},"modified":"2026-04-02T12:33:04","modified_gmt":"2026-04-02T10:33:04","slug":"piquet-robinier-o-810-cm","status":"publish","type":"product","link":"https:\/\/adequat.eu\/fr-be\/product\/piquets\/piquets-en-robinier\/piquet-robinier-o-810-cm\/","title":{"rendered":"Piquet robinier \u00d8 8\/10 cm"},"content":{"rendered":"<p>Le piquet rond en robinier \u00d8 8\/10 cm est un piquet en bois de robinier naturel tr\u00e8s durable aussi connu sous le nom d\u2019acacia. Le piquet a un diam\u00e8tre d\u2019environ 9 centim\u00e8tres et une circonf\u00e9rence d\u2019environ 28 centim\u00e8tres. Les mesures sont calcul\u00e9es du c\u00f4t\u00e9 le plus \u00e9troit. Ils sont point\u00e9s du c\u00f4t\u00e9 le plus large: c&rsquo;est ce c\u00f4t\u00e9 qui va dans le sol pour plus de stabilit\u00e9. Chez nous c&rsquo;est la norme, qui peut \u00eatre diff\u00e9rente chez d&rsquo;autres fabricants. A bien prendre en compte lors de votre commande.<\/p>\n<p>Le robinier ou faux acacia est le bois le plus durable <a href=\"https:\/\/adequat.eu\/fr-be\/general\/classe-durabilite-des-differentes-essence-bois\/\">(classe de durabilit\u00e9 1)<\/a> poussant sous nos climats . Les piquets en bois de robinier ont une dur\u00e9e de vie tr\u00e8s longue et ne demandent pas d\u2019entretien. Ils\u00a0 ne n\u00e9cessitent aucun traitement et gr\u00e2ce \u00e0 la duret\u00e9 du bois ils sont tr\u00e8s bien prot\u00e9g\u00e9s contre l\u2019humidit\u00e9. Les piquets sont \u00e9corc\u00e9s et point\u00e9s. Ils ne sont pas \u2018frais\u00e9s\u2019 et ont gard\u00e9 leur forme naturelle. C\u2019est pour cette raison que g\u00e9n\u00e9ralement les piquets ne sont pas droits.<\/p>\n<p>Attention: l&rsquo;\u00e9corce de robinier peut \u00eatre dangereuse pour les chevaux.<\/p>\n<h2>Piquets de robinier \u00d8 8\/10 cm en stock<\/h2>\n<p>Les diff\u00e9rentes longueurs de piquets en robinier \u00d8 8\/10 cm que vous pouvez trouver sur notre site sont standards. D&rsquo;autres longueurs sont disponibles sur demande.<\/p>\n","protected":false},"excerpt":{"rendered":"<p>Le piquet rond en robinier \u00d8 8\/10 cm est un piquet en bois de robinier naturel tr\u00e8s durable aussi connu sous le nom d\u2019acacia. Le&#8230;<\/p>\n","protected":false},"featured_media":6397,"comment_status":"closed","ping_status":"closed","template":"","meta":{"_acf_changed":false,"inline_featured_image":false,"_trash_the_other_posts":false,"ep_exclude_from_search":false,"iawp_total_views":162,"editor_notices":[]},"product_brand":[],"product_cat":[151,563,558,561,554,556,559,111],"product_tag":[],"class_list":{"0":"post-6396","1":"product","2":"type-product","3":"status-publish","4":"has-post-thumbnail","6":"product_cat-piquets-en-robinier","7":"product_cat-cloture-pour-gibier","8":"product_cat-cloture-pour-poules","9":"product_cat-cloture-pour-volailles","10":"product_cat-clotures-pour-animaux","11":"product_cat-clotures-pour-chiens","12":"product_cat-clotures-pour-lapins","13":"product_cat-piquets","15":"first","16":"instock","17":"shipping-taxable","18":"purchasable","19":"product-type-variable","20":"has-default-attributes"},"composite_virtual":false,"composite_layout":"","composite_add_to_cart_form_location":"","composite_editable_in_cart":false,"composite_sold_individually_context":"","composite_shop_price_calc":"","composite_components":[],"composite_scenarios":[],"acf":[],"_links":{"self":[{"href":"https:\/\/adequat.eu\/fr-be\/wp-json\/wp\/v2\/product\/6396","targetHints":{"allow":["GET"]}}],"collection":[{"href":"https:\/\/adequat.eu\/fr-be\/wp-json\/wp\/v2\/product"}],"about":[{"href":"https:\/\/adequat.eu\/fr-be\/wp-json\/wp\/v2\/types\/product"}],"replies":[{"embeddable":true,"href":"https:\/\/adequat.eu\/fr-be\/wp-json\/wp\/v2\/comments?post=6396"}],"wp:featuredmedia":[{"embeddable":true,"href":"https:\/\/adequat.eu\/fr-be\/wp-json\/wp\/v2\/media\/6397"}],"wp:attachment":[{"href":"https:\/\/adequat.eu\/fr-be\/wp-json\/wp\/v2\/media?parent=6396"}],"wp:term":[{"taxonomy":"product_brand","embeddable":true,"href":"https:\/\/adequat.eu\/fr-be\/wp-json\/wp\/v2\/product_brand?post=6396"},{"taxonomy":"product_cat","embeddable":true,"href":"https:\/\/adequat.eu\/fr-be\/wp-json\/wp\/v2\/product_cat?post=6396"},{"taxonomy":"product_tag","embeddable":true,"href":"https:\/\/adequat.eu\/fr-be\/wp-json\/wp\/v2\/product_tag?post=6396"}],"curies":[{"name":"wp","href":"https:\/\/api.w.org\/{rel}","templated":true}]}}