{"id":6403,"date":"2015-09-18T12:13:55","date_gmt":"2015-09-18T10:13:55","guid":{"rendered":"https:\/\/adequat.eu\/fr\/product\/piquet-robinier-o-1012-cm\/"},"modified":"2026-04-02T12:27:26","modified_gmt":"2026-04-02T10:27:26","slug":"piquet-robinier-o-1012-cm","status":"publish","type":"product","link":"https:\/\/adequat.eu\/fr-be\/product\/piquets\/piquets-en-robinier\/piquet-robinier-o-1012-cm\/","title":{"rendered":"Piquet robinier \u00d8 10\/12 cm"},"content":{"rendered":"<p>Le piquet rond en robinier \u00d8 10\/12 cm est un piquet en bois de robinier naturel tr\u00e8s durable aussi connu sous le nom d\u2019acacia. Le piquet \u00e0 un diam\u00e8tre d\u2019environ 11 centim\u00e8tres et une circonf\u00e9rence d\u2019environ 35 centim\u00e8tres. Les mesures sont calcul\u00e9es du c\u00f4t\u00e9 le plus \u00e9troit. Ils sont point\u00e9s du c\u00f4t\u00e9 le plus large: c&rsquo;est cette partie qui va dans le sol pour plus de stabilit\u00e9. C&rsquo;est la norme chez nous; d&rsquo;autres fabricants n&rsquo;ont pas la m\u00eame. A partir d&rsquo;une longueur de 350 cm, les piquets ne sont plus point\u00e9s.<\/p>\n<p>Le robinier ou faux acacia est le bois le plus durable <a href=\"https:\/\/adequat.eu\/fr-be\/general\/classe-durabilite-des-differentes-essence-bois\/\">(classe de durabilit\u00e9 1)<\/a> poussant sous nos climats. Les piquets de ce type de bois europ\u00e9en ont une dur\u00e9e de vie tr\u00e8s longue et ne demandent pas d\u2019entretien. Ils ne n\u00e9cessitent aucun traitement et gr\u00e2ce \u00e0 la duret\u00e9 du bois ils sont tr\u00e8s bien prot\u00e9g\u00e9s contre l\u2019humidit\u00e9. Les piquets sont \u00e9corc\u00e9s et point\u00e9s. Ils ne sont pas \u2018frais\u00e9s\u2019 et ont gard\u00e9 leur forme naturelle. C\u2019est pour cette raison que g\u00e9n\u00e9ralement les piquets ne sont pas droits.<\/p>\n<p>Attention! l&rsquo;\u00e9corce du robinier peut \u00eatre dangereuse pour les chevaux.<\/p>\n<h2>Piquets robinier \u00d8 10\/12 cm en stock<\/h2>\n<p>Les diff\u00e9rentes longueurs des piquets en robinier \u00d8 10\/12 cm que nous avons en stock et que vous trouvez sur le site sont des longueurs standard. D\u2019autres longueurs sont disponibles sur demande.<\/p>\n","protected":false},"excerpt":{"rendered":"<p>Le piquet rond en robinier \u00d8 10\/12 cm est un piquet en bois de robinier naturel tr\u00e8s durable aussi connu sous le nom d\u2019acacia. Le&#8230;<\/p>\n","protected":false},"featured_media":6404,"comment_status":"closed","ping_status":"closed","template":"","meta":{"_acf_changed":false,"inline_featured_image":false,"_trash_the_other_posts":false,"ep_exclude_from_search":false,"iawp_total_views":200,"editor_notices":[]},"product_brand":[],"product_cat":[151,563,558,561,554,556,559,111],"product_tag":[],"class_list":{"0":"post-6403","1":"product","2":"type-product","3":"status-publish","4":"has-post-thumbnail","6":"product_cat-piquets-en-robinier","7":"product_cat-cloture-pour-gibier","8":"product_cat-cloture-pour-poules","9":"product_cat-cloture-pour-volailles","10":"product_cat-clotures-pour-animaux","11":"product_cat-clotures-pour-chiens","12":"product_cat-clotures-pour-lapins","13":"product_cat-piquets","15":"first","16":"instock","17":"shipping-taxable","18":"purchasable","19":"product-type-variable","20":"has-default-attributes"},"composite_virtual":false,"composite_layout":"","composite_add_to_cart_form_location":"","composite_editable_in_cart":false,"composite_sold_individually_context":"","composite_shop_price_calc":"","composite_components":[],"composite_scenarios":[],"acf":[],"_links":{"self":[{"href":"https:\/\/adequat.eu\/fr-be\/wp-json\/wp\/v2\/product\/6403","targetHints":{"allow":["GET"]}}],"collection":[{"href":"https:\/\/adequat.eu\/fr-be\/wp-json\/wp\/v2\/product"}],"about":[{"href":"https:\/\/adequat.eu\/fr-be\/wp-json\/wp\/v2\/types\/product"}],"replies":[{"embeddable":true,"href":"https:\/\/adequat.eu\/fr-be\/wp-json\/wp\/v2\/comments?post=6403"}],"wp:featuredmedia":[{"embeddable":true,"href":"https:\/\/adequat.eu\/fr-be\/wp-json\/wp\/v2\/media\/6404"}],"wp:attachment":[{"href":"https:\/\/adequat.eu\/fr-be\/wp-json\/wp\/v2\/media?parent=6403"}],"wp:term":[{"taxonomy":"product_brand","embeddable":true,"href":"https:\/\/adequat.eu\/fr-be\/wp-json\/wp\/v2\/product_brand?post=6403"},{"taxonomy":"product_cat","embeddable":true,"href":"https:\/\/adequat.eu\/fr-be\/wp-json\/wp\/v2\/product_cat?post=6403"},{"taxonomy":"product_tag","embeddable":true,"href":"https:\/\/adequat.eu\/fr-be\/wp-json\/wp\/v2\/product_tag?post=6403"}],"curies":[{"name":"wp","href":"https:\/\/api.w.org\/{rel}","templated":true}]}}