{"id":6748,"date":"2017-05-30T14:04:38","date_gmt":"2017-05-30T12:04:38","guid":{"rendered":"https:\/\/adequat.eu\/fr\/product\/tariere\/"},"modified":"2023-10-04T14:11:07","modified_gmt":"2023-10-04T12:11:07","slug":"tariere","status":"publish","type":"product","link":"https:\/\/adequat.eu\/fr-be\/product\/installation-fr\/outils\/tariere\/","title":{"rendered":"Tari\u00e8re"},"content":{"rendered":"<p>Une tari\u00e8re est un outil qui permet de creuser rapidement un trou dans la terre, par exemple pour placer un <a href=\"https:\/\/adequat.eu\/fr-be\/products\/piquets\/\">piquet<\/a> pour une <a href=\"https:\/\/adequat.eu\/fr-be\/products\/clotures\/ganivelle-francais\/\">cl\u00f4ture ganivelle<\/a>. Cette tari\u00e8re manuelle fait des trous d&rsquo;environ 9 centim\u00e8tres de diam\u00e8tre.<\/p>\n<p>L&rsquo;extr\u00e9mit\u00e9 de cette tari\u00e8re en m\u00e9tal est en forme de vis. La barre en m\u00e9tal munie de poign\u00e9es en caoutchouc peut \u00eatre tourn\u00e9e pour s&rsquo;enfoncer dans la terre. D\u00e8s que la vis est remplie de terre, vous pouvez retirer la tari\u00e8re.<\/p>\n<p>La tari\u00e8re est en une pi\u00e8ce, a une couleur verte et fait 125 cm de longueur.<\/p>\n","protected":false},"excerpt":{"rendered":"<p>Une tari\u00e8re est un outil qui permet de creuser rapidement un trou dans la terre, par exemple pour placer un piquet pour une cl\u00f4ture ganivelle&#8230;.<\/p>\n","protected":false},"featured_media":6749,"comment_status":"closed","ping_status":"closed","template":"","meta":{"_acf_changed":false,"inline_featured_image":false,"_trash_the_other_posts":false,"ep_exclude_from_search":false,"iawp_total_views":60,"editor_notices":[]},"product_brand":[],"product_cat":[282,149],"product_tag":[],"class_list":{"0":"post-6748","1":"product","2":"type-product","3":"status-publish","4":"has-post-thumbnail","6":"product_cat-outils","7":"product_cat-installation-fr","8":"product_shipping_class-pakketpost","10":"first","11":"instock","12":"shipping-taxable","13":"purchasable","14":"product-type-simple"},"composite_virtual":false,"composite_layout":"","composite_add_to_cart_form_location":"","composite_editable_in_cart":false,"composite_sold_individually_context":"","composite_shop_price_calc":"","composite_components":[],"composite_scenarios":[],"acf":[],"_links":{"self":[{"href":"https:\/\/adequat.eu\/fr-be\/wp-json\/wp\/v2\/product\/6748","targetHints":{"allow":["GET"]}}],"collection":[{"href":"https:\/\/adequat.eu\/fr-be\/wp-json\/wp\/v2\/product"}],"about":[{"href":"https:\/\/adequat.eu\/fr-be\/wp-json\/wp\/v2\/types\/product"}],"replies":[{"embeddable":true,"href":"https:\/\/adequat.eu\/fr-be\/wp-json\/wp\/v2\/comments?post=6748"}],"wp:featuredmedia":[{"embeddable":true,"href":"https:\/\/adequat.eu\/fr-be\/wp-json\/wp\/v2\/media\/6749"}],"wp:attachment":[{"href":"https:\/\/adequat.eu\/fr-be\/wp-json\/wp\/v2\/media?parent=6748"}],"wp:term":[{"taxonomy":"product_brand","embeddable":true,"href":"https:\/\/adequat.eu\/fr-be\/wp-json\/wp\/v2\/product_brand?post=6748"},{"taxonomy":"product_cat","embeddable":true,"href":"https:\/\/adequat.eu\/fr-be\/wp-json\/wp\/v2\/product_cat?post=6748"},{"taxonomy":"product_tag","embeddable":true,"href":"https:\/\/adequat.eu\/fr-be\/wp-json\/wp\/v2\/product_tag?post=6748"}],"curies":[{"name":"wp","href":"https:\/\/api.w.org\/{rel}","templated":true}]}}