{"id":6751,"date":"2017-05-30T14:13:26","date_gmt":"2017-05-30T12:13:26","guid":{"rendered":"https:\/\/adequat.eu\/fr\/product\/vis-en-acier-inoxydable-en-differentes-dimensions-embout-inclu\/"},"modified":"2024-09-16T14:18:24","modified_gmt":"2024-09-16T12:18:24","slug":"vis-en-acier-inoxydable-en-differentes-dimensions-embout-inclu","status":"publish","type":"product","link":"https:\/\/adequat.eu\/fr-be\/product\/installation-fr\/materiel-dassemblage\/vis-en-acier-inoxydable-en-differentes-dimensions-embout-inclu\/","title":{"rendered":"Vis en acier inoxydable en diff\u00e9rentes dimensions (embout inclus)"},"content":{"rendered":"<p>Vis en acier inoxydable de haute qualit\u00e9 en diff\u00e9rentes dimensions. \u00c0 cause de l&rsquo;acide tannique dans le bois de ch\u00e2taignier et le ch\u00eane, il est important d\u2019utiliser des vis en acier inoxydable pour \u00e9viter la d\u00e9coloration du bois et la d\u00e9gradation des vis. Les vis sont livr\u00e9es en paquet de 100 unit\u00e9s.<\/p>\n<p>La dimension des vis en inox dont vous avez besoin d\u00e9pend de votre installation. Pour le montage de ganivelle, nous conseillons 4,5 x 60 mm ou 4,5 x 70 mm, en fonction de la situation.<\/p>\n","protected":false},"excerpt":{"rendered":"<p>Vis en acier inoxydable de haute qualit\u00e9 en diff\u00e9rentes dimensions. \u00c0 cause de l&rsquo;acide tannique dans le bois de ch\u00e2taignier et le ch\u00eane, il est&#8230;<\/p>\n","protected":false},"featured_media":6752,"comment_status":"closed","ping_status":"closed","template":"","meta":{"_acf_changed":false,"inline_featured_image":false,"_trash_the_other_posts":false,"ep_exclude_from_search":false,"iawp_total_views":76,"editor_notices":[]},"product_brand":[],"product_cat":[191,149],"product_tag":[],"class_list":{"0":"post-6751","1":"product","2":"type-product","3":"status-publish","4":"has-post-thumbnail","6":"product_cat-materiel-dassemblage","7":"product_cat-installation-fr","8":"product_shipping_class-pakketpost","10":"first","11":"instock","12":"shipping-taxable","13":"purchasable","14":"product-type-variable","15":"has-default-attributes"},"composite_virtual":false,"composite_layout":"","composite_add_to_cart_form_location":"","composite_editable_in_cart":false,"composite_sold_individually_context":"","composite_shop_price_calc":"","composite_components":[],"composite_scenarios":[],"acf":[],"_links":{"self":[{"href":"https:\/\/adequat.eu\/fr-be\/wp-json\/wp\/v2\/product\/6751","targetHints":{"allow":["GET"]}}],"collection":[{"href":"https:\/\/adequat.eu\/fr-be\/wp-json\/wp\/v2\/product"}],"about":[{"href":"https:\/\/adequat.eu\/fr-be\/wp-json\/wp\/v2\/types\/product"}],"replies":[{"embeddable":true,"href":"https:\/\/adequat.eu\/fr-be\/wp-json\/wp\/v2\/comments?post=6751"}],"wp:featuredmedia":[{"embeddable":true,"href":"https:\/\/adequat.eu\/fr-be\/wp-json\/wp\/v2\/media\/6752"}],"wp:attachment":[{"href":"https:\/\/adequat.eu\/fr-be\/wp-json\/wp\/v2\/media?parent=6751"}],"wp:term":[{"taxonomy":"product_brand","embeddable":true,"href":"https:\/\/adequat.eu\/fr-be\/wp-json\/wp\/v2\/product_brand?post=6751"},{"taxonomy":"product_cat","embeddable":true,"href":"https:\/\/adequat.eu\/fr-be\/wp-json\/wp\/v2\/product_cat?post=6751"},{"taxonomy":"product_tag","embeddable":true,"href":"https:\/\/adequat.eu\/fr-be\/wp-json\/wp\/v2\/product_tag?post=6751"}],"curies":[{"name":"wp","href":"https:\/\/api.w.org\/{rel}","templated":true}]}}