{"id":6765,"date":"2017-06-01T09:11:30","date_gmt":"2017-06-01T07:11:30","guid":{"rendered":"https:\/\/adequat.eu\/fr\/product\/ensemble-complet-charnieres-pour-portail-anglais-et-neerlandais\/"},"modified":"2025-12-16T17:32:35","modified_gmt":"2025-12-16T16:32:35","slug":"ensemble-complet-charnieres-pour-portail-anglais-et-neerlandais","status":"publish","type":"product","link":"https:\/\/adequat.eu\/fr-be\/product\/installation-fr\/charnieres-et-serrures\/ensemble-complet-charnieres-pour-portail-anglais-et-neerlandais\/","title":{"rendered":"Ensemble complet de charni\u00e8res pour portail anglais et n\u00e9erlandais"},"content":{"rendered":"<p>Cet ensemble de charni\u00e8res est livr\u00e9 avec nos portails <a href=\"https:\/\/adequat.eu\/fr-be\/products\/portails\/portails-anglais\/\">anglais<\/a> et <a href=\"https:\/\/adequat.eu\/fr-be\/products\/portails\/portails-neerlandais\/\">n\u00e9erlandais<\/a>. L\u2019ensemble est galvanis\u00e9 et fabriqu\u00e9 \u00e0 partir d\u2019une haute qualit\u00e9 de m\u00e9tal. Cet ensemble est disponible en trois dimensions.<\/p>\n","protected":false},"excerpt":{"rendered":"<p>Cet ensemble de charni\u00e8res est livr\u00e9 avec nos portails anglais et n\u00e9erlandais. L\u2019ensemble est galvanis\u00e9 et fabriqu\u00e9 \u00e0 partir d\u2019une haute qualit\u00e9 de m\u00e9tal. Cet&#8230;<\/p>\n","protected":false},"featured_media":6273,"comment_status":"closed","ping_status":"closed","template":"","meta":{"_acf_changed":false,"inline_featured_image":false,"_trash_the_other_posts":false,"ep_exclude_from_search":false,"iawp_total_views":163,"editor_notices":[]},"product_brand":[],"product_cat":[150,149],"product_tag":[],"class_list":{"0":"post-6765","1":"product","2":"type-product","3":"status-publish","4":"has-post-thumbnail","6":"product_cat-charnieres-et-serrures","7":"product_cat-installation-fr","8":"product_shipping_class-pakketpost","10":"first","11":"instock","12":"shipping-taxable","13":"purchasable","14":"product-type-variable","15":"has-default-attributes"},"composite_virtual":false,"composite_layout":"","composite_add_to_cart_form_location":"","composite_editable_in_cart":false,"composite_sold_individually_context":"","composite_shop_price_calc":"","composite_components":[],"composite_scenarios":[],"acf":[],"_links":{"self":[{"href":"https:\/\/adequat.eu\/fr-be\/wp-json\/wp\/v2\/product\/6765","targetHints":{"allow":["GET"]}}],"collection":[{"href":"https:\/\/adequat.eu\/fr-be\/wp-json\/wp\/v2\/product"}],"about":[{"href":"https:\/\/adequat.eu\/fr-be\/wp-json\/wp\/v2\/types\/product"}],"replies":[{"embeddable":true,"href":"https:\/\/adequat.eu\/fr-be\/wp-json\/wp\/v2\/comments?post=6765"}],"wp:featuredmedia":[{"embeddable":true,"href":"https:\/\/adequat.eu\/fr-be\/wp-json\/wp\/v2\/media\/6273"}],"wp:attachment":[{"href":"https:\/\/adequat.eu\/fr-be\/wp-json\/wp\/v2\/media?parent=6765"}],"wp:term":[{"taxonomy":"product_brand","embeddable":true,"href":"https:\/\/adequat.eu\/fr-be\/wp-json\/wp\/v2\/product_brand?post=6765"},{"taxonomy":"product_cat","embeddable":true,"href":"https:\/\/adequat.eu\/fr-be\/wp-json\/wp\/v2\/product_cat?post=6765"},{"taxonomy":"product_tag","embeddable":true,"href":"https:\/\/adequat.eu\/fr-be\/wp-json\/wp\/v2\/product_tag?post=6765"}],"curies":[{"name":"wp","href":"https:\/\/api.w.org\/{rel}","templated":true}]}}