{"id":6814,"date":"2018-03-01T13:10:40","date_gmt":"2018-03-01T12:10:40","guid":{"rendered":"https:\/\/adequat.eu\/fr\/product\/portail-en-chataignier-rustique\/"},"modified":"2025-12-19T15:01:55","modified_gmt":"2025-12-19T14:01:55","slug":"portail-en-chataignier-rustique","status":"publish","type":"product","link":"https:\/\/adequat.eu\/fr-be\/product\/portails\/portail-fermier-chataignier-simple\/","title":{"rendered":"Portail fermier ch\u00e2taignier simple"},"content":{"rendered":"<p>Ce portail fermier en ch\u00e2taignier a \u00e9t\u00e9 con\u00e7u sp\u00e9cialement pour ceux qui trouvent les portails n\u00e9erlandais ou anglais un peu trop aust\u00e8res. Il allie \u00e9l\u00e9gance et rusticit\u00e9, et s&rsquo;harmonise parfaitement avec la <a href=\"https:\/\/adequat.eu\/fr-be\/products\/clotures\/post-et-rail\/\">cl\u00f4ture Post &amp; Rail<\/a> ou la <a href=\"https:\/\/adequat.eu\/fr-be\/products\/clotures\/ganivelle-francais\/\">cl\u00f4ture ganivelle<\/a>.<\/p>\n<h2>Sp\u00e9cifications<\/h2>\n<p>Le portail est r\u00e9alis\u00e9 avec des joints traditionnels \u00e0 tenons et mortaises qui sont coll\u00e9s, ce qui garantit un portail solide et r\u00e9sistant. Ce portail est fabriqu\u00e9 en planches de ch\u00e2taignier (classe de durabilit\u00e9 2). Les planches sont rabot\u00e9es, ponc\u00e9es et \u00e9galement \u00ab chanfrein\u00e9es \u00bb. Chanfreiner signifie que les bords tranchants sont frais\u00e9s et l\u00e9g\u00e8rement arrondis. Les bords chanfrein\u00e9s sont moins tranchants tout en apportant un joli d\u00e9tail esth\u00e9tique. Les planches sont fix\u00e9es \u00e0 l&rsquo;arri\u00e8re du portail \u00e0 l&rsquo;aide de vis en inox et de colle. Cela cr\u00e9e une structure solide et \u00e9pur\u00e9e, sans vis visibles \u00e0 l&rsquo;avant. Un portail beau et \u00e9l\u00e9gant!<\/p>\n<h2>Hauteur et largeur<\/h2>\n<p>La hauteur standard de ce portail rustique est de 120 cm. Ce portail est disponible en diff\u00e9rentes largeurs.<\/p>\n<h2>Portail simple ou double<\/h2>\n<p>Ce portail est disponible en version \u00e0 simple ou double battant. Vous pouvez choisir diff\u00e9rentes largeurs pour chaque battant.<\/p>\n<p>Nous ne fabriquons pas de battant dont la largeur d\u00e9passe 300 cm, car une telle port\u00e9e augmenterait le risque d&rsquo;affaissement du portail.<\/p>\n<h2>Battants \u00e9gaux ou in\u00e9gaux<\/h2>\n<p>Vous avez la possibilit\u00e9 de choisir un portail avec deux battants de largeur \u00e9gale, mais vous pouvez \u00e9galement opter pour un mod\u00e8le avec des battants de tailles in\u00e9gales. Par exemple, vous pouvez choisir un portillon \u00e9troit pour un usage quotidien, et un portillon plus large si vous souhaitez \u00e9galement acc\u00e9der \u00e0 votre propri\u00e9t\u00e9 avec un v\u00e9hicule motoris\u00e9.<\/p>\n<h2>Charni\u00e8res et serrures<\/h2>\n<p>Le portail rustique est vendu nu, c&rsquo;est-\u00e0-dire sans charni\u00e8res ni serrures. En option, vous pouvez commander des charni\u00e8res et des serrures r\u00e9glables. Nous vous recommandons vivement cet ensemble optionnel, car il vous permettra d&rsquo;ajuster facilement le portail si celui-ci n&rsquo;est pas correctement suspendu.<\/p>\n<h2>Automatiser le portail<\/h2>\n<p>Vous souhaitez automatiser votre portail ? Dans ce cas, choisissez l&rsquo;option \u00ab poutre inf\u00e9rieure renforc\u00e9e \u00bb. La poutre inf\u00e9rieure sera \u00e9quip\u00e9e d&rsquo;une barre suppl\u00e9mentaire permettant de fixer correctement l&rsquo;op\u00e9rateur.<\/p>\n<p>Nous tenons \u00e0 souligner qu&rsquo;il est essentiel de choisir des poteaux carr\u00e9s de 20 x 20 cm avec t\u00eate diamant\u00e9e, car sans cette dimension, il ne sera pas possible de fixer correctement l&rsquo;op\u00e9rateur du portail battant.<\/p>\n<h2>Poteaux de portail<\/h2>\n<p>Les poteaux de portail ne sont pas inclus de s\u00e9rie, mais peuvent \u00eatre command\u00e9s en option. Vous avez le choix entre des poteaux de 15 x 15 cm (longueur de 210 cm ou 280 cm) ou des poteaux de 20 x 20 cm (longueur de 210 cm ou 280 cm).<\/p>\n<p>Si vous optez pour un portail plus haut de gamme avec plusieurs options, nous vous recommandons de choisir des poteaux plus grands (20 x 20 cm). Cela augmente non seulement la solidit\u00e9, mais aussi la durabilit\u00e9 du portail. Selon notre exp\u00e9rience, plus les poteaux sont robustes, plus votre portail et votre cl\u00f4ture dureront longtemps.<\/p>\n<p>Vous avez des questions ? N\u2019h\u00e9sitez pas \u00e0 nous contacter: nos experts se feront un plaisir de vous conseiller.<\/p>\n<h2>Aide \u00e0 l&rsquo;installation du portail ch\u00e2taignier rustique<\/h2>\n<p>Le portail rustique n&rsquo;est pas difficile \u00e0 installer. Pour vous aider nous vous conseillons de consulter notre aide \u00e0 l&rsquo;installation. Nous vous montrons comment <a href=\"https:\/\/adequat.eu\/fr-be\/videos-dinstallation\/portails-videos-dinstallation\/video-dinstallation-pour-portails-anglais-et-neerlandais\/\">installer un portail anglais<\/a>; la proc\u00e9dure \u00e0 suivre est la m\u00eame que pour celui-ci.<\/p>\n<p>Vous recherchez un autre portail? Ad\u00e9quat dispose d&rsquo;une large gamme de <a href=\"https:\/\/adequat.eu\/fr-be\/products\/portails\/\">portails<\/a>.<\/p>\n","protected":false},"excerpt":{"rendered":"<p>Ce portail fermier en ch\u00e2taignier a \u00e9t\u00e9 con\u00e7u sp\u00e9cialement pour ceux qui trouvent les portails n\u00e9erlandais ou anglais un peu trop aust\u00e8res. Il allie \u00e9l\u00e9gance&#8230;<\/p>\n","protected":false},"featured_media":6815,"comment_status":"closed","ping_status":"closed","template":"","meta":{"_acf_changed":false,"inline_featured_image":false,"_trash_the_other_posts":false,"ep_exclude_from_search":false,"iawp_total_views":26,"editor_notices":[]},"product_brand":[],"product_cat":[209,555,554,560,456,86,455,468],"product_tag":[],"class_list":{"0":"post-6814","1":"product","2":"type-product","3":"status-publish","4":"has-post-thumbnail","6":"product_cat-chataignier","7":"product_cat-cloture-pour-alpagas","8":"product_cat-clotures-pour-animaux","9":"product_cat-clotures-pour-chevaux","10":"product_cat-acces","11":"product_cat-portails","12":"product_cat-paturage","13":"product_cat-sur-mesure","15":"first","16":"instock","17":"shipping-taxable","18":"purchasable","19":"product-type-composite"},"composite_virtual":false,"composite_layout":"single","composite_add_to_cart_form_location":"default","composite_editable_in_cart":false,"composite_sold_individually_context":"product","composite_shop_price_calc":"defaults","composite_components":[{"id":"1730389813","title":"Battant","description":"","query_type":"product_ids","query_ids":[14935],"default_option_id":14935,"thumbnail_id":"","thumbnail_src":"","quantity_min":1,"quantity_max":1,"priced_individually":true,"shipped_individually":false,"optional":false,"discount":"","options_style":"dropdowns","pagination_style":"classic","display_prices":"absolute","show_sorting_options":false,"show_filtering_options":false,"attribute_filter_ids":[],"select_action":"view","product_title_visible":false,"product_descr_visible":false,"product_price_visible":true,"product_thumb_visible":false,"subtotal_visible_product":false,"subtotal_visible_cart":false,"subtotal_visible_orders":false},{"id":"1730389814","title":"Charni\u00e8res et serrures","description":"","query_type":"product_ids","query_ids":[14310],"default_option_id":"","thumbnail_id":"","thumbnail_src":"","quantity_min":1,"quantity_max":1,"priced_individually":true,"shipped_individually":false,"optional":true,"discount":"","options_style":"radios","pagination_style":"classic","display_prices":"absolute","show_sorting_options":false,"show_filtering_options":false,"attribute_filter_ids":[],"select_action":"view","product_title_visible":false,"product_descr_visible":false,"product_price_visible":true,"product_thumb_visible":false,"subtotal_visible_product":false,"subtotal_visible_cart":false,"subtotal_visible_orders":false},{"id":"1730389815","title":"Poutre de solidit\u00e9","description":"","query_type":"product_ids","query_ids":[14315],"default_option_id":14315,"thumbnail_id":"","thumbnail_src":"","quantity_min":1,"quantity_max":1,"priced_individually":true,"shipped_individually":false,"optional":true,"discount":"","options_style":"radios","pagination_style":"classic","display_prices":"absolute","show_sorting_options":false,"show_filtering_options":false,"attribute_filter_ids":[],"select_action":"view","product_title_visible":false,"product_descr_visible":false,"product_price_visible":true,"product_thumb_visible":false,"subtotal_visible_product":false,"subtotal_visible_cart":false,"subtotal_visible_orders":false},{"id":"1730389816","title":"Poteaux","description":"","query_type":"product_ids","query_ids":[6382],"default_option_id":6382,"thumbnail_id":"","thumbnail_src":"","quantity_min":2,"quantity_max":2,"priced_individually":true,"shipped_individually":false,"optional":true,"discount":"","options_style":"radios","pagination_style":"classic","display_prices":"absolute","show_sorting_options":false,"show_filtering_options":false,"attribute_filter_ids":[],"select_action":"view","product_title_visible":false,"product_descr_visible":false,"product_price_visible":true,"product_thumb_visible":false,"subtotal_visible_product":false,"subtotal_visible_cart":false,"subtotal_visible_orders":false}],"composite_scenarios":[],"acf":[],"_links":{"self":[{"href":"https:\/\/adequat.eu\/fr-be\/wp-json\/wp\/v2\/product\/6814","targetHints":{"allow":["GET"]}}],"collection":[{"href":"https:\/\/adequat.eu\/fr-be\/wp-json\/wp\/v2\/product"}],"about":[{"href":"https:\/\/adequat.eu\/fr-be\/wp-json\/wp\/v2\/types\/product"}],"replies":[{"embeddable":true,"href":"https:\/\/adequat.eu\/fr-be\/wp-json\/wp\/v2\/comments?post=6814"}],"wp:featuredmedia":[{"embeddable":true,"href":"https:\/\/adequat.eu\/fr-be\/wp-json\/wp\/v2\/media\/6815"}],"wp:attachment":[{"href":"https:\/\/adequat.eu\/fr-be\/wp-json\/wp\/v2\/media?parent=6814"}],"wp:term":[{"taxonomy":"product_brand","embeddable":true,"href":"https:\/\/adequat.eu\/fr-be\/wp-json\/wp\/v2\/product_brand?post=6814"},{"taxonomy":"product_cat","embeddable":true,"href":"https:\/\/adequat.eu\/fr-be\/wp-json\/wp\/v2\/product_cat?post=6814"},{"taxonomy":"product_tag","embeddable":true,"href":"https:\/\/adequat.eu\/fr-be\/wp-json\/wp\/v2\/product_tag?post=6814"}],"curies":[{"name":"wp","href":"https:\/\/api.w.org\/{rel}","templated":true}]}}