{"id":6830,"date":"2018-04-26T15:20:18","date_gmt":"2018-04-26T13:20:18","guid":{"rendered":"https:\/\/adequat.eu\/fr\/product\/piquet-robinier-o-16-18\/"},"modified":"2026-04-02T12:34:24","modified_gmt":"2026-04-02T10:34:24","slug":"piquet-robinier-o-16-18","status":"publish","type":"product","link":"https:\/\/adequat.eu\/fr-be\/product\/piquets\/piquets-en-robinier\/piquet-robinier-o-16-18\/","title":{"rendered":"Piquet robinier \u00d8 16\/18"},"content":{"rendered":"<p>Le piquet rond robinier \u00d8 16\/18 cm est un piquet en bois de robinier naturel tr\u00e8s durable aussi connu sous le nom d\u2019acacia. Le piquet \u00e0 un diam\u00e8tre d\u2019environ 17 centim\u00e8tres et une circonf\u00e9rence d\u2019environ 54 centim\u00e8tres. Les mesures sont calcul\u00e9es sur le c\u00f4t\u00e9 le plus \u00e9troit. En forme standard, ils sont livr\u00e9s sans pointage.<\/p>\n<p>Le robinier ou faux acacia est le bois le plus durable <a href=\"https:\/\/adequat.eu\/fr-be\/general\/classe-durabilite-des-differentes-essence-bois\/\">(classe de durabilit\u00e9 1)<\/a> poussant sous notre climat. Les piquets de ce type de bois DUR europ\u00e9en ont une dur\u00e9e de vie tr\u00e8s longue et ne demandent pas d\u2019entretien. Ils ne n\u00e9cessitent aucun traitement et gr\u00e2ce \u00e0 la duret\u00e9 du bois ils sont tr\u00e8s bien prot\u00e9g\u00e9s contre l\u2019humidit\u00e9. Les piquets sont \u00e9corc\u00e9s et non point\u00e9s. Ils ne sont pas \u2018frais\u00e9s\u2019 et ont gard\u00e9 leur forme naturelle. C\u2019est pour cette raison que g\u00e9n\u00e9ralement les piquets ne sont pas droits.<\/p>\n<p>Attention: l&rsquo;\u00e9corce de robinier peut \u00eatre dangereuse pour les chevaux.<\/p>\n<h2>Piquets en robinier \u00d8 16\/18 cm non point\u00e9s<\/h2>\n<p>Les diff\u00e9rentes longueurs de piquets en robinier \u00d8 16\/18 cm que vous trouvez sur le site sont des longueurs standard. D\u2019autres longueurs sont disponibles sur demande.<\/p>\n","protected":false},"excerpt":{"rendered":"<p>Le piquet rond robinier \u00d8 16\/18 cm est un piquet en bois de robinier naturel tr\u00e8s durable aussi connu sous le nom d\u2019acacia. Le piquet&#8230;<\/p>\n","protected":false},"featured_media":6413,"comment_status":"closed","ping_status":"closed","template":"","meta":{"_acf_changed":false,"inline_featured_image":false,"_trash_the_other_posts":false,"ep_exclude_from_search":false,"iawp_total_views":157,"editor_notices":[]},"product_brand":[],"product_cat":[151,111],"product_tag":[],"class_list":{"0":"post-6830","1":"product","2":"type-product","3":"status-publish","4":"has-post-thumbnail","6":"product_cat-piquets-en-robinier","7":"product_cat-piquets","9":"first","10":"instock","11":"shipping-taxable","12":"purchasable","13":"product-type-variable","14":"has-default-attributes"},"composite_virtual":false,"composite_layout":"","composite_add_to_cart_form_location":"","composite_editable_in_cart":false,"composite_sold_individually_context":"","composite_shop_price_calc":"","composite_components":[],"composite_scenarios":[],"acf":[],"_links":{"self":[{"href":"https:\/\/adequat.eu\/fr-be\/wp-json\/wp\/v2\/product\/6830","targetHints":{"allow":["GET"]}}],"collection":[{"href":"https:\/\/adequat.eu\/fr-be\/wp-json\/wp\/v2\/product"}],"about":[{"href":"https:\/\/adequat.eu\/fr-be\/wp-json\/wp\/v2\/types\/product"}],"replies":[{"embeddable":true,"href":"https:\/\/adequat.eu\/fr-be\/wp-json\/wp\/v2\/comments?post=6830"}],"wp:featuredmedia":[{"embeddable":true,"href":"https:\/\/adequat.eu\/fr-be\/wp-json\/wp\/v2\/media\/6413"}],"wp:attachment":[{"href":"https:\/\/adequat.eu\/fr-be\/wp-json\/wp\/v2\/media?parent=6830"}],"wp:term":[{"taxonomy":"product_brand","embeddable":true,"href":"https:\/\/adequat.eu\/fr-be\/wp-json\/wp\/v2\/product_brand?post=6830"},{"taxonomy":"product_cat","embeddable":true,"href":"https:\/\/adequat.eu\/fr-be\/wp-json\/wp\/v2\/product_cat?post=6830"},{"taxonomy":"product_tag","embeddable":true,"href":"https:\/\/adequat.eu\/fr-be\/wp-json\/wp\/v2\/product_tag?post=6830"}],"curies":[{"name":"wp","href":"https:\/\/api.w.org\/{rel}","templated":true}]}}