{"id":6840,"date":"2019-01-10T13:24:07","date_gmt":"2019-01-10T12:24:07","guid":{"rendered":"https:\/\/adequat.eu\/fr\/product\/post-en-chataignier-1-niveau-rond\/"},"modified":"2026-03-20T00:21:36","modified_gmt":"2026-03-19T23:21:36","slug":"post-en-chataignier-1-niveau-rond","status":"publish","type":"product","link":"https:\/\/adequat.eu\/fr-be\/product\/clotures\/post-et-rail\/post-en-chataignier-1-niveau-rond\/","title":{"rendered":"Piquet en ch\u00e2taignier 1 niveau rond"},"content":{"rendered":"<p>Le piquet de ch\u00e2taignier 1 niveau rond a une longueur d&rsquo;environ 120 centim\u00e8tres. Quarante \u00e0 cinquante centim\u00e8tres s&rsquo;enfoncent dans le sol lorsqu&rsquo;il est plac\u00e9 ; la longueur effective est donc de soixante-dix ou quatre-vingts centim\u00e8tres. Le bois de ch\u00e2taignier est un type de bois durable et ne n\u00e9cessite aucun entretien. Le piquet de ch\u00e2taignier fait partie de notre cl\u00f4ture Post &amp; Rail. Cette cl\u00f4ture est souvent utilis\u00e9e comme cl\u00f4ture pour les parterres de fleurs, comme abri pour les v\u00e9los ou pour indiquer par exemple les zones interdites aux voitures.<\/p>\n<h2>Mise en place d&rsquo;un piquet en ch\u00e2taigner 1 niveau &#8211; rond<\/h2>\n<p>Si vous souhaitez calculer le nombre d&rsquo;articles dont vous avez besoin, veuillez remplir notre <a href=\"https:\/\/adequat.eu\/fr-be\/assemblez-votre-cloture\/\">calculateur<\/a> sans engagement. Vous pouvez \u00e9galement demander <a href=\"https:\/\/adequat.eu\/fr-be\/devis\/\">un devis<\/a> gratuit.<\/p>\n","protected":false},"excerpt":{"rendered":"<p>Le piquet de ch\u00e2taignier 1 niveau rond a une longueur d&rsquo;environ 120 centim\u00e8tres. Quarante \u00e0 cinquante centim\u00e8tres s&rsquo;enfoncent dans le sol lorsqu&rsquo;il est plac\u00e9 ;&#8230;<\/p>\n","protected":false},"featured_media":6841,"comment_status":"closed","ping_status":"closed","template":"","meta":{"_acf_changed":false,"inline_featured_image":false,"_trash_the_other_posts":false,"ep_exclude_from_search":false,"iawp_total_views":7,"editor_notices":[]},"product_brand":[],"product_cat":[85,568,555,78,554,560],"product_tag":[],"class_list":{"0":"post-6840","1":"product","2":"type-product","3":"status-publish","4":"has-post-thumbnail","6":"product_cat-post-et-rail","7":"product_cat-cloture-post-et-rail-chataignier","8":"product_cat-cloture-pour-alpagas","9":"product_cat-clotures","10":"product_cat-clotures-pour-animaux","11":"product_cat-clotures-pour-chevaux","13":"first","14":"instock","15":"shipping-taxable","16":"purchasable","17":"product-type-simple"},"composite_virtual":false,"composite_layout":"","composite_add_to_cart_form_location":"","composite_editable_in_cart":false,"composite_sold_individually_context":"","composite_shop_price_calc":"","composite_components":[],"composite_scenarios":[],"acf":[],"_links":{"self":[{"href":"https:\/\/adequat.eu\/fr-be\/wp-json\/wp\/v2\/product\/6840","targetHints":{"allow":["GET"]}}],"collection":[{"href":"https:\/\/adequat.eu\/fr-be\/wp-json\/wp\/v2\/product"}],"about":[{"href":"https:\/\/adequat.eu\/fr-be\/wp-json\/wp\/v2\/types\/product"}],"replies":[{"embeddable":true,"href":"https:\/\/adequat.eu\/fr-be\/wp-json\/wp\/v2\/comments?post=6840"}],"wp:featuredmedia":[{"embeddable":true,"href":"https:\/\/adequat.eu\/fr-be\/wp-json\/wp\/v2\/media\/6841"}],"wp:attachment":[{"href":"https:\/\/adequat.eu\/fr-be\/wp-json\/wp\/v2\/media?parent=6840"}],"wp:term":[{"taxonomy":"product_brand","embeddable":true,"href":"https:\/\/adequat.eu\/fr-be\/wp-json\/wp\/v2\/product_brand?post=6840"},{"taxonomy":"product_cat","embeddable":true,"href":"https:\/\/adequat.eu\/fr-be\/wp-json\/wp\/v2\/product_cat?post=6840"},{"taxonomy":"product_tag","embeddable":true,"href":"https:\/\/adequat.eu\/fr-be\/wp-json\/wp\/v2\/product_tag?post=6840"}],"curies":[{"name":"wp","href":"https:\/\/api.w.org\/{rel}","templated":true}]}}