{"id":6863,"date":"2019-02-21T16:14:01","date_gmt":"2019-02-21T15:14:01","guid":{"rendered":"https:\/\/adequat.eu\/fr\/product\/bardeaux-en-bois\/"},"modified":"2025-06-19T15:34:02","modified_gmt":"2025-06-19T13:34:02","slug":"bardeaux-en-bois","status":"publish","type":"product","link":"https:\/\/adequat.eu\/fr-be\/product\/bardeaux-en-bois\/bardeaux-en-bois\/","title":{"rendered":"Bardeaux en bois"},"content":{"rendered":"<p>ATTENTION : Pour un syst\u00e8me de toiture durable, il faut pr\u00e9voir environ 25 bardeaux de bois par m\u00e8tre carr\u00e9. Un paquet contient 22 bardeaux rectangulaires en bois, ce qui signifie qu&rsquo;un paquet permet de poser environ 0,56 m\u00e8tre carr\u00e9. Pour un rev\u00eatement mural durable, on peut se contenter d&rsquo;un peu moins de bardeaux, car le drainage y est g\u00e9n\u00e9ralement meilleur.<\/p>\n<p>Les bardeaux de toit ont une hauteur de 60 cm, une largeur de 10,5 cm et une \u00e9paisseur de 2 cm d&rsquo;un c\u00f4t\u00e9 et de 2 mm de l&rsquo;autre. Nos bardeaux de toit ne sont pas cliv\u00e9s mais sci\u00e9s. Ils sont donc un peu moins irr\u00e9guliers que les bardeaux cliv\u00e9s. Cette m\u00e9thode de rev\u00eatement des toits et des murs n&rsquo;est pas encore tr\u00e8s r\u00e9pandue chez nous, mais dans d&rsquo;autres parties du monde &#8211; Am\u00e9rique du Nord, Canada et r\u00e9gions polaires &#8211; les bardeaux de ch\u00e2taignier ont depuis longtemps fait leurs preuves. L\u00e0-bas, ils ornent depuis longtemps les toits et les murs des granges, des maisons et des b\u00e2timents. Plus le toit est pentu et mieux le drainage est assur\u00e9, plus les bardeaux de toit remplissent leur fonction efficacement et longtemps. En France, les bardeaux de bois sont \u00e9galement connus sous le nom de bardeaux de toiture ou tuiles de bois.<\/p>\n<h2>Bardeaux de bois pour toiture ou fa\u00e7ade<\/h2>\n<p>Les bardeaux de bois sont r\u00e9guli\u00e8rement utilis\u00e9s pour les toits de hangars ou d&rsquo;extensions. Si les tuiles sont pos\u00e9es correctement et que vous assurez un bon drainage, elles ne n\u00e9cessitent aucun entretien. Le bois est naturellement prot\u00e9g\u00e9 contre les intemp\u00e9ries. Les bardeaux de bois vieillissent naturellement. Comme rev\u00eatement de base, on utilise toujours des bardeaux rectangulaires. Pour un effet ludique, vous pouvez alterner les bardeaux rectangulaires avec des bardeaux pointus ou ronds. Vous pouvez acheter ces bardeaux arrondis et pointus \u00e0 l&rsquo;unit\u00e9 dans notre boutique en ligne. Pour la durabilit\u00e9, il n&rsquo;y a pas de diff\u00e9rence.<\/p>\n<h2>Pose des bardeaux de bois<\/h2>\n<p>Les bardeaux de bois sont fix\u00e9s sur des lattes mont\u00e9es sur le toit \u00e0 une distance d&rsquo;environ 20 cm les unes des autres. Les bardeaux de bois sont ensuite pos\u00e9s par collage, de mani\u00e8re \u00e0 ce que le bardeau sup\u00e9rieur recouvre toujours le bardeau inf\u00e9rieur.<\/p>\n<p>Si vous souhaitez en savoir plus sur les bardeaux de toit en bois de ch\u00e2taignier, n&rsquo;h\u00e9sitez pas \u00e0 nous <a href=\"https:\/\/adequat.eu\/fr-be\/service-et-contact\/\">contacter<\/a>. Nous nous ferons un plaisir de vous aider.<\/p>\n","protected":false},"excerpt":{"rendered":"<p>ATTENTION : Pour un syst\u00e8me de toiture durable, il faut pr\u00e9voir environ 25 bardeaux de bois par m\u00e8tre carr\u00e9. Un paquet contient 22 bardeaux rectangulaires&#8230;<\/p>\n","protected":false},"featured_media":6864,"comment_status":"closed","ping_status":"closed","template":"","meta":{"_acf_changed":false,"inline_featured_image":false,"_trash_the_other_posts":false,"ep_exclude_from_search":false,"iawp_total_views":241,"editor_notices":[]},"product_brand":[],"product_cat":[229,149],"product_tag":[],"class_list":{"0":"post-6863","1":"product","2":"type-product","3":"status-publish","4":"has-post-thumbnail","6":"product_cat-bardeaux-en-bois","7":"product_cat-installation-fr","9":"first","10":"instock","11":"shipping-taxable","12":"purchasable","13":"product-type-variable","14":"has-default-attributes"},"composite_virtual":false,"composite_layout":"","composite_add_to_cart_form_location":"","composite_editable_in_cart":false,"composite_sold_individually_context":"","composite_shop_price_calc":"","composite_components":[],"composite_scenarios":[],"acf":[],"_links":{"self":[{"href":"https:\/\/adequat.eu\/fr-be\/wp-json\/wp\/v2\/product\/6863","targetHints":{"allow":["GET"]}}],"collection":[{"href":"https:\/\/adequat.eu\/fr-be\/wp-json\/wp\/v2\/product"}],"about":[{"href":"https:\/\/adequat.eu\/fr-be\/wp-json\/wp\/v2\/types\/product"}],"replies":[{"embeddable":true,"href":"https:\/\/adequat.eu\/fr-be\/wp-json\/wp\/v2\/comments?post=6863"}],"wp:featuredmedia":[{"embeddable":true,"href":"https:\/\/adequat.eu\/fr-be\/wp-json\/wp\/v2\/media\/6864"}],"wp:attachment":[{"href":"https:\/\/adequat.eu\/fr-be\/wp-json\/wp\/v2\/media?parent=6863"}],"wp:term":[{"taxonomy":"product_brand","embeddable":true,"href":"https:\/\/adequat.eu\/fr-be\/wp-json\/wp\/v2\/product_brand?post=6863"},{"taxonomy":"product_cat","embeddable":true,"href":"https:\/\/adequat.eu\/fr-be\/wp-json\/wp\/v2\/product_cat?post=6863"},{"taxonomy":"product_tag","embeddable":true,"href":"https:\/\/adequat.eu\/fr-be\/wp-json\/wp\/v2\/product_tag?post=6863"}],"curies":[{"name":"wp","href":"https:\/\/api.w.org\/{rel}","templated":true}]}}