{"id":8360,"date":"2021-03-26T17:08:22","date_gmt":"2021-03-26T16:08:22","guid":{"rendered":"https:\/\/adequat.eu\/fr\/?post_type=product&#038;p=8360"},"modified":"2026-03-05T14:29:11","modified_gmt":"2026-03-05T13:29:11","slug":"fermeture-a-chevauchement-un-portail-a-double-battant","status":"publish","type":"product","link":"https:\/\/adequat.eu\/fr-be\/product\/installation-fr\/charnieres-et-serrures\/fermeture-a-chevauchement-un-portail-a-double-battant\/","title":{"rendered":"Fermeture \u00e0 chevauchement un portail \u00e0 double battant"},"content":{"rendered":"<p>Fermeture \u00e0 chevauchement pour un portail \u00e0 double battant. Avec cette serrure, vous verrouillez le portail de l&rsquo;int\u00e9rieur. Vous avez \u00e9galement la possibilit\u00e9 de verrouiller le verrou de recouvrement &#8211; et donc les portails &#8211; avec un cadenas. Le capuchon de recouvrement de haute qualit\u00e9 est galvanis\u00e9.<\/p>\n","protected":false},"excerpt":{"rendered":"<p>Fermeture \u00e0 chevauchement pour un portail \u00e0 double battant. Avec cette serrure, vous verrouillez le portail de l&rsquo;int\u00e9rieur. Vous avez \u00e9galement la possibilit\u00e9 de verrouiller&#8230;<\/p>\n","protected":false},"featured_media":8358,"comment_status":"closed","ping_status":"closed","template":"","meta":{"_acf_changed":false,"inline_featured_image":false,"_trash_the_other_posts":false,"ep_exclude_from_search":false,"iawp_total_views":10,"editor_notices":[]},"product_brand":[],"product_cat":[150,149],"product_tag":[],"class_list":{"0":"post-8360","1":"product","2":"type-product","3":"status-publish","4":"has-post-thumbnail","6":"product_cat-charnieres-et-serrures","7":"product_cat-installation-fr","9":"first","10":"instock","11":"shipping-taxable","12":"purchasable","13":"product-type-simple"},"composite_virtual":false,"composite_layout":"","composite_add_to_cart_form_location":"","composite_editable_in_cart":false,"composite_sold_individually_context":"","composite_shop_price_calc":"","composite_components":[],"composite_scenarios":[],"acf":[],"_links":{"self":[{"href":"https:\/\/adequat.eu\/fr-be\/wp-json\/wp\/v2\/product\/8360","targetHints":{"allow":["GET"]}}],"collection":[{"href":"https:\/\/adequat.eu\/fr-be\/wp-json\/wp\/v2\/product"}],"about":[{"href":"https:\/\/adequat.eu\/fr-be\/wp-json\/wp\/v2\/types\/product"}],"replies":[{"embeddable":true,"href":"https:\/\/adequat.eu\/fr-be\/wp-json\/wp\/v2\/comments?post=8360"}],"wp:featuredmedia":[{"embeddable":true,"href":"https:\/\/adequat.eu\/fr-be\/wp-json\/wp\/v2\/media\/8358"}],"wp:attachment":[{"href":"https:\/\/adequat.eu\/fr-be\/wp-json\/wp\/v2\/media?parent=8360"}],"wp:term":[{"taxonomy":"product_brand","embeddable":true,"href":"https:\/\/adequat.eu\/fr-be\/wp-json\/wp\/v2\/product_brand?post=8360"},{"taxonomy":"product_cat","embeddable":true,"href":"https:\/\/adequat.eu\/fr-be\/wp-json\/wp\/v2\/product_cat?post=8360"},{"taxonomy":"product_tag","embeddable":true,"href":"https:\/\/adequat.eu\/fr-be\/wp-json\/wp\/v2\/product_tag?post=8360"}],"curies":[{"name":"wp","href":"https:\/\/api.w.org\/{rel}","templated":true}]}}