{"id":3,"date":"2020-02-28T16:47:14","date_gmt":"2020-02-28T21:47:14","guid":{"rendered":"https:\/\/adequat.eu\/?page_id=3"},"modified":"2022-01-20T11:33:54","modified_gmt":"2022-01-20T10:33:54","slug":"declaration-de-confidentialite","status":"publish","type":"page","link":"https:\/\/adequat.eu\/fr\/declaration-de-confidentialite\/","title":{"rendered":"D\u00e9claration de confidentialit\u00e9"},"content":{"rendered":"\r\n<p>Ad\u00e9quat B.V., entreprise sise \u00e0 Goedentijd 66B 5131 NS Alphen, est responsable du traitement de donn\u00e9es \u00e0 caract\u00e8re personnel tel que d\u00e9crit dans la pr\u00e9sente d\u00e9claration de confidentialit\u00e9.<\/p>\r\n<p>\u2026..<br \/><strong>Donn\u00e9es \u00e0 caract\u00e8re personnel que nous traitons<\/strong><\/p>\r\n<p>&nbsp;<\/p>\r\n<p>Ad\u00e9quat B.V. traite vos donn\u00e9es \u00e0 caract\u00e8re personnel car vous avez recours \u00e0 nos services et\/ou parce que vous nous fournissez vous-m\u00eame ces donn\u00e9es. Voici un r\u00e9capitulatif des donn\u00e9es \u00e0 caract\u00e8re personnel que nous traitons :<\/p>\r\n<ul>\r\n<li>Nom et pr\u00e9nom<\/li>\r\n<li>Adresse<\/li>\r\n<li>Num\u00e9ro de t\u00e9l\u00e9phone<\/li>\r\n<li>Adresse \u00e9lectronique<\/li>\r\n<li>Adresse\u00a0IP<\/li>\r\n<li>Donn\u00e9es de localisation<\/li>\r\n<li>Donn\u00e9es concernant vos activit\u00e9s sur notre site\u00a0Web<\/li>\r\n<li>Donn\u00e9es concernant votre comportement sur diff\u00e9rents sites\u00a0Web (par exemple parce que l\u2019entreprise en question fait partie d\u2019un r\u00e9seau publicitaire)<\/li>\r\n<li>Navigateur internet et type d\u2019appareil<\/li>\r\n<\/ul>\r\n<p><strong>Donn\u00e9es \u00e0 caract\u00e8re personnel particuli\u00e8res et\/ou sensibles que nous traitons<\/strong><\/p>\r\n<p>&nbsp;<\/p>\r\n<p>Notre site\u00a0Web et\/ou nos services n\u2019ont pas pour but de collecter des donn\u00e9es relatives \u00e0 des visiteurs \u00e2g\u00e9s de moins de 16\u00a0ans, sauf en cas d\u2019autorisation d\u2019un parent ou tuteur. Nous n\u2019avons toutefois aucun moyen de nous assurer qu\u2019un visiteur est \u00e2g\u00e9 de 16\u00a0ans ou plus. Nous conseillons donc aux parents de surveiller les activit\u00e9s en ligne de leurs enfants afin d\u2019\u00e9viter que les donn\u00e9es de ces derniers soient collect\u00e9es sans autorisation parentale. Si vous \u00eates convaincu(e) que nous avons collect\u00e9 des donn\u00e9es \u00e0 caract\u00e8re personnel relatives \u00e0 un mineur sans autorisation parentale, contactez-nous \u00e0 l\u2019adresse info@adequat.eu pour que nous supprimions ces donn\u00e9es.<\/p>\r\n<p><strong>\u00a0<\/strong><\/p>\r\n<p><strong>Finalit\u00e9 et fondement du traitement des donn\u00e9es \u00e0 caract\u00e8re personnel<\/strong><\/p>\r\n<p>&nbsp;<\/p>\r\n<p>Ad\u00e9quat B.V. traite vos donn\u00e9es \u00e0 caract\u00e8re personnel aux fins suivantes :<\/p>\r\n<ul>\r\n<li>Traitement de vos paiements<\/li>\r\n<li>Envoi de notre bulletin d\u2019information et\/ou de nos publicit\u00e9s<\/li>\r\n<li>Pouvoir vous contacter par t\u00e9l\u00e9phone ou par courriel si cela s\u2019av\u00e8re n\u00e9cessaire \u00e0 la prestation de nos services<\/li>\r\n<li>Vous offrir la possibilit\u00e9 de cr\u00e9er un compte<\/li>\r\n<li>Vous livrer des biens et vous fournir des services \u00e0 domicile<\/li>\r\n<li>Ad\u00e9quat B.V. traite \u00e9galement certaines donn\u00e9es \u00e0 caract\u00e8re personnel dans la mesure o\u00f9 nous y sommes oblig\u00e9s, par exemple pour remplir notre d\u00e9claration d\u2019imp\u00f4ts.<\/li>\r\n<\/ul>\r\n<p>&nbsp;<\/p>\r\n<p><strong>Prise de d\u00e9cision par traitement automatis\u00e9<\/strong><\/p>\r\n<p>Ad\u00e9quat B.V. n\u2019utilise jamais le traitement automatis\u00e9 pour prendre des d\u00e9cisions susceptibles d\u2019affecter (consid\u00e9rablement) des personnes. Par \u00ab prise de d\u00e9cision par traitement automatis\u00e9 \u00bb, nous entendons toute prise de d\u00e9cision par des syst\u00e8mes ou programmes informatiques sans la supervision d\u2019un humain (un collaborateur d\u2019Ad\u00e9quat Affaire Commerciale, par exemple).<\/p>\r\n<p><strong>Dur\u00e9e de conservation des donn\u00e9es \u00e0 caract\u00e8re personnel<\/strong><\/p>\r\n<p>Ad\u00e9quat B.V. ne conservera pas vos donn\u00e9es \u00e0 caract\u00e8re personnel plus longtemps que strictement n\u00e9cessaire pour la r\u00e9alisation des fins auxquelles vos donn\u00e9es ont \u00e9t\u00e9 collect\u00e9es. Si vous souhaitez dispara\u00eetre de nos fichiers au terme de la dur\u00e9e de conservation l\u00e9gale de 7 ans, contactez-nous \u00e0 l\u2019adresse info@adequat.eu. Nous supprimerons alors vos donn\u00e9es.<\/p>\r\n<p>&nbsp;<\/p>\r\n<p><strong>Partage de donn\u00e9es \u00e0 caract\u00e8re personnel avec des tiers<\/strong><\/p>\r\n<p>Ad\u00e9quat B.V. ne vend aucunement vos donn\u00e9es \u00e0 des tiers et ne les divulgue que lorsque cela s\u2019av\u00e8re n\u00e9cessaire afin d\u2019honorer un accord conclu avec vous ou de satisfaire \u00e0 une obligation l\u00e9gale. Nous avons conclu un contrat de sous-traitance avec les entreprises charg\u00e9es de traiter vos donn\u00e9es pour nous afin de nous assurer qu\u2019ils appliquent au moins le m\u00eame niveau de protection et de confidentialit\u00e9 de vos donn\u00e9es que nous. Ad\u00e9quat B.V. reste responsable du traitement de vos donn\u00e9es \u00e0 caract\u00e8re personnel.<\/p>\r\n<p>&nbsp;<\/p>\r\n<p><strong>Cookies (ou techniques similaires) que nous utilisons<\/strong><\/p>\r\n<p>Ad\u00e9quat B.V. utilise des cookies fonctionnels, des cookies analytiques, et des cookies de tra\u00e7age. Un cookie est un petit fichier de texte qui est enregistr\u00e9 dans le navigateur de votre ordinateur, tablette ou smartphone lors de votre premi\u00e8re visite sur un site Web. Ad\u00e9quat B.V. n\u2019utilise que des cookies aux fonctionnalit\u00e9s purement techniques. Ces cookies permettent au site Web de fonctionner correctement et, par exemple, de retenir vos pr\u00e9f\u00e9rences. Ces cookies sont \u00e9galement utilis\u00e9s dans le but d\u2019optimiser notre site Web. Nous employons en outre des cookies qui m\u00e9morisent votre comportement sur le Web afin de vous proposer du contenu et des publicit\u00e9s adapt\u00e9s. Nous vous avons d\u00e9j\u00e0 inform\u00e9(e) au sujet de ces cookies lors de votre premi\u00e8re visite sur notre site Web, et vous avions demand\u00e9 votre consentement pour l\u2019utilisation de ces cookies. Vous pouvez toutefois retirer votre consentement en param\u00e9trant votre navigateur de sorte qu\u2019il n\u2019enregistre plus aucun cookie. Vous pouvez en outre supprimer, via les param\u00e8tres de votre navigateur, tous les cookies enregistr\u00e9s. Pour plus d\u2019informations, consultez :\u00a0<a href=\"http:\/\/www.allaboutcookies.org\/fr\/\" target=\"_blank\" rel=\"noopener\">http:\/\/www.allaboutcookies.org\/fr\/<\/a><\/p>\r\n<p>&nbsp;<\/p>\r\n<p>Divers tiers placent en outre des cookies via notre site\u00a0Web, par exemple des publicitaires et\/ou les entreprises qui g\u00e8rent les r\u00e9seaux sociaux. Vous trouverez un r\u00e9capitulatif ci-dessous.<\/p>\r\n<p><strong>\u00a0<\/strong><\/p>\r\n<p><strong>Consultation, correction ou suppression des donn\u00e9es<\/strong><\/p>\r\n<p>Vous avez le droit de consulter, de corriger ou de supprimer vos donn\u00e9es \u00e0 caract\u00e8re personnel. Vous avez en outre le droit de retirer votre \u00e9ventuel consentement au traitement de vos donn\u00e9es, ou de vous opposer au traitement de vos donn\u00e9es \u00e0 caract\u00e8re personnel par Ad\u00e9quat B.V.. Vous avez \u00e9galement droit \u00e0 la portabilit\u00e9 des donn\u00e9es. Cela signifie que vous pouvez nous demander de vous transf\u00e9rer, ou de transf\u00e9rer \u00e0 une autre organisation de votre choix, les donn\u00e9es \u00e0 caract\u00e8re personnel vous concernant dont nous disposons dans un fichier informatique. Vous pouvez envoyer toute demande de consultation, de correction, de suppression ou de transfert de vos donn\u00e9es \u00e0 caract\u00e8re personnel \u00e0 l\u2019adresse info@adequart.eu. Vous pouvez \u00e9galement utiliser cette adresse pour nous informer que vous retirez votre consentement ou vous opposez au traitement de vos donn\u00e9es \u00e0 caract\u00e8re personnel. Nous vous demandons de joindre \u00e0 toute demande de consultation une copie d\u2019une preuve d\u2019identit\u00e9 afin de nous assurer que la demande \u00e9mane bien de vous. Noircissez sur cette copie votre photo d\u2019identit\u00e9, la zone lisible par machine (la bande pourvue de chiffres) au bas de votre passeport, votre num\u00e9ro de passeport et votre num\u00e9ro BSN afin de prot\u00e9ger votre vie priv\u00e9e. Nous r\u00e9pondrons \u00e0 votre demande aussi rapidement que possible et, dans tous les cas, dans un d\u00e9lai de quatre semaines. Ad\u00e9quat B.V. vous rappelle \u00e9galement que vous avez la possibilit\u00e9 d\u2019introduire une plainte aupr\u00e8s de l\u2019Autorit\u00e9 de protection des donn\u00e9es comp\u00e9tente. Trouvez votre autorit\u00e9 nationale de protection des donn\u00e9es en ligne ici :\u00a0<a href=\"http:\/\/ec.europa.eu\/justice\/article-29\/structure\/data-protection-authorities\/index_en.htm\" target=\"_blank\" rel=\"noopener\">http:\/\/ec.europa.eu\/justice\/article-29\/structure\/data-protection-authorities\/index_en.htm<\/a><\/p>\r\n<p><strong>\u00a0<\/strong><\/p>\r\n<p><strong>Protection de vos donn\u00e9es \u00e0 caract\u00e8re personnel<\/strong><\/p>\r\n<p>Ad\u00e9quat B.V. prend la protection de vos donn\u00e9es tr\u00e8s au s\u00e9rieux, et prend par cons\u00e9quent les mesures n\u00e9cessaires afin d\u2019emp\u00eacher l\u2019utilisation frauduleuse, la perte, l\u2019acc\u00e8s non autoris\u00e9, la divulgation ind\u00e9sirable et la modification illicite de vos donn\u00e9es. Si vous avez l\u2019impression que vos donn\u00e9es ne sont pas bien prot\u00e9g\u00e9es ou si vous soup\u00e7onnez une utilisation frauduleuse, contactez notre service \u00e0 la client\u00e8le ou pr\u00e9venez-nous via l\u2019adresse info@adequat.eu.<\/p>\r\n<p><strong>Protection de vos donn\u00e9es \u00e0 caract\u00e8re personnel<\/strong><\/p>\r\n<p>Ad\u00e9quat Affaire Commerciale prend la protection de vos donn\u00e9es tr\u00e8s au s\u00e9rieux, et prend par cons\u00e9quent les mesures n\u00e9cessaires afin d\u2019emp\u00eacher l\u2019utilisation frauduleuse, la perte, l\u2019acc\u00e8s non autoris\u00e9, la divulgation ind\u00e9sirable et la modification illicite de vos donn\u00e9es. Si vous avez l\u2019impression que vos donn\u00e9es ne sont pas bien prot\u00e9g\u00e9es ou si vous soup\u00e7onnez une utilisation frauduleuse, contactez notre service \u00e0 la client\u00e8le ou pr\u00e9venez-nous via l\u2019adresse info@adequat.eu.<\/p>\r\n<h3 class=\"wp-block-heading\"><em>Cookies<\/em><\/h3>\r\n<p>R\u00e9capitulatif des cookies utilis\u00e9s \u00a0:<\/p>\r\n<p>&nbsp;<\/p>\r\n<p><strong>Cookies fonctionnels\u00a0(11)<br \/><\/strong>Ces cookies rendent notre site\u00a0Web plus pratique en permettant des fonctionnalit\u00e9s de base\u00a0: navigation entre les pages, acc\u00e8s aux parties prot\u00e9g\u00e9es du site\u2026 Sans ces cookies, le site\u00a0Web ne pourrait pas fonctionner correctement.<\/p>\r\n<p>&nbsp;<\/p>\r\n<table>\r\n<thead>\r\n<tr>\r\n<td width=\"197\">Nom<\/td>\r\n<td width=\"86\">Fournisseur<\/td>\r\n<td width=\"264\">But<\/td>\r\n<td width=\"95\">Expiration<\/td>\r\n<td width=\"65\">Type<\/td>\r\n<\/tr>\r\n<\/thead>\r\n<tbody>\r\n<tr>\r\n<td width=\"197\">__cfduid<\/td>\r\n<td width=\"86\">tawk.to<\/td>\r\n<td width=\"264\">Utilis\u00e9 par Cloudflare, le r\u00e9seau de diffusion de contenu, pour identifier le trafic\u00a0Web de confiance.<\/td>\r\n<td width=\"95\">Apr\u00e8s 1\u00a0an<\/td>\r\n<td width=\"65\">HTTP Cookie<\/td>\r\n<\/tr>\r\n<tr>\r\n<td width=\"197\">_wpss_h_<\/td>\r\n<td width=\"86\">adequat.eu<\/td>\r\n<td width=\"264\">Utilis\u00e9 pour bloquer les spams et am\u00e9liorer la s\u00e9curit\u00e9 de nos sites\u00a0Web. Ces cookies sont non intrusifs \u2013 ils ne stockent aucune donn\u00e9e permettant d\u2019identifier les visiteurs et ne sont pas employ\u00e9s \u00e0 des fins de publicit\u00e9, de marketing ou autres fins similaires.<\/td>\r\n<td width=\"95\">\u00c0 la fin de la session<\/td>\r\n<td width=\"65\">HTTP Cookie<\/td>\r\n<\/tr>\r\n<tr>\r\n<td width=\"197\">_wpss_p_<\/td>\r\n<td width=\"86\">adequat.eu<\/td>\r\n<td width=\"264\">Utilis\u00e9 pour bloquer les spams et am\u00e9liorer la s\u00e9curit\u00e9 de nos sites\u00a0Web. Ces cookies sont non intrusifs \u2013 ils ne stockent aucune donn\u00e9e permettant d\u2019identifier les visiteurs et ne sont pas employ\u00e9s \u00e0 des fins de publicit\u00e9, de marketing ou autres fins similaires.<\/td>\r\n<td width=\"95\">\u00c0 la fin de la session<\/td>\r\n<td width=\"65\">HTTP Cookie<\/td>\r\n<\/tr>\r\n<tr>\r\n<td width=\"197\">CookieConsent<\/td>\r\n<td width=\"86\">adequat.eu<\/td>\r\n<td width=\"264\">Enregistre le choix de l\u2019utilisateur en mati\u00e8re de cookies pour le domaine concern\u00e9.<\/td>\r\n<td width=\"95\">Apr\u00e8s 1\u00a0an<\/td>\r\n<td width=\"65\">HTTP Cookie<\/td>\r\n<\/tr>\r\n<tr>\r\n<td width=\"197\">gravityview_back_link_16199<\/td>\r\n<td width=\"86\">adequat.eu<\/td>\r\n<td width=\"264\">Non classifi\u00e9<\/td>\r\n<td width=\"95\">\u00c0 la fin de la session<\/td>\r\n<td width=\"65\">HTTP Cookie<\/td>\r\n<\/tr>\r\n<tr>\r\n<td width=\"197\">JCS_INENREF<\/td>\r\n<td width=\"86\">adequat.eu<\/td>\r\n<td width=\"264\">Protection contre les spams.<\/td>\r\n<td width=\"95\">\u00c0 la fin de la session<\/td>\r\n<td width=\"65\">HTTP Cookie<\/td>\r\n<\/tr>\r\n<tr>\r\n<td width=\"197\">JCS_INENTIM<\/td>\r\n<td width=\"86\">adequat.eu<\/td>\r\n<td width=\"264\">Protection contre les spams.<\/td>\r\n<td width=\"95\">\u00c0 la fin de la session<\/td>\r\n<td width=\"65\">HTTP Cookie<\/td>\r\n<\/tr>\r\n<tr>\r\n<td width=\"197\">PHPSESSID<\/td>\r\n<td width=\"86\">adequat.eu<\/td>\r\n<td width=\"264\">Retient le statut de la session utilisateur pour l\u2019utiliser sur toutes les pages du site.<\/td>\r\n<td width=\"95\">\u00c0 la fin de la session<\/td>\r\n<td width=\"65\">HTTP Cookie<\/td>\r\n<\/tr>\r\n<tr>\r\n<td width=\"197\">wc_cart_hash_#<\/td>\r\n<td width=\"86\">adequat.eu<\/td>\r\n<td width=\"264\">Non classifi\u00e9<\/td>\r\n<td width=\"95\">\u00c0 la fin de la session<\/td>\r\n<td width=\"65\">HTML Local Storage<\/td>\r\n<\/tr>\r\n<tr>\r\n<td width=\"197\">wc_fragments_#<\/td>\r\n<td width=\"86\">adequat.eu<\/td>\r\n<td width=\"264\">Non classifi\u00e9<\/td>\r\n<td width=\"95\">\u00c0 la fin de la session<\/td>\r\n<td width=\"65\">HTML Local Storage<\/td>\r\n<\/tr>\r\n<tr>\r\n<td width=\"197\">wpml_referer_url<\/td>\r\n<td width=\"86\">adequat.eu<\/td>\r\n<td width=\"264\">Non classifi\u00e9<\/td>\r\n<td width=\"95\">\u00c0 la fin de la session<\/td>\r\n<td width=\"65\">HTTP Cookie<\/td>\r\n<\/tr>\r\n<\/tbody>\r\n<\/table>\r\n<p>&nbsp;<\/p>\r\n<p>&nbsp;<\/p>\r\n<p><strong>Cookies de confort (3)<br \/><\/strong>Ces cookies permettent au site\u00a0Web de retenir des informations qui influent sur le comportement et la forme du site\u00a0Web, par exemple la langue choisie ou la r\u00e9gion dans laquelle vous habitez.<\/p>\r\n<p>&nbsp;<\/p>\r\n<table>\r\n<thead>\r\n<tr>\r\n<td width=\"183\">Nom<\/td>\r\n<td width=\"86\">Fournisseur<\/td>\r\n<td width=\"252\">But<\/td>\r\n<td width=\"97\">Expiration<\/td>\r\n<td width=\"80\">Type<\/td>\r\n<\/tr>\r\n<\/thead>\r\n<tbody>\r\n<tr>\r\n<td width=\"183\">_icl_current_language<\/td>\r\n<td width=\"86\">adequat.eu<\/td>\r\n<td width=\"252\">Enregistre la langue choisie par l\u2019utilisateur sur le site\u00a0Web.<\/td>\r\n<td width=\"97\">\u00c0 la fin de la session<\/td>\r\n<td width=\"80\">HTTP Cookie<\/td>\r\n<\/tr>\r\n<tr>\r\n<td width=\"183\">_icl_visitor_lang_js<\/td>\r\n<td width=\"86\">adequat.eu<\/td>\r\n<td width=\"252\">Enregistre la langue choisie par l\u2019utilisateur sur le site\u00a0Web.<\/td>\r\n<td width=\"97\">Apr\u00e8s 1\u00a0jour<\/td>\r\n<td width=\"80\">HTTP Cookie<\/td>\r\n<\/tr>\r\n<tr>\r\n<td width=\"183\">wpml_browser_redirect_test<\/td>\r\n<td width=\"86\">adequat.eu<\/td>\r\n<td width=\"252\">Enregistre la langue choisie par l\u2019utilisateur sur le site\u00a0Web.<\/td>\r\n<td width=\"97\">\u00c0 la fin de la session<\/td>\r\n<td width=\"80\">HTTP Cookie<\/td>\r\n<\/tr>\r\n<\/tbody>\r\n<\/table>\r\n<p>&nbsp;<\/p>\r\n<p>&nbsp;<\/p>\r\n<p><strong>Cookies pour statistiques\u00a0(7)<br \/><\/strong>Ces cookies aident les propri\u00e9taires de sites\u00a0Web \u00e0 mieux comprendre comment les visiteurs utilisent leur site en collectant des donn\u00e9es anonymis\u00e9es pour \u00e9tablir des rapports.<\/p>\r\n<p>&nbsp;<\/p>\r\n<table>\r\n<thead>\r\n<tr>\r\n<td width=\"147\">Nom<\/td>\r\n<td width=\"143\">Fournisseur<\/td>\r\n<td width=\"192\">But<\/td>\r\n<td width=\"97\">Expiration<\/td>\r\n<td width=\"64\">Type<\/td>\r\n<\/tr>\r\n<\/thead>\r\n<tbody>\r\n<tr>\r\n<td width=\"147\">_dc_gtm_UA-#<\/td>\r\n<td width=\"143\">adequat.eu<\/td>\r\n<td width=\"192\">Utilis\u00e9 par le gestionnaire de balises Google pour contr\u00f4ler le chargement d\u2019une balise de script Google Analytics.<\/td>\r\n<td width=\"97\">\u00c0 la fin de la session<\/td>\r\n<td width=\"64\">HTTP Cookie<\/td>\r\n<\/tr>\r\n<tr>\r\n<td width=\"147\">_ga<\/td>\r\n<td width=\"143\">adequat.eu<\/td>\r\n<td width=\"192\">Enregistre un identifiant unique utilis\u00e9 pour g\u00e9n\u00e9rer des donn\u00e9es statistiques sur la fa\u00e7on dont le visiteur utilise le site.<\/td>\r\n<td width=\"97\">Apr\u00e8s 2\u00a0ans<\/td>\r\n<td width=\"64\">HTTP Cookie<\/td>\r\n<\/tr>\r\n<tr>\r\n<td width=\"147\">_gid<\/td>\r\n<td width=\"143\">adequat.eu<\/td>\r\n<td width=\"192\">Enregistre un identifiant unique utilis\u00e9 pour g\u00e9n\u00e9rer des donn\u00e9es statistiques sur la fa\u00e7on dont le visiteur utilise le site.<\/td>\r\n<td width=\"97\">\u00c0 la fin de la session<\/td>\r\n<td width=\"64\">HTTP Cookie<\/td>\r\n<\/tr>\r\n<tr>\r\n<td width=\"147\">_hjIncludedInSample<\/td>\r\n<td width=\"143\">adequat.eu<\/td>\r\n<td width=\"192\">D\u00e9termine si la navigation de l\u2019utilisateur doit \u00eatre incluse dans l\u2019\u00e9chantillon utilis\u00e9 pour g\u00e9n\u00e9rer les statistiques.<\/td>\r\n<td width=\"97\">\u00c0 la fin de la session<\/td>\r\n<td width=\"64\">HTTP Cookie<\/td>\r\n<\/tr>\r\n<tr>\r\n<td width=\"147\">_hjRecordingEnabled<\/td>\r\n<td width=\"143\">adequat.eu<\/td>\r\n<td width=\"192\">Non classifi\u00e9<\/td>\r\n<td width=\"97\">\u00c0 la fin de la session<\/td>\r\n<td width=\"64\">HTML Local Storage<\/td>\r\n<\/tr>\r\n<tr>\r\n<td width=\"147\">ads\/ga-audiences<\/td>\r\n<td width=\"143\">google.com<\/td>\r\n<td width=\"192\">Utilis\u00e9 par Google AdWords pour r\u00e9approcher les visiteurs susceptibles de devenir clients en fonction du comportement en ligne du visiteur sur diff\u00e9rents sites Web.<\/td>\r\n<td width=\"97\">\u00c0 la fin de la session<\/td>\r\n<td width=\"64\">Pixel Tracker<\/td>\r\n<\/tr>\r\n<tr>\r\n<td width=\"147\">collect<\/td>\r\n<td width=\"143\">google-analytics.com<\/td>\r\n<td width=\"192\">Utilis\u00e9 pour envoyer \u00e0 Google Analytics des donn\u00e9es relatives \u00e0 l\u2019appareil et au comportement du visiteur. Suit le visiteur \u00e0 travers les appareils et les canaux de marketing.<\/td>\r\n<td width=\"97\">\u00c0 la fin de la session<\/td>\r\n<td width=\"64\">Pixel Tracker<\/td>\r\n<\/tr>\r\n<\/tbody>\r\n<\/table>\r\n<p>&nbsp;<\/p>\r\n<p>&nbsp;<\/p>\r\n<p><strong>Divers (10)<br \/><\/strong>Les autres cookies servent \u00e0 suivre les utilisateurs lorsqu\u2019ils visitent divers sites\u00a0Web.<\/p>\r\n<p>&nbsp;<\/p>\r\n<table>\r\n<thead>\r\n<tr>\r\n<td width=\"236\">Nom<\/td>\r\n<td width=\"90\">Fournisseur<\/td>\r\n<td width=\"193\">But<\/td>\r\n<td width=\"97\">Expiration<\/td>\r\n<td width=\"64\">Type<\/td>\r\n<\/tr>\r\n<\/thead>\r\n<tbody>\r\n<tr>\r\n<td width=\"236\">__tawkuuid<\/td>\r\n<td width=\"90\">adequat.eu<\/td>\r\n<td width=\"193\">Non classifi\u00e9<\/td>\r\n<td width=\"97\">Apr\u00e8s 179\u00a0jours<\/td>\r\n<td width=\"64\">HTTP Cookie<\/td>\r\n<\/tr>\r\n<tr>\r\n<td width=\"236\">GPS<\/td>\r\n<td width=\"90\">youtube.com<\/td>\r\n<td width=\"193\">Enregistre un identifiant unique sur les appareils mobiles pour permettre le suivi bas\u00e9 sur la localisation g\u00e9ographique\u00a0GPS.<\/td>\r\n<td width=\"97\">\u00c0 la fin de la session<\/td>\r\n<td width=\"64\">HTTP Cookie<\/td>\r\n<\/tr>\r\n<tr>\r\n<td width=\"236\">PREF<\/td>\r\n<td width=\"90\">youtube.com<\/td>\r\n<td width=\"193\">Enregistre un identifiant unique utilis\u00e9 par Google pour conserver des statistiques sur la fa\u00e7on dont le visiteur utilise des vid\u00e9os YouTube sur diff\u00e9rents sites\u00a0Web.<\/td>\r\n<td width=\"97\">Apr\u00e8s 8\u00a0mois<\/td>\r\n<td width=\"64\">HTTP Cookie<\/td>\r\n<\/tr>\r\n<tr>\r\n<td width=\"236\">ss<\/td>\r\n<td width=\"90\">va.tawk.to<\/td>\r\n<td width=\"193\">Non classifi\u00e9<\/td>\r\n<td width=\"97\">\u00c0 la fin de la session<\/td>\r\n<td width=\"64\">HTTP Cookie<\/td>\r\n<\/tr>\r\n<tr>\r\n<td width=\"236\">Tawk_56deb37689de54b41e953c38<\/td>\r\n<td width=\"90\">adequat.eu<\/td>\r\n<td width=\"193\">Non classifi\u00e9<\/td>\r\n<td width=\"97\">Apr\u00e8s 179\u00a0jours<\/td>\r\n<td width=\"64\">HTTP Cookie<\/td>\r\n<\/tr>\r\n<tr>\r\n<td width=\"236\">TawkConnectionTime<\/td>\r\n<td width=\"90\">adequat.eu<\/td>\r\n<td width=\"193\">Non classifi\u00e9<\/td>\r\n<td width=\"97\">\u00c0 la fin de la session<\/td>\r\n<td width=\"64\">HTTP Cookie<\/td>\r\n<\/tr>\r\n<tr>\r\n<td width=\"236\">tawkUUID<\/td>\r\n<td width=\"90\">va.tawk.to<\/td>\r\n<td width=\"193\">Non classifi\u00e9<\/td>\r\n<td width=\"97\">Apr\u00e8s 179\u00a0jours<\/td>\r\n<td width=\"64\">HTTP Cookie<\/td>\r\n<\/tr>\r\n<tr>\r\n<td width=\"236\">TawkWindowName<\/td>\r\n<td width=\"90\">adequat.eu<\/td>\r\n<td width=\"193\">Non classifi\u00e9<\/td>\r\n<td width=\"97\">\u00c0 la fin de la session<\/td>\r\n<td width=\"64\">HTML Local Storage<\/td>\r\n<\/tr>\r\n<tr>\r\n<td width=\"236\">VISITOR_INFO1_LIVE<\/td>\r\n<td width=\"90\">youtube.com<\/td>\r\n<td width=\"193\">Tente d\u2019estimer la bande passante des utilisateurs sur des pages avec des vid\u00e9os YouTube int\u00e9gr\u00e9es.<\/td>\r\n<td width=\"97\">Apr\u00e8s 179\u00a0jours<\/td>\r\n<td width=\"64\">HTTP Cookie<\/td>\r\n<\/tr>\r\n<tr>\r\n<td width=\"236\">YSC<\/td>\r\n<td width=\"90\">youtube.com<\/td>\r\n<td width=\"193\">Enregistre un identifiant unique pour conserver des statistiques sur les vid\u00e9os YouTube vues par l\u2019utilisateur.<\/td>\r\n<td width=\"97\">\u00c0 la fin de la session<\/td>\r\n<td width=\"64\">HTTP Cookie<\/td>\r\n<\/tr>\r\n<\/tbody>\r\n<\/table>\r\n<p>&nbsp;<\/p>\r\n","protected":false},"excerpt":{"rendered":"<p>Ad\u00e9quat B.V., entreprise sise \u00e0 Goedentijd 66B 5131 NS Alphen, est responsable du traitement de donn\u00e9es \u00e0 caract\u00e8re personnel tel que d\u00e9crit dans la pr\u00e9sente&#8230;<\/p>\n","protected":false},"author":4,"featured_media":0,"parent":0,"menu_order":99,"comment_status":"closed","ping_status":"closed","template":"","meta":{"_acf_changed":false,"inline_featured_image":false,"_trash_the_other_posts":false,"ep_exclude_from_search":false,"iawp_total_views":38,"editor_notices":[],"footnotes":""},"class_list":["post-3","page","type-page","status-publish","hentry"],"acf":[],"_links":{"self":[{"href":"https:\/\/adequat.eu\/fr\/wp-json\/wp\/v2\/pages\/3","targetHints":{"allow":["GET"]}}],"collection":[{"href":"https:\/\/adequat.eu\/fr\/wp-json\/wp\/v2\/pages"}],"about":[{"href":"https:\/\/adequat.eu\/fr\/wp-json\/wp\/v2\/types\/page"}],"author":[{"embeddable":true,"href":"https:\/\/adequat.eu\/fr\/wp-json\/wp\/v2\/users\/4"}],"replies":[{"embeddable":true,"href":"https:\/\/adequat.eu\/fr\/wp-json\/wp\/v2\/comments?post=3"}],"version-history":[{"count":1,"href":"https:\/\/adequat.eu\/fr\/wp-json\/wp\/v2\/pages\/3\/revisions"}],"predecessor-version":[{"id":10786,"href":"https:\/\/adequat.eu\/fr\/wp-json\/wp\/v2\/pages\/3\/revisions\/10786"}],"wp:attachment":[{"href":"https:\/\/adequat.eu\/fr\/wp-json\/wp\/v2\/media?parent=3"}],"curies":[{"name":"wp","href":"https:\/\/api.w.org\/{rel}","templated":true}]}}