{"id":7956,"date":"2020-12-23T16:49:21","date_gmt":"2020-12-23T15:49:21","guid":{"rendered":"https:\/\/adequat.eu\/fr\/livraison\/"},"modified":"2025-06-05T14:09:48","modified_gmt":"2025-06-05T12:09:48","slug":"livraison","status":"publish","type":"page","link":"https:\/\/adequat.eu\/fr\/livraison\/","title":{"rendered":"Livraison"},"content":{"rendered":"<header class=\"entry-header\">\n<h1 class=\"entry-title\">Livraison<\/h1>\n<\/header>\n<div class=\"entry-content\">\n<p>Il vous sera demand\u00e9 de payer votre facture en avance par virement bancaire en indiquant bien le num\u00e9ro de commande et votre nom sur le compte bancaire FR76 3000 4006 6300 0100 6902 392.<\/p>\n<p>Nous livrons dans toute la France (sauf les DOM-TOM) Les frais de livraison d\u00e9pendent de l&rsquo;endroit o\u00f9 vous habitez mais \u00e9galement de la taille de votre commande. Demandez-nous un <a href=\"https:\/\/adequat.eu\/fr\/devis\/\">devis<\/a> sans engagement ou consultez <a href=\"https:\/\/adequat.eu\/fr\/assemblez-votre-cloture\/\">l\u2019assistant produit<\/a> et il vous donnera le prix du produit et de la livraison. Si vous commandez en ligne et que vous venez chercher vous-m\u00eame votre commande \u00e0 Eurre (Dr\u00f4me), vous aurez droit une r\u00e9duction de 7 %.<\/p>\n<p>Quelques jours apr\u00e8s avoir pass\u00e9 votre commande, vous recevrez une r\u00e9ponse de notre d\u00e9partement de logistique. Il vous sera propos\u00e9 une date et une heure de livraison avec une marge de 2 \u00e0 4 heures. Si vous le souhaitez, vous pouvez t\u00e9l\u00e9phoner au chauffeur un peu avant l\u2019heure de livraison pr\u00e9vue. Il pourra \u00e0 ce moment-l\u00e0 vous donner avec plus de pr\u00e9cision son heure d\u2019arriv\u00e9e.<\/p>\n<\/div>\n<p class=\"x_MsoNormal\"><strong><span style=\"color: #000000\">ATTENTION PROMOTION<\/span><\/strong><br \/>\n<span style=\"color: #000000\">Si vous habitez dans un des d\u00e9partement ci-dessous:<\/span><br \/>\n<span lang=\"FR\" style=\"color: #000000\">62, 59, 80, 60, 02, 77, 28, 45, 41, 36, 87, 08, 51, 57, 54, 10, 52, 88, 70, 21, 39, 01, 38<\/span><\/p>\n<p class=\"x_MsoNormal\"><span style=\"color: #000000\"><span lang=\"FR\">Nous vous livrons temporairement pour le prix de 89 \u20ac <\/span><span lang=\"FR\">et dans un d\u00e9lai de 1 \u00e0 2 semaines<\/span><\/span><\/p>\n<p>&nbsp;<\/p>\n<div class=\"entry-content\">\n<table style=\"height: 1184px\" width=\"1565\">\n<tbody>\n<tr style=\"height: 26px\">\n<td style=\"height: 26px;width: 132px\" width=\"134\"><strong>DEPARTEMENT<\/strong><\/td>\n<td style=\"height: 26px;width: 93px\" width=\"97\"><strong>26,07,38<\/strong><\/td>\n<td style=\"height: 26px;width: 165px\" width=\"177\"><strong>01,04,05,30,34,<\/strong><br \/>\n<strong>42,69,73,74,<\/strong><\/td>\n<td style=\"height: 26px;width: 190px\" width=\"211\"><strong>06,11,12,13,15,<\/strong><br \/>\n<strong>31,43,63,82,83,84<\/strong><\/td>\n<td style=\"height: 26px;width: 218px\" width=\"233\"><strong>03,09,19,21,23,<\/strong><br \/>\n<strong>24,25,32,33,39,<\/strong><br \/>\n<strong>40,46,47,58,64,<\/strong><br \/>\n<strong>65,70,71,87,89<\/strong><\/td>\n<td style=\"height: 26px;width: 187px\" width=\"199\"><strong>10,16,17,18,28,36,<\/strong><br \/>\n<strong>37,41,45,52,79,86<\/strong><\/td>\n<td style=\"height: 26px;width: 116px\" width=\"227\"><strong>02,08,10,14,22,27,29,35,<\/strong><br \/>\n<strong>44,49,50,51,52,53,54,55,<\/strong><br \/>\n<strong>56,57,59,60,61,62,67,68,<\/strong><br \/>\n<strong>72,75,76,77,78,80,88,91,<\/strong><br \/>\n<strong>92,93,94,95<\/strong><\/td>\n<td style=\"height: 26px;width: 292px\" width=\"211\"><strong>Corse + Iles dep<\/strong><br \/>\n<strong>85,44,56,29<\/strong><\/td>\n<\/tr>\n<tr style=\"height: 18px\">\n<td style=\"height: 18px;width: 132px\" width=\"134\"><strong>Montant de commande<\/strong><\/td>\n<td style=\"height: 18px;width: 93px\" width=\"97\"><\/td>\n<td style=\"height: 18px;width: 165px\" width=\"177\"><\/td>\n<td style=\"height: 18px;width: 190px\" width=\"211\"><\/td>\n<td style=\"height: 18px;width: 218px\" width=\"233\"><\/td>\n<td style=\"height: 18px;width: 187px\" width=\"199\"><\/td>\n<td style=\"height: 18px;width: 116px\" width=\"227\"><\/td>\n<td style=\"height: 18px;width: 292px\" width=\"211\"><\/td>\n<\/tr>\n<tr style=\"height: 61px\">\n<td style=\"height: 61px;width: 132px\" width=\"134\"><strong>\u20ac0 &#8211; \u20ac500<\/strong><\/td>\n<td style=\"height: 61px;width: 93px\" width=\"97\">\u20ac 89<\/td>\n<td style=\"height: 61px;width: 165px\" width=\"177\">\u20ac 150<\/td>\n<td style=\"height: 61px;width: 190px\" width=\"211\">\u20ac 200<\/td>\n<td style=\"height: 61px;width: 218px\" width=\"233\">\u20ac 250<\/td>\n<td style=\"height: 61px;width: 187px\" width=\"199\">\u20ac 300<\/td>\n<td style=\"height: 61px;width: 116px\" width=\"227\">\u20ac 320<\/td>\n<td style=\"height: 61px;width: 292px\" width=\"211\">\u20ac260<\/td>\n<\/tr>\n<tr style=\"height: 61px\">\n<td style=\"height: 61px;width: 132px\" width=\"134\"><strong>\u20ac500 &#8211; \u20ac1000<\/strong><\/td>\n<td style=\"height: 61px;width: 93px\" width=\"97\">\u20ac 120<\/td>\n<td style=\"height: 61px;width: 165px\" width=\"177\">\u20ac 175<\/td>\n<td style=\"height: 61px;width: 190px\" width=\"211\">\u20ac 230<\/td>\n<td style=\"height: 61px;width: 218px\" width=\"233\">\u20ac 330<\/td>\n<td style=\"height: 61px;width: 187px\" width=\"199\">\u20ac 350<\/td>\n<td style=\"height: 61px;width: 116px\" width=\"227\">\u20ac 370<\/td>\n<td style=\"height: 61px;width: 292px\" width=\"211\">\u20ac370<\/td>\n<\/tr>\n<tr style=\"height: 61px\">\n<td style=\"height: 61px;width: 132px\" width=\"134\"><strong>\u20ac1000 &#8211; \u20ac2000<\/strong><\/td>\n<td style=\"height: 61px;width: 93px\" width=\"97\">\u20ac 175<\/td>\n<td style=\"height: 61px;width: 165px\" width=\"177\">\u20ac 200<\/td>\n<td style=\"height: 61px;width: 190px\" width=\"211\">\u20ac 250<\/td>\n<td style=\"height: 61px;width: 218px\" width=\"233\">\u20ac 350<\/td>\n<td style=\"height: 61px;width: 187px\" width=\"199\">\u20ac 400<\/td>\n<td style=\"height: 61px;width: 116px\" width=\"227\">\u20ac 450<\/td>\n<td style=\"height: 61px;width: 292px\" width=\"211\">\u20ac480<\/td>\n<\/tr>\n<tr style=\"height: 61px\">\n<td style=\"height: 61px;width: 132px\" width=\"134\"><strong>\u20ac2000 &#8211; \u20ac4999<\/strong><\/td>\n<td style=\"height: 61px;width: 93px\" width=\"97\">\u20ac 200<\/td>\n<td style=\"height: 61px;width: 165px\" width=\"177\">\u20ac250<\/td>\n<td style=\"height: 61px;width: 190px\" width=\"211\">\u20ac 280<\/td>\n<td style=\"height: 61px;width: 218px\" width=\"233\">\u20ac 400<\/td>\n<td style=\"height: 61px;width: 187px\" width=\"199\">\u20ac 480<\/td>\n<td style=\"height: 61px;width: 116px\" width=\"227\">\u20ac 500<\/td>\n<td style=\"height: 61px;width: 292px\" width=\"211\">\u20ac500<\/td>\n<\/tr>\n<tr style=\"height: 10px\">\n<td style=\"height: 10px;width: 132px\" width=\"134\"><strong>&gt; \u20ac5000<\/strong><\/td>\n<td style=\"height: 10px;width: 93px\" width=\"97\">GRATUIT<\/td>\n<td style=\"height: 10px;width: 165px\" width=\"388\">GRATUIT<\/td>\n<td style=\"width: 190px;height: 10px\">Sur devis<\/td>\n<td style=\"height: 10px;width: 218px\" width=\"431\">Sur devis<\/td>\n<td style=\"width: 187px;height: 10px\">Sur devis<\/td>\n<td style=\"height: 10px;width: 116px\" width=\"227\">Sur devis<\/td>\n<td style=\"height: 10px;width: 292px\" width=\"211\">Sur devis<\/td>\n<\/tr>\n<tr style=\"height: 543px\">\n<td style=\"width: 132px;height: 543px\"><\/td>\n<td style=\"width: 93px;height: 543px\"><\/td>\n<td style=\"width: 165px;height: 543px\"><\/td>\n<td style=\"width: 190px;height: 543px\"><\/td>\n<td style=\"width: 218px;height: 543px\"><\/td>\n<td style=\"width: 187px;height: 543px\"><\/td>\n<td style=\"width: 116px;height: 543px\"><\/td>\n<td style=\"width: 292px;height: 543px\"><\/td>\n<\/tr>\n<\/tbody>\n<\/table>\n<\/div>\n","protected":false},"excerpt":{"rendered":"<p>Livraison Il vous sera demand\u00e9 de payer votre facture en avance par virement bancaire en indiquant bien le num\u00e9ro de commande et votre nom sur&#8230;<\/p>\n","protected":false},"author":4,"featured_media":0,"parent":0,"menu_order":0,"comment_status":"closed","ping_status":"closed","template":"","meta":{"_acf_changed":false,"inline_featured_image":false,"_trash_the_other_posts":false,"ep_exclude_from_search":false,"iawp_total_views":366,"editor_notices":[],"footnotes":""},"class_list":["post-7956","page","type-page","status-publish","hentry"],"acf":[],"_links":{"self":[{"href":"https:\/\/adequat.eu\/fr\/wp-json\/wp\/v2\/pages\/7956","targetHints":{"allow":["GET"]}}],"collection":[{"href":"https:\/\/adequat.eu\/fr\/wp-json\/wp\/v2\/pages"}],"about":[{"href":"https:\/\/adequat.eu\/fr\/wp-json\/wp\/v2\/types\/page"}],"author":[{"embeddable":true,"href":"https:\/\/adequat.eu\/fr\/wp-json\/wp\/v2\/users\/4"}],"replies":[{"embeddable":true,"href":"https:\/\/adequat.eu\/fr\/wp-json\/wp\/v2\/comments?post=7956"}],"version-history":[{"count":7,"href":"https:\/\/adequat.eu\/fr\/wp-json\/wp\/v2\/pages\/7956\/revisions"}],"predecessor-version":[{"id":18694,"href":"https:\/\/adequat.eu\/fr\/wp-json\/wp\/v2\/pages\/7956\/revisions\/18694"}],"wp:attachment":[{"href":"https:\/\/adequat.eu\/fr\/wp-json\/wp\/v2\/media?parent=7956"}],"curies":[{"name":"wp","href":"https:\/\/api.w.org\/{rel}","templated":true}]}}