{"id":7957,"date":"2020-12-23T16:52:31","date_gmt":"2020-12-23T15:52:31","guid":{"rendered":"https:\/\/adequat.eu\/fr\/paiement\/"},"modified":"2023-08-18T14:29:47","modified_gmt":"2023-08-18T12:29:47","slug":"paiement","status":"publish","type":"page","link":"https:\/\/adequat.eu\/fr\/paiement\/","title":{"rendered":"Paiement"},"content":{"rendered":"<header class=\"entry-header\">\n<h4 class=\"entry-title\"><span style=\"color: #333333;font-size: 16px\">Touts les prix indiqu\u00e9s sur notre site web sont en euros TTC.<\/span><\/h4>\n<\/header>\n<div class=\"entry-content\">\n<p>Avec nous, vous ne devez pas payer \u00e0 l&rsquo;avance. Une fois que vous avez vu et v\u00e9rifi\u00e9 votre commande, vous pouvez r\u00e9gler la facture directement au chauffeur, soit en esp\u00e8ces, soit par carte de cr\u00e9dit (nos chauffeurs sont \u00e9quip\u00e9s d&rsquo;un lecteur de cartes). Si la commande ne correspond pas \u00e0 vos attentes, vous pouvez la refuser.<\/p>\n<p>Nos chauffeurs sont \u00e9quip\u00e9s d&rsquo;un terminal de paiement pour les cartes de paiement, ce qui vous permet de<br \/>\npayer votre facture avec votre carte bancaire lors de la livraison. N&rsquo;oubliez pas que vous disposez d&rsquo;un<br \/>\nlimite de paiement. Pour les montants d\u00e9passant cette limite, vous devez augmenter temporairement le montant de votre autorisation.<br \/>\naugmenter temporairement le montant de votre autorisation. En g\u00e9n\u00e9ral, vous pouvez faire cette demande en ligne ou en contactant votre banque. Pensez \u00e0 le faire avant l&rsquo;arriv\u00e9e de notre chauffeur.<\/p>\n<p>Si vous souhaitez payer votre facture \u00e0 l&rsquo;avance, vous pouvez le faire par virement bancaire en mentionnant le num\u00e9ro de commande et votre nom.<\/p>\n<p>.<\/p>\n<\/div>\n","protected":false},"excerpt":{"rendered":"<p>Touts les prix indiqu\u00e9s sur notre site web sont en euros TTC. Avec nous, vous ne devez pas payer \u00e0 l&rsquo;avance. Une fois que vous&#8230;<\/p>\n","protected":false},"author":4,"featured_media":0,"parent":0,"menu_order":0,"comment_status":"closed","ping_status":"closed","template":"","meta":{"_acf_changed":false,"inline_featured_image":false,"_trash_the_other_posts":false,"ep_exclude_from_search":false,"iawp_total_views":44,"editor_notices":[],"footnotes":""},"class_list":["post-7957","page","type-page","status-publish","hentry"],"acf":[],"_links":{"self":[{"href":"https:\/\/adequat.eu\/fr\/wp-json\/wp\/v2\/pages\/7957","targetHints":{"allow":["GET"]}}],"collection":[{"href":"https:\/\/adequat.eu\/fr\/wp-json\/wp\/v2\/pages"}],"about":[{"href":"https:\/\/adequat.eu\/fr\/wp-json\/wp\/v2\/types\/page"}],"author":[{"embeddable":true,"href":"https:\/\/adequat.eu\/fr\/wp-json\/wp\/v2\/users\/4"}],"replies":[{"embeddable":true,"href":"https:\/\/adequat.eu\/fr\/wp-json\/wp\/v2\/comments?post=7957"}],"version-history":[{"count":1,"href":"https:\/\/adequat.eu\/fr\/wp-json\/wp\/v2\/pages\/7957\/revisions"}],"predecessor-version":[{"id":13162,"href":"https:\/\/adequat.eu\/fr\/wp-json\/wp\/v2\/pages\/7957\/revisions\/13162"}],"wp:attachment":[{"href":"https:\/\/adequat.eu\/fr\/wp-json\/wp\/v2\/media?parent=7957"}],"curies":[{"name":"wp","href":"https:\/\/api.w.org\/{rel}","templated":true}]}}