{"id":7958,"date":"2020-12-23T16:55:32","date_gmt":"2020-12-23T15:55:32","guid":{"rendered":"https:\/\/adequat.eu\/fr\/garantie\/"},"modified":"2021-12-23T15:50:21","modified_gmt":"2021-12-23T14:50:21","slug":"garantie","status":"publish","type":"page","link":"https:\/\/adequat.eu\/fr\/garantie\/","title":{"rendered":"Garantie"},"content":{"rendered":"<header class=\"entry-header\">\n<h1 class=\"entry-title\">Garantie<\/h1>\n<\/header>\n<div>\n<p>Vous pouvez avoir des r\u00e9ticences en commandant une cl\u00f4ture ou un portail sur notre site web sans avoir vu les produits de vos propres yeux.<\/p>\n<p>C&rsquo;est pour cela que nous vous offrons la possibilit\u00e9 d&rsquo;\u00e9valuer la qualit\u00e9 du produit \u00e0 la livraison. Vous examinez votre commande avec notre chauffeur et c\u2019est seulement apr\u00e8s votre validation que vous payez la livraison. Vous pouvez r\u00e9gler en esp\u00e8ces ou par carte bancaire. Si vous n&rsquo;\u00eates pas satisfait, nous reprenons votre commande (sauf si c\u2019est un produit sur mesure) et vous n\u2019avez rien \u00e0 payer.<\/p>\n<p>Si vous avez accept\u00e9 et pay\u00e9 la livraison, mais que vous d\u00e9couvrez plus tard que la cl\u00f4ture est trop haute ou que la barri\u00e8re est trop large et que vous souhaitez l&rsquo;\u00e9changer, ce n&rsquo;est pas un souci (\u00e0 condition bien s\u00fbr qu&rsquo;elle n&rsquo;ait pas \u00e9t\u00e9 utilis\u00e9e). Vous pourrez nous rendre le produit et vous serez rembours\u00e9. Vous pr\u00e9f\u00e9rez que nous venions le chercher \u00e0 votre domicile\u00a0? C\u2019est possible, cependant n&rsquo;oubliez pas que des frais de livraison suppl\u00e9mentaires peuvent \u00eatre factur\u00e9s.<\/p>\n<p>Nos produits ne r\u00e9pondent pas \u00e0 vos attentes pour une autre raison ? Envoyez-nous une photo et nous trouverons ensemble la meilleure solution possible.<\/p>\n<p>La satisfaction clients nous tient v\u00e9ritablement \u00e0 c\u0153ur. Si vous avez le moindre souci, n&rsquo;h\u00e9sitez pas \u00e0 nous le signaler. Nous trouverons une solution ensemble\u00a0!<\/p>\n<\/div>\n","protected":false},"excerpt":{"rendered":"<p>Garantie Vous pouvez avoir des r\u00e9ticences en commandant une cl\u00f4ture ou un portail sur notre site web sans avoir vu les produits de vos propres&#8230;<\/p>\n","protected":false},"author":4,"featured_media":0,"parent":0,"menu_order":0,"comment_status":"closed","ping_status":"closed","template":"","meta":{"_acf_changed":false,"inline_featured_image":false,"_trash_the_other_posts":false,"ep_exclude_from_search":false,"iawp_total_views":17,"editor_notices":[],"footnotes":""},"class_list":["post-7958","page","type-page","status-publish","hentry"],"acf":[],"_links":{"self":[{"href":"https:\/\/adequat.eu\/fr\/wp-json\/wp\/v2\/pages\/7958","targetHints":{"allow":["GET"]}}],"collection":[{"href":"https:\/\/adequat.eu\/fr\/wp-json\/wp\/v2\/pages"}],"about":[{"href":"https:\/\/adequat.eu\/fr\/wp-json\/wp\/v2\/types\/page"}],"author":[{"embeddable":true,"href":"https:\/\/adequat.eu\/fr\/wp-json\/wp\/v2\/users\/4"}],"replies":[{"embeddable":true,"href":"https:\/\/adequat.eu\/fr\/wp-json\/wp\/v2\/comments?post=7958"}],"version-history":[{"count":0,"href":"https:\/\/adequat.eu\/fr\/wp-json\/wp\/v2\/pages\/7958\/revisions"}],"wp:attachment":[{"href":"https:\/\/adequat.eu\/fr\/wp-json\/wp\/v2\/media?parent=7958"}],"curies":[{"name":"wp","href":"https:\/\/api.w.org\/{rel}","templated":true}]}}