{"id":8101,"date":"2021-01-08T22:55:48","date_gmt":"2021-01-08T21:55:48","guid":{"rendered":"https:\/\/adequat.eu\/fr\/?page_id=8101"},"modified":"2021-01-08T22:58:12","modified_gmt":"2021-01-08T21:58:12","slug":"votre-compte-a-ete-cree","status":"publish","type":"page","link":"https:\/\/adequat.eu\/fr\/paysagiste-voici-comment-creer-votre-compte\/votre-compte-a-ete-cree\/","title":{"rendered":"Votre compte a \u00e9t\u00e9 cr\u00e9\u00e9"},"content":{"rendered":"<h1>Votre compte a \u00e9t\u00e9 cr\u00e9\u00e9<\/h1>\n<p>Votre compte a \u00e9t\u00e9 cr\u00e9\u00e9, <a href=\"https:\/\/adequat.eu\/fr\/account\/\">vous pouvez maintenant vous connecter ici<\/a>.<\/p>\n","protected":false},"excerpt":{"rendered":"<p>Votre compte a \u00e9t\u00e9 cr\u00e9\u00e9 Votre compte a \u00e9t\u00e9 cr\u00e9\u00e9, vous pouvez maintenant vous connecter ici.<\/p>\n","protected":false},"author":4,"featured_media":0,"parent":8099,"menu_order":0,"comment_status":"closed","ping_status":"closed","template":"","meta":{"_acf_changed":false,"inline_featured_image":false,"_trash_the_other_posts":false,"ep_exclude_from_search":false,"iawp_total_views":3,"editor_notices":[],"footnotes":""},"class_list":["post-8101","page","type-page","status-publish","hentry"],"acf":[],"_links":{"self":[{"href":"https:\/\/adequat.eu\/fr\/wp-json\/wp\/v2\/pages\/8101","targetHints":{"allow":["GET"]}}],"collection":[{"href":"https:\/\/adequat.eu\/fr\/wp-json\/wp\/v2\/pages"}],"about":[{"href":"https:\/\/adequat.eu\/fr\/wp-json\/wp\/v2\/types\/page"}],"author":[{"embeddable":true,"href":"https:\/\/adequat.eu\/fr\/wp-json\/wp\/v2\/users\/4"}],"replies":[{"embeddable":true,"href":"https:\/\/adequat.eu\/fr\/wp-json\/wp\/v2\/comments?post=8101"}],"version-history":[{"count":1,"href":"https:\/\/adequat.eu\/fr\/wp-json\/wp\/v2\/pages\/8101\/revisions"}],"predecessor-version":[{"id":13960,"href":"https:\/\/adequat.eu\/fr\/wp-json\/wp\/v2\/pages\/8101\/revisions\/13960"}],"up":[{"embeddable":true,"href":"https:\/\/adequat.eu\/fr\/wp-json\/wp\/v2\/pages\/8099"}],"wp:attachment":[{"href":"https:\/\/adequat.eu\/fr\/wp-json\/wp\/v2\/media?parent=8101"}],"curies":[{"name":"wp","href":"https:\/\/api.w.org\/{rel}","templated":true}]}}