{"id":12443,"date":"2023-01-05T12:15:17","date_gmt":"2023-01-05T11:15:17","guid":{"rendered":"https:\/\/adequat.eu\/fr\/?post_type=product&#038;p=12443"},"modified":"2026-04-02T12:39:19","modified_gmt":"2026-04-02T10:39:19","slug":"piquet-en-chataignier-avec-manchon-et-plaque-de-sol","status":"publish","type":"product","link":"https:\/\/adequat.eu\/fr\/product\/piquets\/piquets-en-chataignier\/piquet-en-chataignier-avec-manchon-et-plaque-de-sol\/","title":{"rendered":"Piquet en ch\u00e2taignier avec manchon et plaque de sol \u00d8 7\/9 cm"},"content":{"rendered":"<p>Manchon avec plaque de sol (15&#215;15 cm) pour l&rsquo;installation de piquets en bois d&rsquo;un diam\u00e8tre de 7-9 cm. Ce manchon de sol galvanis\u00e9 a un diam\u00e8tre de 80 mm et sa paroi une \u00e9paisseur de 2,5 mm. C&rsquo;est la solution ide\u00e1le si vous ne voulez ou ne pouvez pas planter des piquets en bois profond\u00e9ment dans le sol. Nous vous proposons le poteau de ch\u00e2taignier avec manchon et plaque de sol dans un set. L&rsquo;ensemble est livr\u00e9 avec 2 \u00e9crous et boulons. Les poteaux sont frais\u00e9s sur mesure par nos soins.<\/p>\n<p>Pour qu\u2019un piquet en bois soit solide, il doit normalement \u00eatre enfonc\u00e9 dans le sol sur environ un tiers de sa longueur. Parfois, cela n&rsquo;est pas possible soit parce que le sol est trop dur, soit parce que vous ne souhaitez pas creuser. Vous avez peut-\u00eatre besoin d\u2019installer un poteau sur une belle terrasse. Dans ce cas, nous avons la solution : un manchon de sol avec une plaque que vous pouvez ancrer sur une surface plane. Si vous ne disposez pas d&rsquo;une surface plane, mais d&rsquo;un sol qui ne permet pas de planter profond\u00e9ment un piquet, pensez au <a href=\"https:\/\/adequat.eu\/fr\/product\/piquets\/piquets-en-chataignier\/piquet-en-chataignier-avec-manchon-de-sol-et-pointe-a-enfoncer\/\">piquet de ch\u00e2taignier avec manchon et pointe \u00e0 enfoncer.<\/a><\/p>\n<h2>Piquet en ch\u00e2taignier dans un manchon avec plaque de sol pour cl\u00f4ture \u00e0 ganivelle<\/h2>\n<p>Le piquet en ch\u00e2taignier dans le manchon avec plaque convient \u00e9galement tr\u00e8s bien comme \u00e9l\u00e9ment d&rsquo;une cl\u00f4ture \u00e0 ganivelle en ch\u00e2taignier fran\u00e7ais ou en robinier. Pour une cl\u00f4ture \u00e0 ganivelle de 100 cm de haut, choisissez un poteau de 100 cm.<\/p>\n<p>Attention : ces manchons de sol ne conviennent qu&rsquo;aux poteaux d&rsquo;un diam\u00e8tre de 7-9 cm. Nous pouvons fraiser les poteaux pour qu&rsquo;ils s&rsquo;ins\u00e8rent parfaitement dans le manchon de sol.<\/p>\n","protected":false},"excerpt":{"rendered":"<p>Manchon avec plaque de sol (15&#215;15 cm) pour l&rsquo;installation de piquets en bois d&rsquo;un diam\u00e8tre de 7-9 cm. Ce manchon de sol galvanis\u00e9 a un&#8230;<\/p>\n","protected":false},"featured_media":12460,"comment_status":"closed","ping_status":"closed","template":"","meta":{"_acf_changed":false,"inline_featured_image":false,"_trash_the_other_posts":false,"ep_exclude_from_search":false,"iawp_total_views":121,"editor_notices":[]},"product_brand":[],"product_cat":[112,111],"product_tag":[],"class_list":{"0":"post-12443","1":"product","2":"type-product","3":"status-publish","4":"has-post-thumbnail","6":"product_cat-piquets-en-chataignier","7":"product_cat-piquets","9":"first","10":"instock","11":"shipping-taxable","12":"purchasable","13":"product-type-composite"},"composite_virtual":false,"composite_layout":"single","composite_add_to_cart_form_location":"default","composite_editable_in_cart":false,"composite_sold_individually_context":"product","composite_shop_price_calc":"defaults","composite_components":[{"id":"1734629771","title":"Piquet en ch\u00e2taignier","description":"","query_type":"product_ids","query_ids":[17112],"default_option_id":17112,"thumbnail_id":"","thumbnail_src":"","quantity_min":1,"quantity_max":1,"priced_individually":true,"shipped_individually":false,"optional":false,"discount":"","options_style":"dropdowns","pagination_style":"classic","display_prices":"absolute","show_sorting_options":false,"show_filtering_options":false,"attribute_filter_ids":[],"select_action":"view","product_title_visible":false,"product_descr_visible":false,"product_price_visible":true,"product_thumb_visible":false,"subtotal_visible_product":false,"subtotal_visible_cart":false,"subtotal_visible_orders":false},{"id":"1734629772","title":"Manchon","description":"","query_type":"product_ids","query_ids":[16294],"default_option_id":16294,"thumbnail_id":"","thumbnail_src":"","quantity_min":1,"quantity_max":1,"priced_individually":true,"shipped_individually":false,"optional":false,"discount":"","options_style":"dropdowns","pagination_style":"classic","display_prices":"absolute","show_sorting_options":false,"show_filtering_options":false,"attribute_filter_ids":[],"select_action":"view","product_title_visible":false,"product_descr_visible":false,"product_price_visible":true,"product_thumb_visible":false,"subtotal_visible_product":false,"subtotal_visible_cart":false,"subtotal_visible_orders":false}],"composite_scenarios":[],"acf":[],"_links":{"self":[{"href":"https:\/\/adequat.eu\/fr\/wp-json\/wp\/v2\/product\/12443","targetHints":{"allow":["GET"]}}],"collection":[{"href":"https:\/\/adequat.eu\/fr\/wp-json\/wp\/v2\/product"}],"about":[{"href":"https:\/\/adequat.eu\/fr\/wp-json\/wp\/v2\/types\/product"}],"replies":[{"embeddable":true,"href":"https:\/\/adequat.eu\/fr\/wp-json\/wp\/v2\/comments?post=12443"}],"wp:featuredmedia":[{"embeddable":true,"href":"https:\/\/adequat.eu\/fr\/wp-json\/wp\/v2\/media\/12460"}],"wp:attachment":[{"href":"https:\/\/adequat.eu\/fr\/wp-json\/wp\/v2\/media?parent=12443"}],"wp:term":[{"taxonomy":"product_brand","embeddable":true,"href":"https:\/\/adequat.eu\/fr\/wp-json\/wp\/v2\/product_brand?post=12443"},{"taxonomy":"product_cat","embeddable":true,"href":"https:\/\/adequat.eu\/fr\/wp-json\/wp\/v2\/product_cat?post=12443"},{"taxonomy":"product_tag","embeddable":true,"href":"https:\/\/adequat.eu\/fr\/wp-json\/wp\/v2\/product_tag?post=12443"}],"curies":[{"name":"wp","href":"https:\/\/api.w.org\/{rel}","templated":true}]}}