{"id":12554,"date":"2023-01-20T17:25:35","date_gmt":"2023-01-20T16:25:35","guid":{"rendered":"https:\/\/adequat.eu\/fr\/?post_type=product&#038;p=12554"},"modified":"2026-04-10T15:54:18","modified_gmt":"2026-04-10T13:54:18","slug":"lampadaire-de-jardin-en-bois-billy","status":"publish","type":"product","link":"https:\/\/adequat.eu\/fr\/product\/eclairage\/borne-lumineuse-ronde-billy-chataignier\/","title":{"rendered":"Borne lumineuse ronde Billy ch\u00e2taignier"},"content":{"rendered":"<p>L\u2019\u00e9clairage de jardin en bois Billy est id\u00e9al pour un \u00e9clairage naturel d&rsquo;ambiance de votre jardin et de vos all\u00e9es. Le poteau se fond dans son environnement pendant la journ\u00e9e, mais d\u00e8s la nuit tomb\u00e9e, cet \u00e9clairage durable apporte une atmosph\u00e8re chaleureuse et une s\u00e9curit\u00e9 suppl\u00e9mentaire. M\u00eame dans l&rsquo;obscurit\u00e9, votre jardin est beau \u00e0 regarder.<\/p>\n<p>Nous proposons ce lampadaire en plusieurs versions : <a href=\"https:\/\/adequat.eu\/fr\/product\/eclairage\/borne-lumineuse-carree-bobby-chataignier\/\">du lampadaire de jardin en bois carr\u00e9<\/a> (un mod\u00e8le qui s&rsquo;int\u00e8gre tr\u00e8s bien dans un jardin moderne et \u00e9pur\u00e9) ou <a href=\"https:\/\/adequat.eu\/fr\/product\/eclairage\/borne-lumineuse-carree-rustique-bella-chataignier\/\">le lampadaire de jardin en bois carr\u00e9 rustique<\/a> (un mod\u00e8le qui laisse appara\u00eetre la forme de l&rsquo;arbre).<\/p>\n<p>Il n\u2019y a pas que le bois qui est durable ; nous avons beaucoup travaill\u00e9 au d\u00e9veloppement du luminaire pour qu\u2019il soit le plus durable possible. Vous trouverez ci-dessous toutes ses sp\u00e9cificit\u00e9s:<\/p>\n<ul>\n<li>Le poteau utilis\u00e9 pour l&rsquo;\u00e9clairage de jardin en bois Billy est fabriqu\u00e9 en ch\u00e2taignier, il a un diam\u00e8tre de 16 \u00e0 22 cm et une longueur de 150 cm (le poteau s&rsquo;enfonce dans le sol d&rsquo;environ 60-70 cm, il mesurera donc &#8211; selon les pr\u00e9f\u00e9rences du client &#8211; entre 80 ou 90 cm de haut).<\/li>\n<li>L\u2019ampoule diffuse une lumi\u00e8re blanche et chaude (3000 K). Sa puissance est de 2 watts.<\/li>\n<li>A l&rsquo;arri\u00e8re du poteau, le conducteur et les c\u00e2bles de raccordement au secteur 220 V sont dissimul\u00e9s dans une trappe. Le couvercle en bois qui ferme la trappe se fixe \u00e0 l\u2019aide de quatre vis en acier inoxydable.<\/li>\n<li>Les connexions de la borne au conducteur sont munies de fiches \u00e9tanches.<\/li>\n<li>La lampe LED se fixe \u00e0 l&rsquo;aide de 2 vis en acier inoxydable.<\/li>\n<li>La lampe LED conforme \u00e0 la norme IP67 est prot\u00e9g\u00e9e contre l&rsquo;humidit\u00e9.<\/li>\n<li>Le conducteur conforme \u00e0 la norme IP54 est prot\u00e9g\u00e9 contre l&rsquo;humidit\u00e9.<\/li>\n<li>Le poteau est livr\u00e9 avec un connecteur prot\u00e9g\u00e9 par du gel isolant pour l&rsquo;alimentation du conducteur (220 V).<\/li>\n<li>Le diam\u00e8tre de la m\u00e8che utilis\u00e9e pour percer le poteau est de 42 mm.<\/li>\n<\/ul>\n<p>Vous pouvez installer le luminaire vous-m\u00eame, mais il est recommand\u00e9 de faire appel \u00e0 un installateur professionnel.<\/p>\n","protected":false},"excerpt":{"rendered":"<p>L\u2019\u00e9clairage de jardin en bois Billy est id\u00e9al pour un \u00e9clairage naturel d&rsquo;ambiance de votre jardin et de vos all\u00e9es. Le poteau se fond dans&#8230;<\/p>\n","protected":false},"featured_media":12559,"comment_status":"closed","ping_status":"closed","template":"","meta":{"_acf_changed":false,"inline_featured_image":false,"_trash_the_other_posts":false,"ep_exclude_from_search":false,"iawp_total_views":209,"editor_notices":[]},"product_brand":[],"product_cat":[353,500],"product_tag":[],"class_list":{"0":"post-12554","1":"product","2":"type-product","3":"status-publish","4":"has-post-thumbnail","6":"product_cat-eclairage","7":"product_cat-bornes-eclairage-exterieur","9":"first","10":"instock","11":"shipping-taxable","12":"purchasable","13":"product-type-variable","14":"has-default-attributes"},"composite_virtual":false,"composite_layout":"","composite_add_to_cart_form_location":"","composite_editable_in_cart":false,"composite_sold_individually_context":"","composite_shop_price_calc":"","composite_components":[],"composite_scenarios":[],"acf":[],"_links":{"self":[{"href":"https:\/\/adequat.eu\/fr\/wp-json\/wp\/v2\/product\/12554","targetHints":{"allow":["GET"]}}],"collection":[{"href":"https:\/\/adequat.eu\/fr\/wp-json\/wp\/v2\/product"}],"about":[{"href":"https:\/\/adequat.eu\/fr\/wp-json\/wp\/v2\/types\/product"}],"replies":[{"embeddable":true,"href":"https:\/\/adequat.eu\/fr\/wp-json\/wp\/v2\/comments?post=12554"}],"wp:featuredmedia":[{"embeddable":true,"href":"https:\/\/adequat.eu\/fr\/wp-json\/wp\/v2\/media\/12559"}],"wp:attachment":[{"href":"https:\/\/adequat.eu\/fr\/wp-json\/wp\/v2\/media?parent=12554"}],"wp:term":[{"taxonomy":"product_brand","embeddable":true,"href":"https:\/\/adequat.eu\/fr\/wp-json\/wp\/v2\/product_brand?post=12554"},{"taxonomy":"product_cat","embeddable":true,"href":"https:\/\/adequat.eu\/fr\/wp-json\/wp\/v2\/product_cat?post=12554"},{"taxonomy":"product_tag","embeddable":true,"href":"https:\/\/adequat.eu\/fr\/wp-json\/wp\/v2\/product_tag?post=12554"}],"curies":[{"name":"wp","href":"https:\/\/api.w.org\/{rel}","templated":true}]}}