{"id":15439,"date":"2024-12-04T09:31:02","date_gmt":"2024-12-04T08:31:02","guid":{"rendered":"https:\/\/adequat.eu\/fr\/?post_type=product&#038;p=15439"},"modified":"2025-11-21T10:03:35","modified_gmt":"2025-11-21T09:03:35","slug":"portail-rustique-arc-4-planches-chataignier-simple","status":"publish","type":"product","link":"https:\/\/adequat.eu\/fr\/product\/portails\/portail-rustique-arc-4-planches-chataignier-simple\/","title":{"rendered":"Portail rustique arc 4 planches ch\u00e2taignier simple"},"content":{"rendered":"<p>Ce portail rustique en ch\u00e2taignier a \u00e9t\u00e9 sp\u00e9cialement con\u00e7u pour les personnes qui trouvent les portails n\u00e9erlandais ou anglais un peu trop classiques. Ce portail combine \u00e0 la fois un style \u00e9pur\u00e9 et rustique. Ce portail a \u00e9t\u00e9 con\u00e7u et fabriqu\u00e9 dans nos ateliers.<\/p>\n<h2>Sp\u00e9cifications<\/h2>\n<p>Ce portail est fabriqu\u00e9 en planches de ch\u00e2taignier (classe de durabilit\u00e9 2) de 2,5 cm d\u2019\u00e9paisseur. Les planches sont rabot\u00e9es, ponc\u00e9es et \u00e9galement \u00ab chanfrein\u00e9es \u00bb. Chanfreiner signifie que les bords tranchants sont frais\u00e9s et l\u00e9g\u00e8rement arrondis. Les bords chanfrein\u00e9s sont moins tranchants tout en apportant un joli d\u00e9tail esth\u00e9tique. Les planches sont fix\u00e9es \u00e0 l&rsquo;arri\u00e8re du portail \u00e0 l&rsquo;aide de vis en inox et de colle, cr\u00e9ant ainsi un ensemble solide et \u00e9pur\u00e9, sans trous de vis visibles \u00e0 l\u2019avant. Un portail beau et \u00e9l\u00e9gant!<\/p>\n<h2>Hauteur et largeur<\/h2>\n<p>La hauteur standard de ce portail rustique est de 110 cm et un arc diagonal de 155 cm. Ce portail est disponible en diff\u00e9rentes largeurs.<\/p>\n<h2>Portail simple ou double<\/h2>\n<p>Ce portail est disponible en version \u00e0 un ou deux battants. Vous pouvez choisir diff\u00e9rentes largeurs pour chaque battant.<\/p>\n<p>Nous ne fabriquons pas de battant dont la largeur d\u00e9passe 250 cm, car une telle port\u00e9e augmenterait le risque d&rsquo;affaissement du portail.<\/p>\n<h2>Charni\u00e8res et serrures<\/h2>\n<p>Le portail rustique est vendu nu, c&rsquo;est-\u00e0-dire sans charni\u00e8res ni serrures. En option, vous pouvez commander des charni\u00e8res et des serrures r\u00e9glables. Nous vous recommandons vivement cet ensemble optionnel, car il vous permettra d&rsquo;ajuster facilement le portail si celui-ci n&rsquo;est pas correctement suspendu.<\/p>\n<h2>Automatiser le portail<\/h2>\n<p>Vous souhaitez automatiser votre portail ? Dans ce cas, choisissez l&rsquo;option \u00ab poutre inf\u00e9rieure renforc\u00e9e \u00bb. La poutre inf\u00e9rieure sera \u00e9quip\u00e9e d&rsquo;une barre suppl\u00e9mentaire permettant de fixer correctement l&rsquo;op\u00e9rateur.<\/p>\n<p>Nous tenons \u00e0 souligner qu&rsquo;il est essentiel de choisir des poteaux carr\u00e9s de 20 x 20 cm avec t\u00eate diamant\u00e9e, car sans cette largeur il ne sera pas possible d\u2019installer l&rsquo;op\u00e9rateur du portail battant.<\/p>\n<h2>Poteaux de portail<\/h2>\n<p>Les poteaux de portail ne sont pas inclus de s\u00e9rie, mais peuvent \u00eatre command\u00e9s en option. Vous avez le choix entre des poteaux de 15 x 15 cm (longueur de 210 cm ou 280 cm) ou des poteaux de 20 x 20 cm (longueur de 210 cm ou 280 cm).<\/p>\n<p>Si vous optez pour un portail plus haut de gamme avec plusieurs options, nous vous recommandons de choisir des poteaux plus grands (20 x 20 cm). Cela augmente non seulement la solidit\u00e9, mais aussi la durabilit\u00e9 du portail. D\u2019apr\u00e8s notre exp\u00e9rience plus les poteaux sont robustes, plus votre portail et votre cl\u00f4ture vous dureront longtemps.<\/p>\n<p>Vous avez des questions ? N\u2019h\u00e9sitez pas \u00e0 nous <a href=\"https:\/\/adequat.eu\/fr\/service-et-contact\/\">contacter<\/a>: nos experts se feront un plaisir de vous conseiller.<\/p>\n","protected":false},"excerpt":{"rendered":"<p>Ce portail rustique en ch\u00e2taignier a \u00e9t\u00e9 sp\u00e9cialement con\u00e7u pour les personnes qui trouvent les portails n\u00e9erlandais ou anglais un peu trop classiques. Ce portail&#8230;<\/p>\n","protected":false},"featured_media":15486,"comment_status":"closed","ping_status":"closed","template":"","meta":{"_acf_changed":false,"inline_featured_image":false,"_trash_the_other_posts":false,"ep_exclude_from_search":false,"iawp_total_views":37,"editor_notices":[]},"product_brand":[],"product_cat":[209,415,419,427],"product_tag":[],"class_list":{"0":"post-15439","1":"product","2":"type-product","3":"status-publish","4":"has-post-thumbnail","6":"product_cat-chataignier","7":"product_cat-paturage","8":"product_cat-automatisation","9":"product_cat-sur-mesure","11":"first","12":"instock","13":"shipping-taxable","14":"purchasable","15":"product-type-composite"},"composite_virtual":false,"composite_layout":"single","composite_add_to_cart_form_location":"default","composite_editable_in_cart":false,"composite_sold_individually_context":"product","composite_shop_price_calc":"defaults","composite_components":[{"id":"1732802017","title":"Battant","description":"","query_type":"product_ids","query_ids":[15454],"default_option_id":15454,"thumbnail_id":"","thumbnail_src":"","quantity_min":1,"quantity_max":1,"priced_individually":true,"shipped_individually":false,"optional":false,"discount":"","options_style":"dropdowns","pagination_style":"classic","display_prices":"absolute","show_sorting_options":false,"show_filtering_options":false,"attribute_filter_ids":[],"select_action":"view","product_title_visible":false,"product_descr_visible":false,"product_price_visible":true,"product_thumb_visible":false,"subtotal_visible_product":false,"subtotal_visible_cart":false,"subtotal_visible_orders":false},{"id":"1732802018","title":"Charni\u00e8res et serrures","description":"","query_type":"product_ids","query_ids":[14582],"default_option_id":14582,"thumbnail_id":"","thumbnail_src":"","quantity_min":1,"quantity_max":1,"priced_individually":true,"shipped_individually":false,"optional":true,"discount":"","options_style":"radios","pagination_style":"classic","display_prices":"absolute","show_sorting_options":false,"show_filtering_options":false,"attribute_filter_ids":[],"select_action":"view","product_title_visible":false,"product_descr_visible":false,"product_price_visible":true,"product_thumb_visible":false,"subtotal_visible_product":false,"subtotal_visible_cart":false,"subtotal_visible_orders":false},{"id":"1732802019","title":"Poutre de solidit\u00e9","description":"","query_type":"product_ids","query_ids":[14592],"default_option_id":14592,"thumbnail_id":"","thumbnail_src":"","quantity_min":1,"quantity_max":1,"priced_individually":true,"shipped_individually":false,"optional":true,"discount":"","options_style":"radios","pagination_style":"classic","display_prices":"absolute","show_sorting_options":false,"show_filtering_options":false,"attribute_filter_ids":[],"select_action":"view","product_title_visible":false,"product_descr_visible":false,"product_price_visible":true,"product_thumb_visible":false,"subtotal_visible_product":false,"subtotal_visible_cart":false,"subtotal_visible_orders":false},{"id":"1732802020","title":"Poteaux","description":"","query_type":"product_ids","query_ids":[6382],"default_option_id":6382,"thumbnail_id":"","thumbnail_src":"","quantity_min":2,"quantity_max":2,"priced_individually":true,"shipped_individually":false,"optional":true,"discount":"","options_style":"radios","pagination_style":"classic","display_prices":"absolute","show_sorting_options":false,"show_filtering_options":false,"attribute_filter_ids":[],"select_action":"view","product_title_visible":false,"product_descr_visible":false,"product_price_visible":true,"product_thumb_visible":false,"subtotal_visible_product":false,"subtotal_visible_cart":false,"subtotal_visible_orders":false}],"composite_scenarios":[],"acf":[],"_links":{"self":[{"href":"https:\/\/adequat.eu\/fr\/wp-json\/wp\/v2\/product\/15439","targetHints":{"allow":["GET"]}}],"collection":[{"href":"https:\/\/adequat.eu\/fr\/wp-json\/wp\/v2\/product"}],"about":[{"href":"https:\/\/adequat.eu\/fr\/wp-json\/wp\/v2\/types\/product"}],"replies":[{"embeddable":true,"href":"https:\/\/adequat.eu\/fr\/wp-json\/wp\/v2\/comments?post=15439"}],"wp:featuredmedia":[{"embeddable":true,"href":"https:\/\/adequat.eu\/fr\/wp-json\/wp\/v2\/media\/15486"}],"wp:attachment":[{"href":"https:\/\/adequat.eu\/fr\/wp-json\/wp\/v2\/media?parent=15439"}],"wp:term":[{"taxonomy":"product_brand","embeddable":true,"href":"https:\/\/adequat.eu\/fr\/wp-json\/wp\/v2\/product_brand?post=15439"},{"taxonomy":"product_cat","embeddable":true,"href":"https:\/\/adequat.eu\/fr\/wp-json\/wp\/v2\/product_cat?post=15439"},{"taxonomy":"product_tag","embeddable":true,"href":"https:\/\/adequat.eu\/fr\/wp-json\/wp\/v2\/product_tag?post=15439"}],"curies":[{"name":"wp","href":"https:\/\/api.w.org\/{rel}","templated":true}]}}