{"id":16293,"date":"2024-12-18T13:18:06","date_gmt":"2024-12-18T12:18:06","guid":{"rendered":"https:\/\/adequat.eu\/fr\/?post_type=product&#038;p=16293"},"modified":"2026-04-09T14:06:52","modified_gmt":"2026-04-09T12:06:52","slug":"bodemhuls-met-spie","status":"publish","type":"product","link":"https:\/\/adequat.eu\/fr\/product\/installation-fr\/materiel-dassemblage\/manchon-de-sol-pointe\/","title":{"rendered":"Manchon de sol point\u00e9 \u00d8 7\/9 cm"},"content":{"rendered":"<p><strong>Manchon de sol point\u00e9 pour la pose de piquets en bois de diam\u00e8tre 7-9 cm. <\/strong>Voyez pour cela notre poteau en ch\u00e2taignier frais\u00e9 adapt\u00e9 sp\u00e9cialement con\u00e7u pour le manchon de sol.<\/p>\n<p>Pour donner de la solidit\u00e9 \u00e0 un piquet de bois, celui-ci doit normalement \u00eatre enfonc\u00e9 dans le sol sur environ un tiers de sa longueur. Malheureusement, dans certains cas, cela n&rsquo;est pas possible, par exemple si le sol est trop dur ou si vous voulez monter le poteau sur une terrasse. Dans ce cas, nos manchons de sol offrent une solution.<\/p>\n<h2>SP\u00c9CIFICATIONS<\/h2>\n<p>Ce manchon de sol galvanis\u00e9 a un diam\u00e8tre de 80 mm et la paroi a une \u00e9paisseur de 2,5 mm. C&rsquo;est la solution si vous ne voulez ou ne pouvez pas planter des poteaux en bois profond\u00e9ment dans le sol. L&rsquo;ensemble est livr\u00e9 avec 2 \u00e9crous et boulons. Nous vous proposons \u00e9galement le poteau en ch\u00e2taignier avec manchon de sol point\u00e9 en tant qu&rsquo;ensemble complet.<\/p>\n<h2>MANCHON DE SOL AVEC PLAQUE OU CALE<\/h2>\n<p>Vous pouvez ancrer un manchon de sol avec une plaque sur toute surface plane. Si vous ne disposez pas d&rsquo;une surface plane mais d&rsquo;un sol dans lequel il est difficile d&rsquo;ancrer un piquet, choisissez le manchon de sol point\u00e9 avec cale.<\/p>\n<p>&nbsp;<\/p>\n","protected":false},"excerpt":{"rendered":"<p>Manchon de sol point\u00e9 pour la pose de piquets en bois de diam\u00e8tre 7-9 cm. Voyez pour cela notre poteau en ch\u00e2taignier frais\u00e9 adapt\u00e9 sp\u00e9cialement&#8230;<\/p>\n","protected":false},"featured_media":17122,"comment_status":"closed","ping_status":"closed","template":"","meta":{"_acf_changed":false,"inline_featured_image":false,"_trash_the_other_posts":false,"ep_exclude_from_search":false,"iawp_total_views":26,"editor_notices":[]},"product_brand":[],"product_cat":[191],"product_tag":[],"class_list":{"0":"post-16293","1":"product","2":"type-product","3":"status-publish","4":"has-post-thumbnail","6":"product_cat-materiel-dassemblage","8":"first","9":"instock","10":"shipping-taxable","11":"purchasable","12":"product-type-simple"},"composite_virtual":false,"composite_layout":"","composite_add_to_cart_form_location":"","composite_editable_in_cart":false,"composite_sold_individually_context":"","composite_shop_price_calc":"","composite_components":[],"composite_scenarios":[],"acf":[],"_links":{"self":[{"href":"https:\/\/adequat.eu\/fr\/wp-json\/wp\/v2\/product\/16293","targetHints":{"allow":["GET"]}}],"collection":[{"href":"https:\/\/adequat.eu\/fr\/wp-json\/wp\/v2\/product"}],"about":[{"href":"https:\/\/adequat.eu\/fr\/wp-json\/wp\/v2\/types\/product"}],"replies":[{"embeddable":true,"href":"https:\/\/adequat.eu\/fr\/wp-json\/wp\/v2\/comments?post=16293"}],"wp:featuredmedia":[{"embeddable":true,"href":"https:\/\/adequat.eu\/fr\/wp-json\/wp\/v2\/media\/17122"}],"wp:attachment":[{"href":"https:\/\/adequat.eu\/fr\/wp-json\/wp\/v2\/media?parent=16293"}],"wp:term":[{"taxonomy":"product_brand","embeddable":true,"href":"https:\/\/adequat.eu\/fr\/wp-json\/wp\/v2\/product_brand?post=16293"},{"taxonomy":"product_cat","embeddable":true,"href":"https:\/\/adequat.eu\/fr\/wp-json\/wp\/v2\/product_cat?post=16293"},{"taxonomy":"product_tag","embeddable":true,"href":"https:\/\/adequat.eu\/fr\/wp-json\/wp\/v2\/product_tag?post=16293"}],"curies":[{"name":"wp","href":"https:\/\/api.w.org\/{rel}","templated":true}]}}