{"id":17112,"date":"2024-12-19T17:29:26","date_gmt":"2024-12-19T16:29:26","guid":{"rendered":"https:\/\/adequat.eu\/fr\/?post_type=product&#038;p=17112"},"modified":"2026-04-01T11:07:50","modified_gmt":"2026-04-01T09:07:50","slug":"zaunpfahl-fuer-aufschraubhuelse-pfostentraeger","status":"publish","type":"product","link":"https:\/\/adequat.eu\/fr\/product\/piquets\/piquets-en-chataignier\/piquet-en-chataignier-pour-manchon\/","title":{"rendered":"Piquet en ch\u00e2taignier pour manchon \u00d8 7\/9 cm"},"content":{"rendered":"<p>Convient pour une utilisation avec un manchon de sol point\u00e9 ou manchon de sol avec plaque.<\/p>\n<h2>SPECIFICATIONS<\/h2>\n<p>Piquet en bois de ch\u00e2taignier d&rsquo;un diam\u00e8tre de 7\/9 cm, sp\u00e9cialement frais\u00e9 pour s&rsquo;adapter aux manchons de sol.<\/p>\n<h2>ENSEMBLES COMPLETS<\/h2>\n<p>Vous avez besoin d&rsquo;un manchon de sol avec un piquet en ch\u00e2taignier ? Dans ce cas, vous pouvez \u00e9galement commander un ensemble complet. Pour ce faire, consultez la rubrique piquets en ch\u00e2taignier et choisissez le <a href=\"https:\/\/adequat.eu\/fr\/product\/piquets\/piquets-en-chataignier\/piquet-en-chataignier-avec-manchon-de-sol-et-pointe-a-enfoncer\/\">piquet en ch\u00e2taignier frais\u00e9 avec manchon point\u00e9<\/a> ou le <a href=\"https:\/\/adequat.eu\/fr\/product\/piquets\/piquets-en-chataignier\/piquet-en-chataignier-avec-manchon-et-plaque-de-sol\/\">piquet en ch\u00e2taignier avec manchon et plaque<\/a>.<\/p>\n<h2>MANCHON DE SOL POINTE OU AVEC PLAQUE<\/h2>\n<p>Nous vendons les <a href=\"https:\/\/adequat.eu\/fr\/products\/installation-fr\/materiel-dassemblage\/\">manchons de sol<\/a> \u00e9galement s\u00e9par\u00e9ment.<\/p>\n","protected":false},"excerpt":{"rendered":"<p>Convient pour une utilisation avec un manchon de sol point\u00e9 ou manchon de sol avec plaque. SPECIFICATIONS Piquet en bois de ch\u00e2taignier d&rsquo;un diam\u00e8tre de&#8230;<\/p>\n","protected":false},"featured_media":17121,"comment_status":"closed","ping_status":"closed","template":"","meta":{"_acf_changed":false,"inline_featured_image":false,"_trash_the_other_posts":false,"ep_exclude_from_search":false,"iawp_total_views":43,"editor_notices":[]},"product_brand":[],"product_cat":[112],"product_tag":[],"class_list":{"0":"post-17112","1":"product","2":"type-product","3":"status-publish","4":"has-post-thumbnail","6":"product_cat-piquets-en-chataignier","8":"first","9":"instock","10":"shipping-taxable","11":"purchasable","12":"product-type-variable","13":"has-default-attributes"},"composite_virtual":false,"composite_layout":"","composite_add_to_cart_form_location":"","composite_editable_in_cart":false,"composite_sold_individually_context":"","composite_shop_price_calc":"","composite_components":[],"composite_scenarios":[],"acf":[],"_links":{"self":[{"href":"https:\/\/adequat.eu\/fr\/wp-json\/wp\/v2\/product\/17112","targetHints":{"allow":["GET"]}}],"collection":[{"href":"https:\/\/adequat.eu\/fr\/wp-json\/wp\/v2\/product"}],"about":[{"href":"https:\/\/adequat.eu\/fr\/wp-json\/wp\/v2\/types\/product"}],"replies":[{"embeddable":true,"href":"https:\/\/adequat.eu\/fr\/wp-json\/wp\/v2\/comments?post=17112"}],"wp:featuredmedia":[{"embeddable":true,"href":"https:\/\/adequat.eu\/fr\/wp-json\/wp\/v2\/media\/17121"}],"wp:attachment":[{"href":"https:\/\/adequat.eu\/fr\/wp-json\/wp\/v2\/media?parent=17112"}],"wp:term":[{"taxonomy":"product_brand","embeddable":true,"href":"https:\/\/adequat.eu\/fr\/wp-json\/wp\/v2\/product_brand?post=17112"},{"taxonomy":"product_cat","embeddable":true,"href":"https:\/\/adequat.eu\/fr\/wp-json\/wp\/v2\/product_cat?post=17112"},{"taxonomy":"product_tag","embeddable":true,"href":"https:\/\/adequat.eu\/fr\/wp-json\/wp\/v2\/product_tag?post=17112"}],"curies":[{"name":"wp","href":"https:\/\/api.w.org\/{rel}","templated":true}]}}