{"id":17205,"date":"2025-01-16T15:55:38","date_gmt":"2025-01-16T14:55:38","guid":{"rendered":"https:\/\/adequat.eu\/fr\/?post_type=product&#038;p=17205"},"modified":"2025-12-19T15:06:26","modified_gmt":"2025-12-19T14:06:26","slug":"portail-fermier-douglas-non-avive-simple","status":"publish","type":"product","link":"https:\/\/adequat.eu\/fr\/product\/portails\/portail-fermier-douglas-non-avive-simple\/","title":{"rendered":"Portail fermier douglas non aviv\u00e9 simple"},"content":{"rendered":"<h2>Sp\u00e9cifications<\/h2>\n<p>Portail en bois de Douglas non aviv\u00e9 avec lames d&rsquo;\u00e9corce. Le Douglas est un bois durable provenant des for\u00eats d&rsquo;Europe du Nord, et est reconnu pour sa belle couleur rouge. Les contours de l&rsquo;arbre sont clairement visibles, ce qui donne un aspect robuste et campagnard. Ce portail est un design r\u00e9fl\u00e9chi, con\u00e7u dans notre propre atelier.<\/p>\n<h2>Hauteur et largeur<\/h2>\n<p>Ce portail a une hauteur de 110 cm. Il est disponible en plusieurs largeurs, de 120 cm \u00e0 400 cm.<\/p>\n<h2>Portail simple ou double<\/h2>\n<p>Ce portail est disponible en version simple ou double. Vous pouvez choisir la largeur selon vos besoins.<\/p>\n<p>Nous ne fabriquons pas de battant dont la largeur d\u00e9passe 400 cm, car une telle port\u00e9e augmenterait le risque d&rsquo;affaissement du portail.<\/p>\n<h2>Battants \u00e9gaux ou in\u00e9gaux<\/h2>\n<p>Vous avez la possibilit\u00e9 de choisir un portail avec deux battants de largeur \u00e9gale, mais vous pouvez \u00e9galement opter pour un mod\u00e8le avec des battants in\u00e9gaux. Par exemple, vous pouvez choisir un portillon \u00e9troit pour un usage quotidien, et un portillon plus large si vous souhaitez \u00e9galement acc\u00e9der \u00e0 votre propri\u00e9t\u00e9 avec un v\u00e9hicule motoris\u00e9.<\/p>\n<h2>Charni\u00e8res et serrures<\/h2>\n<p>Le portail est vendu nu, c&rsquo;est-\u00e0-dire sans charni\u00e8res ni serrures. En option, vous pouvez commander des charni\u00e8res et des serrures r\u00e9glables. Nous vous recommandons vivement cet ensemble optionnel, car il vous permettra d&rsquo;ajuster facilement le portail si celui-ci n&rsquo;est pas correctement suspendu.<\/p>\n<h2>Automatiser le portail<\/h2>\n<p>Vous souhaitez automatiser votre portail ? Dans ce cas, choisissez l&rsquo;option \u00ab poutre de solidit\u00e9 \u00bb. La poutre inf\u00e9rieure sera \u00e9quip\u00e9e d&rsquo;une barre suppl\u00e9mentaire permettant de fixer correctement l&rsquo;op\u00e9rateur.<\/p>\n<p>Nous tenons \u00e0 souligner qu&rsquo;il est essentiel de choisir des poteaux carr\u00e9s de 20 x 20 cm avec t\u00eate diamant\u00e9e, car sans cette dimension, il ne sera pas possible de fixer correctement l&rsquo;op\u00e9rateur du portail battant.<\/p>\n<h2>Poteaux de portail<\/h2>\n<p>Les poteaux de portail ne sont pas inclus de s\u00e9rie, mais peuvent \u00eatre command\u00e9s en option. Vous avez le choix entre des poteaux de 15 x 15 cm (longueur de 210 cm ou 280 cm) ou des poteaux de 20 x 20 cm (longueur de 210 cm ou 280 cm).<\/p>\n<p>Si vous optez pour un portail plus haut de gamme avec plusieurs options, nous vous recommandons de choisir des poteaux plus grands (20 x 20 cm). Cela augmente non seulement la solidit\u00e9, mais aussi la durabilit\u00e9 du portail. Selon notre exp\u00e9rience, plus les poteaux sont robustes, plus votre portail et votre cl\u00f4ture dureront longtemps.<\/p>\n<p>Vous avez des questions ? N\u2019h\u00e9sitez pas \u00e0 nous contacter: nos experts se feront un plaisir de vous conseiller.<\/p>\n","protected":false},"excerpt":{"rendered":"<p>Sp\u00e9cifications Portail en bois de Douglas non aviv\u00e9 avec lames d&rsquo;\u00e9corce. Le Douglas est un bois durable provenant des for\u00eats d&rsquo;Europe du Nord, et est&#8230;<\/p>\n","protected":false},"featured_media":17262,"comment_status":"closed","ping_status":"closed","template":"","meta":{"_acf_changed":false,"inline_featured_image":false,"_trash_the_other_posts":false,"ep_exclude_from_search":false,"iawp_total_views":57,"editor_notices":[]},"product_brand":[],"product_cat":[423,541,540,546,452,431,434,437,440,442,415,421,427],"product_tag":[],"class_list":{"0":"post-17205","1":"product","2":"type-product","3":"status-publish","4":"has-post-thumbnail","6":"product_cat-champetre","7":"product_cat-cloture-pour-alpagas","8":"product_cat-clotures-pour-animaux","9":"product_cat-clotures-pour-chevaux","10":"product_cat-douglas","11":"product_cat-120-cm","12":"product_cat-150-cm","13":"product_cat-200-cm","14":"product_cat-250-cm","15":"product_cat-300-cm","16":"product_cat-paturage","17":"product_cat-simple","18":"product_cat-sur-mesure","20":"first","21":"instock","22":"virtual","23":"purchasable","24":"product-type-composite"},"composite_virtual":false,"composite_layout":"single","composite_add_to_cart_form_location":"default","composite_editable_in_cart":false,"composite_sold_individually_context":"product","composite_shop_price_calc":"defaults","composite_components":[{"id":"1736524878","title":"Battant","description":"","query_type":"product_ids","query_ids":[17197],"default_option_id":17197,"thumbnail_id":"","thumbnail_src":"","quantity_min":1,"quantity_max":1,"priced_individually":true,"shipped_individually":true,"optional":false,"discount":"","options_style":"dropdowns","pagination_style":"classic","display_prices":"absolute","show_sorting_options":false,"show_filtering_options":false,"attribute_filter_ids":[],"select_action":"view","product_title_visible":false,"product_descr_visible":false,"product_price_visible":true,"product_thumb_visible":false,"subtotal_visible_product":true,"subtotal_visible_cart":true,"subtotal_visible_orders":true},{"id":"1736524879","title":"Charni\u00e8res et serrures","description":"","query_type":"product_ids","query_ids":[14582],"default_option_id":14582,"thumbnail_id":"","thumbnail_src":"","quantity_min":1,"quantity_max":1,"priced_individually":true,"shipped_individually":true,"optional":true,"discount":"","options_style":"radios","pagination_style":"classic","display_prices":"absolute","show_sorting_options":false,"show_filtering_options":false,"attribute_filter_ids":[],"select_action":"view","product_title_visible":false,"product_descr_visible":false,"product_price_visible":true,"product_thumb_visible":false,"subtotal_visible_product":true,"subtotal_visible_cart":true,"subtotal_visible_orders":true},{"id":"1736524880","title":"Poutre de solidit\u00e9","description":"","query_type":"product_ids","query_ids":[14592],"default_option_id":14592,"thumbnail_id":"","thumbnail_src":"","quantity_min":1,"quantity_max":1,"priced_individually":true,"shipped_individually":true,"optional":true,"discount":"","options_style":"radios","pagination_style":"classic","display_prices":"absolute","show_sorting_options":false,"show_filtering_options":false,"attribute_filter_ids":[],"select_action":"view","product_title_visible":false,"product_descr_visible":false,"product_price_visible":true,"product_thumb_visible":false,"subtotal_visible_product":true,"subtotal_visible_cart":true,"subtotal_visible_orders":true},{"id":"1736524881","title":"Poteaux","description":"","query_type":"product_ids","query_ids":[6382],"default_option_id":6382,"thumbnail_id":"","thumbnail_src":"","quantity_min":2,"quantity_max":2,"priced_individually":true,"shipped_individually":true,"optional":true,"discount":"","options_style":"radios","pagination_style":"classic","display_prices":"absolute","show_sorting_options":false,"show_filtering_options":false,"attribute_filter_ids":[],"select_action":"view","product_title_visible":false,"product_descr_visible":false,"product_price_visible":true,"product_thumb_visible":false,"subtotal_visible_product":true,"subtotal_visible_cart":true,"subtotal_visible_orders":true}],"composite_scenarios":[],"acf":[],"_links":{"self":[{"href":"https:\/\/adequat.eu\/fr\/wp-json\/wp\/v2\/product\/17205","targetHints":{"allow":["GET"]}}],"collection":[{"href":"https:\/\/adequat.eu\/fr\/wp-json\/wp\/v2\/product"}],"about":[{"href":"https:\/\/adequat.eu\/fr\/wp-json\/wp\/v2\/types\/product"}],"replies":[{"embeddable":true,"href":"https:\/\/adequat.eu\/fr\/wp-json\/wp\/v2\/comments?post=17205"}],"wp:featuredmedia":[{"embeddable":true,"href":"https:\/\/adequat.eu\/fr\/wp-json\/wp\/v2\/media\/17262"}],"wp:attachment":[{"href":"https:\/\/adequat.eu\/fr\/wp-json\/wp\/v2\/media?parent=17205"}],"wp:term":[{"taxonomy":"product_brand","embeddable":true,"href":"https:\/\/adequat.eu\/fr\/wp-json\/wp\/v2\/product_brand?post=17205"},{"taxonomy":"product_cat","embeddable":true,"href":"https:\/\/adequat.eu\/fr\/wp-json\/wp\/v2\/product_cat?post=17205"},{"taxonomy":"product_tag","embeddable":true,"href":"https:\/\/adequat.eu\/fr\/wp-json\/wp\/v2\/product_tag?post=17205"}],"curies":[{"name":"wp","href":"https:\/\/api.w.org\/{rel}","templated":true}]}}