{"id":17226,"date":"2025-01-16T15:57:41","date_gmt":"2025-01-16T14:57:41","guid":{"rendered":"https:\/\/adequat.eu\/fr\/?post_type=product&#038;p=17226"},"modified":"2025-11-21T10:03:23","modified_gmt":"2025-11-21T09:03:23","slug":"portail-rustique-arc-4-planches-douglas-simple","status":"publish","type":"product","link":"https:\/\/adequat.eu\/fr\/product\/portails\/portail-rustique-arc-4-planches-douglas-simple\/","title":{"rendered":"Portail rustique arc 4 planches douglas simple"},"content":{"rendered":"<h2>Sp\u00e9cifications<\/h2>\n<p>Ce portail est fabriqu\u00e9 en planches de douglas (classe de durabilit\u00e9 3) d\u2019une \u00e9paisseur de 2,5 cm. Les planches sont rabot\u00e9es, ponc\u00e9es et ont \u00e9galement des bords \u201ccass\u00e9s\u201d. Les bords cass\u00e9s signifient en fait que les ar\u00eates vives sont frais\u00e9es et l\u00e9g\u00e8rement arrondies. Les bords cass\u00e9s sont moins tranchants, donc plus s\u00fbrs, et constituent \u00e9galement un joli d\u00e9tail. Les planches de cette porte de ferme ont une largeur de 18 cm et sont uniform\u00e9ment r\u00e9parties sur le cadre. Les planches sont fix\u00e9es \u00e0 l\u2019arri\u00e8re de la porte \u00e0 l\u2019aide de vis en acier inoxydable et de colle. Cela cr\u00e9e un ensemble solide et \u00e9pur\u00e9, sans trous de vis visibles \u00e0 l\u2019avant. Une belle porte \u00e9pur\u00e9e donc!<\/p>\n<h2>Hauteur et largeur<\/h2>\n<p>Le portail a une hauteur standard de 110 cm, avec des poteaux angulaires d\u2019une hauteur de 120 cm. Le portail dispose d&rsquo; un arc diagonal de 155 cm de hauteur et est disponible en diff\u00e9rentes largeurs.<\/p>\n<h2>Portail simple ou double<\/h2>\n<p>Ce portail est disponible en version simple ou double. Vous pouvez choisir la largeur par battant selon vos besoins.<\/p>\n<p>Veulliez noter que nous ne fabriquons pas de battant de portail dont la largeur d\u00e9passe 350 cm par section. Au del\u00e0 de 350 cm la port\u00e9e deviendrait trop importante ce qui augmenterait le risque d\u2019affaissement.<\/p>\n<h2>Battans \u00e9gaux ou in\u00e9gaux<\/h2>\n<p>Vous avez la possibilit\u00e9 de choisir un portail avec deux battants de largeur \u00e9gale, mais vous pouvez \u00e9galement opter pour un mod\u00e8le avec deux battants in\u00e9gaux. Vous pouvez par example choisir un portillon \u00e9troit pour un usage quotidien, et un portillon plus large si vous souhaitez acc\u00e9der \u00e0 votre propri\u00e9t\u00e9 avec un v\u00e9hicule motoris\u00e9.<\/p>\n<h2>Charni\u00e8res et serrures<\/h2>\n<p>Vous achetez le portail enti\u00e8rement nu, c\u2019est-\u00e0-dire sans charni\u00e8res ni serrures. Vous pouvez commander des charni\u00e8res et des serrures r\u00e9glables en option. Nous vous recommandons vivement cet ensemble optionnel car il vous permet d\u2019 ajuster vous-m\u00eame le portail s\u2019il n\u2019est pas bien suspendu.<\/p>\n<h2>Automatiser le portail<\/h2>\n<p>Vous souhaitez automatiser votre portail ? Dans ce cas, choisissez l\u2019option \u00ab poutre de solidit\u00e9 \u00bb. La poutre inf\u00e9rieure sera \u00e9quip\u00e9e d\u2019une barre suppl\u00e9mentaire permettant de fixer correctement l\u2019op\u00e9rateur.<\/p>\n<p>Nous tenons \u00e0 souligner qu\u2019il est essentiel de choisir des poteaux carr\u00e9s de 20 x 20 cm avec t\u00eate diamant\u00e9e, car sans cette dimension, il ne sera pas possible de fixer correctement l\u2019op\u00e9rateur du portail battant.<\/p>\n<h2>Poteaux de portail<\/h2>\n<p>Les poteaux de portail ne sont pas livr\u00e9s en standard, mais peuvent \u00eatre command\u00e9s en option. Vous avez le choix entre des poteaux de 15 x 15 cm d\u2019une longueur de 210 cm ou 280 cm et des poteaux de 20 x 20 cm d\u2019une longueur de 210 cm ou 280 cm. Vous avez des doutes ? N\u2019h\u00e9sitez pas \u00e0 nous contacter. Nos experts se feront un plaisir de vous aider.<\/p>\n<p>Si vous optez pour un portail plus luxueux, avec plusieurs options, nous vous conseillons vivement de choisir les poteaux les plus larges (20 x 20 cm). Cela renforce non seulement la solidit\u00e9, mais aussi la durabilit\u00e9 du portail. Par exp\u00e9rience, nous pouvons affirmer que plus les poteaux sont robustes, plus votre portail et votre cl\u00f4ture vous dureront longtemps.<\/p>\n","protected":false},"excerpt":{"rendered":"<p>Sp\u00e9cifications Ce portail est fabriqu\u00e9 en planches de douglas (classe de durabilit\u00e9 3) d\u2019une \u00e9paisseur de 2,5 cm. Les planches sont rabot\u00e9es, ponc\u00e9es et ont&#8230;<\/p>\n","protected":false},"featured_media":17253,"comment_status":"closed","ping_status":"closed","template":"","meta":{"_acf_changed":false,"inline_featured_image":false,"_trash_the_other_posts":false,"ep_exclude_from_search":false,"iawp_total_views":3,"editor_notices":[]},"product_brand":[],"product_cat":[452,415,419,427],"product_tag":[],"class_list":{"0":"post-17226","1":"product","2":"type-product","3":"status-publish","4":"has-post-thumbnail","6":"product_cat-douglas","7":"product_cat-paturage","8":"product_cat-automatisation","9":"product_cat-sur-mesure","11":"first","12":"instock","13":"virtual","14":"purchasable","15":"product-type-composite"},"composite_virtual":false,"composite_layout":"single","composite_add_to_cart_form_location":"default","composite_editable_in_cart":false,"composite_sold_individually_context":"product","composite_shop_price_calc":"defaults","composite_components":[{"id":"1737025471","title":"Battant","description":"","query_type":"product_ids","query_ids":[17217],"default_option_id":17217,"thumbnail_id":"","thumbnail_src":"","quantity_min":1,"quantity_max":1,"priced_individually":true,"shipped_individually":true,"optional":false,"discount":"","options_style":"dropdowns","pagination_style":"classic","display_prices":"absolute","show_sorting_options":false,"show_filtering_options":false,"attribute_filter_ids":[],"select_action":"view","product_title_visible":false,"product_descr_visible":false,"product_price_visible":true,"product_thumb_visible":false,"subtotal_visible_product":false,"subtotal_visible_cart":false,"subtotal_visible_orders":false},{"id":"1737025472","title":"Charni\u00e8res et serrures","description":"","query_type":"product_ids","query_ids":[14582],"default_option_id":14582,"thumbnail_id":"","thumbnail_src":"","quantity_min":1,"quantity_max":1,"priced_individually":true,"shipped_individually":true,"optional":true,"discount":"","options_style":"radios","pagination_style":"classic","display_prices":"absolute","show_sorting_options":false,"show_filtering_options":false,"attribute_filter_ids":[],"select_action":"view","product_title_visible":false,"product_descr_visible":false,"product_price_visible":true,"product_thumb_visible":false,"subtotal_visible_product":false,"subtotal_visible_cart":false,"subtotal_visible_orders":false},{"id":"1737025473","title":"Poutre de solidit\u00e9","description":"","query_type":"product_ids","query_ids":[14592],"default_option_id":14592,"thumbnail_id":"","thumbnail_src":"","quantity_min":1,"quantity_max":1,"priced_individually":true,"shipped_individually":true,"optional":true,"discount":"","options_style":"radios","pagination_style":"classic","display_prices":"absolute","show_sorting_options":false,"show_filtering_options":false,"attribute_filter_ids":[],"select_action":"view","product_title_visible":false,"product_descr_visible":false,"product_price_visible":true,"product_thumb_visible":false,"subtotal_visible_product":false,"subtotal_visible_cart":false,"subtotal_visible_orders":false},{"id":"1737025474","title":"Poteaux","description":"","query_type":"product_ids","query_ids":[6382],"default_option_id":6382,"thumbnail_id":"","thumbnail_src":"","quantity_min":2,"quantity_max":2,"priced_individually":true,"shipped_individually":true,"optional":true,"discount":"","options_style":"radios","pagination_style":"classic","display_prices":"absolute","show_sorting_options":false,"show_filtering_options":false,"attribute_filter_ids":[],"select_action":"view","product_title_visible":false,"product_descr_visible":false,"product_price_visible":true,"product_thumb_visible":false,"subtotal_visible_product":false,"subtotal_visible_cart":false,"subtotal_visible_orders":false}],"composite_scenarios":[],"acf":[],"_links":{"self":[{"href":"https:\/\/adequat.eu\/fr\/wp-json\/wp\/v2\/product\/17226","targetHints":{"allow":["GET"]}}],"collection":[{"href":"https:\/\/adequat.eu\/fr\/wp-json\/wp\/v2\/product"}],"about":[{"href":"https:\/\/adequat.eu\/fr\/wp-json\/wp\/v2\/types\/product"}],"replies":[{"embeddable":true,"href":"https:\/\/adequat.eu\/fr\/wp-json\/wp\/v2\/comments?post=17226"}],"wp:featuredmedia":[{"embeddable":true,"href":"https:\/\/adequat.eu\/fr\/wp-json\/wp\/v2\/media\/17253"}],"wp:attachment":[{"href":"https:\/\/adequat.eu\/fr\/wp-json\/wp\/v2\/media?parent=17226"}],"wp:term":[{"taxonomy":"product_brand","embeddable":true,"href":"https:\/\/adequat.eu\/fr\/wp-json\/wp\/v2\/product_brand?post=17226"},{"taxonomy":"product_cat","embeddable":true,"href":"https:\/\/adequat.eu\/fr\/wp-json\/wp\/v2\/product_cat?post=17226"},{"taxonomy":"product_tag","embeddable":true,"href":"https:\/\/adequat.eu\/fr\/wp-json\/wp\/v2\/product_tag?post=17226"}],"curies":[{"name":"wp","href":"https:\/\/api.w.org\/{rel}","templated":true}]}}