{"id":17281,"date":"2025-02-12T17:03:54","date_gmt":"2025-02-12T16:03:54","guid":{"rendered":"https:\/\/adequat.eu\/fr\/?post_type=product&#038;p=17281"},"modified":"2025-08-07T14:23:52","modified_gmt":"2025-08-07T12:23:52","slug":"portail-rustique-arc-5-planches-douglas-simple","status":"publish","type":"product","link":"https:\/\/adequat.eu\/fr\/product\/portails\/portail-rustique-arc-5-planches-douglas-simple\/","title":{"rendered":"Portail rustique arc 5 planches douglas simple"},"content":{"rendered":"<h3>Sp\u00e9cifications<\/h3>\n<p>Ce portail est fabriqu\u00e9e en planches de douglas (classe de durabilit\u00e9 3) d\u2019une \u00e9paisseur de 2,5 cm. Les planches sont rabot\u00e9es, ponc\u00e9es et ont \u00e9galement des bords \u201ccass\u00e9s\u201d. Les bords cass\u00e9s signifient en fait que les ar\u00eates vives sont frais\u00e9es et l\u00e9g\u00e8rement arrondies. Les bords cass\u00e9s sont moins tranchants, donc plus s\u00fbrs, et constituent \u00e9galement un joli d\u00e9tail. Les planches de cette porte de ferme ont une largeur de 18 cm et sont uniform\u00e9ment r\u00e9parties sur le cadre. Les planches sont fix\u00e9es \u00e0 l\u2019arri\u00e8re de la porte \u00e0 l\u2019aide de vis en acier inoxydable et de colle. Cela cr\u00e9e un ensemble solide et \u00e9pur\u00e9, sans trous de vis visibles \u00e0 l\u2019avant.<\/p>\n<h3>Hauteur et Largeur<\/h3>\n<p>Ce portail a une hauteur standard de 110 cm, avec des poteaux angulaires d&rsquo;une hauteur de 120 cm. Le portail a un arc diagonal de 155 cm de hauteur et est disponible en diff\u00e9rentes largeurs.<\/p>\n<h3>Portail Simple ou Double<\/h3>\n<p>Ce portail est disponible en version simple ou double. Vous d\u00e9terminez vous-m\u00eame la largeur du portail selon vos besoins.<\/p>\n<p>Nous ne fabriquons pas de sections de portails de plus de 350 cm de large, car une telle port\u00e9e serait trop importante, ce qui augmenterait le risque d&rsquo;affaissement.<\/p>\n<h3>Battants \u00e9gaux ou in\u00e9gaux<\/h3>\n<p>Vous pouvez choisir un portail compos\u00e9 de deux battants \u00e9gaux, mais vous pouvez \u00e9galement opter pour des battants de largeurs diff\u00e9rentes. Par exemple, un battant plus \u00e9troit pour un passage pi\u00e9ton quotidien et un battant plus large pour permettre l\u2019acc\u00e8s des v\u00e9hicules motoris\u00e9s<\/p>\n<h3>Quincaillerie<\/h3>\n<p>Vous achetez le portail sans quincaillerie, c\u2019est-\u00e0-dire sans ferrures ni serrure. Vous pouvez commander en option un ensemble de quincaillerie r\u00e9glable. Nous recommandons vivement cet ensemble optionnel, car il vous permet de r\u00e9aligner les battans si n\u00e9cessaire.<\/p>\n<h3>Automatisation du portail<\/h3>\n<p>Souhaitez-vous automatiser votre portail ? Dans ce cas, choisissez l\u2019option \u201cpoutre de solidit\u00e9\u201d. La poutre inf\u00e9rieure sera alors renforc\u00e9e par une poutre suppl\u00e9mentaire permettant de fixer solidement le m\u00e9canisme de pivotement<\/p>\n<p>Il est important de choisir des poteaux carr\u00e9s avec t\u00eate de diamant de 20 x 20 cm, car sans cette largeur, le m\u00e9canisme de pivotement ne peut \u00eatre install\u00e9.<\/p>\n<h3>Poteaux de portail<\/h3>\n<p>Les poteaux de porail ne sont pas inclus de base, mais peuvent \u00eatre command\u00e9s en option. Vous pouvez choisir parmi des poteaux de 15 x 15 cm avec une longueur de 210 cm ou 280 cm, ou des poteaux de 20 x 20 cm avec une longueur de 210 cm ou 280 cm. Vous h\u00e9sitez? N\u2019h\u00e9sitez pas \u00e0 nous contacter. Nos experts se feront un plaisir de vous aider.<\/p>\n<p>Si vous optez pour un portail plus luxueux avec plusieurs options, il est conseill\u00e9 de choisir des poteaux plus grands, de 20 x 20 cm. Cela renforce non seulement la solidit\u00e9, mais aussi la durabilit\u00e9. D\u2019apr\u00e8s notre exp\u00e9rience, plus les poteaux sont robustes, plus longtemps vous profiterez de votre portail et de votre cl\u00f4ture.<\/p>\n","protected":false},"excerpt":{"rendered":"<p>Sp\u00e9cifications Ce portail est fabriqu\u00e9e en planches de douglas (classe de durabilit\u00e9 3) d\u2019une \u00e9paisseur de 2,5 cm. Les planches sont rabot\u00e9es, ponc\u00e9es et ont&#8230;<\/p>\n","protected":false},"featured_media":17251,"comment_status":"closed","ping_status":"closed","template":"","meta":{"_acf_changed":false,"inline_featured_image":false,"_trash_the_other_posts":false,"ep_exclude_from_search":false,"iawp_total_views":15,"editor_notices":[]},"product_brand":[],"product_cat":[423,452,431,434,437,440,442,415,419,421,427],"product_tag":[],"class_list":{"0":"post-17281","1":"product","2":"type-product","3":"status-publish","4":"has-post-thumbnail","6":"product_cat-champetre","7":"product_cat-douglas","8":"product_cat-120-cm","9":"product_cat-150-cm","10":"product_cat-200-cm","11":"product_cat-250-cm","12":"product_cat-300-cm","13":"product_cat-paturage","14":"product_cat-automatisation","15":"product_cat-simple","16":"product_cat-sur-mesure","18":"first","19":"instock","20":"virtual","21":"purchasable","22":"product-type-composite"},"composite_virtual":false,"composite_layout":"single","composite_add_to_cart_form_location":"default","composite_editable_in_cart":false,"composite_sold_individually_context":"product","composite_shop_price_calc":"defaults","composite_components":[{"id":"1738150187","title":"Battant","description":"","query_type":"product_ids","query_ids":[17274],"default_option_id":17274,"thumbnail_id":"","thumbnail_src":"","quantity_min":1,"quantity_max":1,"priced_individually":true,"shipped_individually":true,"optional":false,"discount":"","options_style":"dropdowns","pagination_style":"classic","display_prices":"absolute","show_sorting_options":false,"show_filtering_options":false,"attribute_filter_ids":[],"select_action":"view","product_title_visible":false,"product_descr_visible":false,"product_price_visible":true,"product_thumb_visible":false,"subtotal_visible_product":false,"subtotal_visible_cart":false,"subtotal_visible_orders":false},{"id":"1738150188","title":"Charni\u00e8res et serrures","description":"","query_type":"product_ids","query_ids":[14582],"default_option_id":14582,"thumbnail_id":"","thumbnail_src":"","quantity_min":1,"quantity_max":1,"priced_individually":true,"shipped_individually":true,"optional":true,"discount":"","options_style":"radios","pagination_style":"classic","display_prices":"absolute","show_sorting_options":false,"show_filtering_options":false,"attribute_filter_ids":[],"select_action":"view","product_title_visible":false,"product_descr_visible":false,"product_price_visible":true,"product_thumb_visible":false,"subtotal_visible_product":false,"subtotal_visible_cart":false,"subtotal_visible_orders":false},{"id":"1738150189","title":"Poutre de solidit\u00e9","description":"","query_type":"product_ids","query_ids":[14592],"default_option_id":14592,"thumbnail_id":"","thumbnail_src":"","quantity_min":1,"quantity_max":1,"priced_individually":true,"shipped_individually":true,"optional":true,"discount":"","options_style":"radios","pagination_style":"classic","display_prices":"absolute","show_sorting_options":false,"show_filtering_options":false,"attribute_filter_ids":[],"select_action":"view","product_title_visible":false,"product_descr_visible":false,"product_price_visible":true,"product_thumb_visible":false,"subtotal_visible_product":false,"subtotal_visible_cart":false,"subtotal_visible_orders":false},{"id":"1738150190","title":"Poteaux","description":"","query_type":"product_ids","query_ids":[6382],"default_option_id":6382,"thumbnail_id":"","thumbnail_src":"","quantity_min":2,"quantity_max":2,"priced_individually":true,"shipped_individually":true,"optional":true,"discount":"","options_style":"radios","pagination_style":"classic","display_prices":"absolute","show_sorting_options":false,"show_filtering_options":false,"attribute_filter_ids":[],"select_action":"view","product_title_visible":false,"product_descr_visible":false,"product_price_visible":true,"product_thumb_visible":false,"subtotal_visible_product":false,"subtotal_visible_cart":false,"subtotal_visible_orders":false}],"composite_scenarios":[],"acf":[],"_links":{"self":[{"href":"https:\/\/adequat.eu\/fr\/wp-json\/wp\/v2\/product\/17281","targetHints":{"allow":["GET"]}}],"collection":[{"href":"https:\/\/adequat.eu\/fr\/wp-json\/wp\/v2\/product"}],"about":[{"href":"https:\/\/adequat.eu\/fr\/wp-json\/wp\/v2\/types\/product"}],"replies":[{"embeddable":true,"href":"https:\/\/adequat.eu\/fr\/wp-json\/wp\/v2\/comments?post=17281"}],"wp:featuredmedia":[{"embeddable":true,"href":"https:\/\/adequat.eu\/fr\/wp-json\/wp\/v2\/media\/17251"}],"wp:attachment":[{"href":"https:\/\/adequat.eu\/fr\/wp-json\/wp\/v2\/media?parent=17281"}],"wp:term":[{"taxonomy":"product_brand","embeddable":true,"href":"https:\/\/adequat.eu\/fr\/wp-json\/wp\/v2\/product_brand?post=17281"},{"taxonomy":"product_cat","embeddable":true,"href":"https:\/\/adequat.eu\/fr\/wp-json\/wp\/v2\/product_cat?post=17281"},{"taxonomy":"product_tag","embeddable":true,"href":"https:\/\/adequat.eu\/fr\/wp-json\/wp\/v2\/product_tag?post=17281"}],"curies":[{"name":"wp","href":"https:\/\/api.w.org\/{rel}","templated":true}]}}