{"id":17297,"date":"2025-01-30T12:31:47","date_gmt":"2025-01-30T11:31:47","guid":{"rendered":"https:\/\/adequat.eu\/fr\/?post_type=product&#038;p=17297"},"modified":"2025-11-25T15:28:53","modified_gmt":"2025-11-25T14:28:53","slug":"portail-anglais-arc-douglas-double","status":"publish","type":"product","link":"https:\/\/adequat.eu\/fr\/product\/portails\/portail-anglais-arc-douglas-double\/","title":{"rendered":"Portail anglais arc douglas double"},"content":{"rendered":"<h3>Hauteur et largeur<\/h3>\n<p>Ce portail a une hauteur standard de 110 cm, avec des poteaux angulaires d\u2019une hauteur de 120 cm. Chaque battant est r\u00e9alis\u00e9 avec une crosse transversale de 176 cm de hauteur. La largeur maximale pour ce double portail est de 720 cm. Les largeurs indiqu\u00e9es dans la liste des prix sont les mesures du portail sans les poteaux et sans les charni\u00e8res. Il faut donc ne pas oublier d\u2019y ajouter les dimensions des poteaux (2 x 15 cm) et l\u2019espace entre les poteaux et les charni\u00e8res (2 x 12 cm).<\/p>\n<h3>Portail simple ou double<\/h3>\n<p>Le portail est disponible en version simple ou double. Vous pouvez choisir la largeur qui convient \u00e0 vos besoins.<\/p>\n<p>Nous ne fabriquons pas de sections de portail de plus de 360 cm de large, car une trop grande port\u00e9e augmenterait le risque d\u2019affaissement du portail.<\/p>\n<h3>Battants \u00e9gaux ou in\u00e9gaux<\/h3>\n<p>Vous pouvez opter pour un portail \u00e0 deux battants \u00e9gaux ou, si vous pr\u00e9f\u00e9rez, pour des battants de tailles diff\u00e9rentes. Par exemple, un battant pi\u00e9ton plus \u00e9troit pour un usage quotidien et un battant plus large pour l&rsquo;acc\u00e8s des v\u00e9hicules motoris\u00e9s.<\/p>\n<h3>Quincallerie<\/h3>\n<p>Le portail est livr\u00e9 sans quincaillerie (sans ferrures ni serrure). Un kit de quincaillerie r\u00e9glable est disponible en option. Nous le recommandons vivement, car il permet de r\u00e9aligner facilement le portail en cas de besoin.<\/p>\n<h3>Automatisation du portail<\/h3>\n<p>Si vous souhaitez automatiser le portail, choisissez l\u2019option \u00ab\u00a0poutre de solidit\u00e9\u00a0\u00bb. Cette version inclut une poutre suppl\u00e9mentaire pour fixer solidement le m\u00e9canisme d&rsquo;automatisation.<\/p>\n<p>Il est essentiel de choisir des poteaux carr\u00e9s de 20 x 20 cm avec une t\u00eate en diamant. Sans ces dimensions, il n&rsquo;est pas possible d\u2019installer le m\u00e9canisme de la porte pivotante.<\/p>\n<h3>Poteaux de portail<\/h3>\n<p>Les poteaux de portail ne sont pas inclus, mais peuvent \u00eatre command\u00e9s en option. Vous avez le choix entre des poteaux de 15 x 15 cm ou 20 x 20 cm, avec des longueurs de 210 cm ou 280 cm. En cas de doute, n\u2019h\u00e9sitez pas \u00e0 nous contacter. Nos experts se feront un plaisir de vous conseiller.<\/p>\n<p>Pour un portail plus luxueux avec plusieurs options, nous recommandons les poteaux de 20 x 20 cm, qui renforcent la solidit\u00e9 et la durabilit\u00e9 de l\u2019ensemble. Selon notre exp\u00e9rience, des poteaux plus robustes prolongent la dur\u00e9e de vie de votre portail et de votre cl\u00f4ture.<\/p>\n","protected":false},"excerpt":{"rendered":"<p>Hauteur et largeur Ce portail a une hauteur standard de 110 cm, avec des poteaux angulaires d\u2019une hauteur de 120 cm. Chaque battant est r\u00e9alis\u00e9&#8230;<\/p>\n","protected":false},"featured_media":17352,"comment_status":"closed","ping_status":"closed","template":"","meta":{"_acf_changed":false,"inline_featured_image":false,"_trash_the_other_posts":false,"ep_exclude_from_search":false,"iawp_total_views":27,"editor_notices":[]},"product_brand":[],"product_cat":[423,127,422,452,431,434,436,438,439,441,442,415,419,427],"product_tag":[],"class_list":{"0":"post-17297","1":"product","2":"type-product","3":"status-publish","4":"has-post-thumbnail","6":"product_cat-champetre","7":"product_cat-portails-anglais","8":"product_cat-double","9":"product_cat-douglas","10":"product_cat-120-cm","11":"product_cat-150-cm","12":"product_cat-180-cm","13":"product_cat-210-cm","14":"product_cat-240-cm","15":"product_cat-270-cm","16":"product_cat-300-cm","17":"product_cat-paturage","18":"product_cat-automatisation","19":"product_cat-sur-mesure","21":"first","22":"instock","23":"virtual","24":"purchasable","25":"product-type-composite"},"composite_virtual":false,"composite_layout":"single","composite_add_to_cart_form_location":"default","composite_editable_in_cart":false,"composite_sold_individually_context":"product","composite_shop_price_calc":"defaults","composite_components":[{"id":"1738154570","title":"Battant gauche","description":"","query_type":"product_ids","query_ids":[17283],"default_option_id":17283,"thumbnail_id":"","thumbnail_src":"","quantity_min":1,"quantity_max":1,"priced_individually":true,"shipped_individually":true,"optional":false,"discount":"","options_style":"dropdowns","pagination_style":"classic","display_prices":"absolute","show_sorting_options":false,"show_filtering_options":false,"attribute_filter_ids":[],"select_action":"view","product_title_visible":false,"product_descr_visible":false,"product_price_visible":true,"product_thumb_visible":false,"subtotal_visible_product":false,"subtotal_visible_cart":false,"subtotal_visible_orders":false},{"id":"1738154571","title":"Battant droit","description":"","query_type":"product_ids","query_ids":[17283],"default_option_id":17283,"thumbnail_id":"","thumbnail_src":"","quantity_min":1,"quantity_max":1,"priced_individually":true,"shipped_individually":true,"optional":false,"discount":"","options_style":"dropdowns","pagination_style":"classic","display_prices":"absolute","show_sorting_options":false,"show_filtering_options":false,"attribute_filter_ids":[],"select_action":"view","product_title_visible":false,"product_descr_visible":false,"product_price_visible":true,"product_thumb_visible":false,"subtotal_visible_product":false,"subtotal_visible_cart":false,"subtotal_visible_orders":false},{"id":"1738154572","title":"Charni\u00e8res et serrures","description":"","query_type":"product_ids","query_ids":[14589],"default_option_id":14589,"thumbnail_id":"","thumbnail_src":"","quantity_min":1,"quantity_max":1,"priced_individually":true,"shipped_individually":true,"optional":true,"discount":"","options_style":"radios","pagination_style":"classic","display_prices":"absolute","show_sorting_options":false,"show_filtering_options":false,"attribute_filter_ids":[],"select_action":"view","product_title_visible":false,"product_descr_visible":false,"product_price_visible":true,"product_thumb_visible":false,"subtotal_visible_product":false,"subtotal_visible_cart":false,"subtotal_visible_orders":false},{"id":"1738154573","title":"Poutre de solidit\u00e9","description":"","query_type":"product_ids","query_ids":[14590],"default_option_id":14590,"thumbnail_id":"","thumbnail_src":"","quantity_min":2,"quantity_max":2,"priced_individually":true,"shipped_individually":true,"optional":true,"discount":"","options_style":"radios","pagination_style":"classic","display_prices":"absolute","show_sorting_options":false,"show_filtering_options":false,"attribute_filter_ids":[],"select_action":"view","product_title_visible":false,"product_descr_visible":false,"product_price_visible":true,"product_thumb_visible":false,"subtotal_visible_product":false,"subtotal_visible_cart":false,"subtotal_visible_orders":false},{"id":"1738154574","title":"Poteaux","description":"","query_type":"product_ids","query_ids":[6382],"default_option_id":6382,"thumbnail_id":"","thumbnail_src":"","quantity_min":2,"quantity_max":2,"priced_individually":true,"shipped_individually":true,"optional":true,"discount":"","options_style":"radios","pagination_style":"classic","display_prices":"absolute","show_sorting_options":false,"show_filtering_options":false,"attribute_filter_ids":[],"select_action":"view","product_title_visible":false,"product_descr_visible":false,"product_price_visible":true,"product_thumb_visible":false,"subtotal_visible_product":false,"subtotal_visible_cart":false,"subtotal_visible_orders":false},{"id":"1738154575","title":"Sabot adapt\u00e9","description":"","query_type":"product_ids","query_ids":[6806,6803],"default_option_id":6806,"thumbnail_id":"","thumbnail_src":"","quantity_min":1,"quantity_max":1,"priced_individually":true,"shipped_individually":true,"optional":true,"discount":"","options_style":"radios","pagination_style":"classic","display_prices":"absolute","show_sorting_options":false,"show_filtering_options":false,"attribute_filter_ids":[],"select_action":"view","product_title_visible":false,"product_descr_visible":false,"product_price_visible":true,"product_thumb_visible":false,"subtotal_visible_product":false,"subtotal_visible_cart":false,"subtotal_visible_orders":false}],"composite_scenarios":[],"acf":[],"_links":{"self":[{"href":"https:\/\/adequat.eu\/fr\/wp-json\/wp\/v2\/product\/17297","targetHints":{"allow":["GET"]}}],"collection":[{"href":"https:\/\/adequat.eu\/fr\/wp-json\/wp\/v2\/product"}],"about":[{"href":"https:\/\/adequat.eu\/fr\/wp-json\/wp\/v2\/types\/product"}],"replies":[{"embeddable":true,"href":"https:\/\/adequat.eu\/fr\/wp-json\/wp\/v2\/comments?post=17297"}],"wp:featuredmedia":[{"embeddable":true,"href":"https:\/\/adequat.eu\/fr\/wp-json\/wp\/v2\/media\/17352"}],"wp:attachment":[{"href":"https:\/\/adequat.eu\/fr\/wp-json\/wp\/v2\/media?parent=17297"}],"wp:term":[{"taxonomy":"product_brand","embeddable":true,"href":"https:\/\/adequat.eu\/fr\/wp-json\/wp\/v2\/product_brand?post=17297"},{"taxonomy":"product_cat","embeddable":true,"href":"https:\/\/adequat.eu\/fr\/wp-json\/wp\/v2\/product_cat?post=17297"},{"taxonomy":"product_tag","embeddable":true,"href":"https:\/\/adequat.eu\/fr\/wp-json\/wp\/v2\/product_tag?post=17297"}],"curies":[{"name":"wp","href":"https:\/\/api.w.org\/{rel}","templated":true}]}}