{"id":17333,"date":"2025-01-29T13:48:10","date_gmt":"2025-01-29T12:48:10","guid":{"rendered":"https:\/\/adequat.eu\/fr\/?post_type=product&#038;p=17333"},"modified":"2025-12-19T15:02:35","modified_gmt":"2025-12-19T14:02:35","slug":"portail-upcycle-simple","status":"publish","type":"product","link":"https:\/\/adequat.eu\/fr\/product\/portails\/portail-upcycle-simple\/","title":{"rendered":"Portail upcycle ch\u00e2taignier, ch\u00eane ou douglas"},"content":{"rendered":"<h2 data-start=\"143\" data-end=\"199\">Portail Upcycle en ch\u00e2taignier, ch\u00eane ou douglas<\/h2>\n<p data-start=\"201\" data-end=\"395\">Ce portail est con\u00e7u \u00e0 partir de bois r\u00e9cup\u00e9r\u00e9, disponible en ch\u00e2taignier, douglas ou ch\u00eane selon les stocks.<br data-start=\"310\" data-end=\"313\" \/>Il est livr\u00e9 avec serrure et charni\u00e8res, <strong data-start=\"354\" data-end=\"370\">sans poteaux<\/strong>, \u00e0 commander s\u00e9par\u00e9ment.<\/p>\n<h2 data-start=\"397\" data-end=\"432\">Caract\u00e9ristiques techniques<\/h2>\n<p data-start=\"434\" data-end=\"723\">Ce mod\u00e8le upcycl\u00e9 est fabriqu\u00e9 \u00e0 partir de planches de douglas, de ch\u00e2taignier ou de ch\u00eane, selon les bois disponibles dans notre atelier. C\u2019est un portail simple mais \u00e9l\u00e9gant, assembl\u00e9 avec des clous en acier inoxydable, sans collage, ce qui le rend moins adapt\u00e9 \u00e0 un usage tr\u00e8s intensif.<\/p>\n<h2 data-start=\"725\" data-end=\"751\">Hauteur et largeur<\/h2>\n<p data-start=\"753\" data-end=\"984\">Trois hauteurs sont propos\u00e9es : 50 cm, 80 cm et 100 cm. La largeur standard est de 100 cm. Une fabrication sur mesure est possible, tant que les dimensions ne d\u00e9passent pas 100 x 100 cm.<br data-start=\"939\" data-end=\"942\" \/>N\u2019h\u00e9sitez pas \u00e0 demander un devis gratuit.<\/p>\n<h2 data-start=\"986\" data-end=\"1018\">Portail simple ou double<\/h2>\n<p data-start=\"1020\" data-end=\"1478\">Vous souhaitez une version double ? Le prix correspond alors \u00e0 deux portails simples.<br data-start=\"1105\" data-end=\"1108\" \/>Merci de pr\u00e9ciser dans votre commande qu\u2019il s\u2019agit d\u2019un portail double, ainsi que, si n\u00e9cessaire, quel vantail est \u00e0 gauche et lequel \u00e0 droite.<br data-start=\"1251\" data-end=\"1254\" \/>\u00c0 noter : la face \u00ab esth\u00e9tique \u00bb est consid\u00e9r\u00e9e comme l\u2019avant (les charni\u00e8res et la serrure se trouvent donc \u00e0 l\u2019arri\u00e8re). Si vous \u00eates face au portail, il est fix\u00e9 \u00e0 droite et s\u2019ouvre vers la droite, en s\u2019\u00e9loignant de vous.<\/p>\n<p data-start=\"1480\" data-end=\"1592\">Pour des portails plus grands (au-del\u00e0 de 100 cm) ou destin\u00e9s \u00e0 un usage intensif, consultez nos autres mod\u00e8les.<\/p>\n<h2 data-start=\"1594\" data-end=\"1615\">Quincaillerie<\/h2>\n<p data-start=\"1617\" data-end=\"1676\">Le portail est fourni avec un set complet de quincaillerie.<\/p>\n<h2 data-start=\"1678\" data-end=\"1704\">Poteaux de portail<\/h2>\n<p data-start=\"1706\" data-end=\"1777\">Les poteaux peuvent \u00eatre command\u00e9s s\u00e9par\u00e9ment via la boutique en ligne.<\/p>\n","protected":false},"excerpt":{"rendered":"<p>Portail Upcycle en ch\u00e2taignier, ch\u00eane ou douglas Ce portail est con\u00e7u \u00e0 partir de bois r\u00e9cup\u00e9r\u00e9, disponible en ch\u00e2taignier, douglas ou ch\u00eane selon les stocks.Il&#8230;<\/p>\n","protected":false},"featured_media":17339,"comment_status":"closed","ping_status":"closed","template":"","meta":{"_acf_changed":false,"inline_featured_image":false,"_trash_the_other_posts":false,"ep_exclude_from_search":false,"iawp_total_views":38,"editor_notices":[]},"product_brand":[],"product_cat":[423,541,540,414,429,421,427],"product_tag":[],"class_list":{"0":"post-17333","1":"product","2":"type-product","3":"status-publish","4":"has-post-thumbnail","6":"product_cat-champetre","7":"product_cat-cloture-pour-alpagas","8":"product_cat-clotures-pour-animaux","9":"product_cat-acces","10":"product_cat-100-cm","11":"product_cat-simple","12":"product_cat-sur-mesure","14":"first","15":"instock","16":"shipping-taxable","17":"purchasable","18":"product-type-variable","19":"has-default-attributes"},"composite_virtual":false,"composite_layout":"","composite_add_to_cart_form_location":"","composite_editable_in_cart":false,"composite_sold_individually_context":"","composite_shop_price_calc":"","composite_components":[],"composite_scenarios":[],"acf":[],"_links":{"self":[{"href":"https:\/\/adequat.eu\/fr\/wp-json\/wp\/v2\/product\/17333","targetHints":{"allow":["GET"]}}],"collection":[{"href":"https:\/\/adequat.eu\/fr\/wp-json\/wp\/v2\/product"}],"about":[{"href":"https:\/\/adequat.eu\/fr\/wp-json\/wp\/v2\/types\/product"}],"replies":[{"embeddable":true,"href":"https:\/\/adequat.eu\/fr\/wp-json\/wp\/v2\/comments?post=17333"}],"wp:featuredmedia":[{"embeddable":true,"href":"https:\/\/adequat.eu\/fr\/wp-json\/wp\/v2\/media\/17339"}],"wp:attachment":[{"href":"https:\/\/adequat.eu\/fr\/wp-json\/wp\/v2\/media?parent=17333"}],"wp:term":[{"taxonomy":"product_brand","embeddable":true,"href":"https:\/\/adequat.eu\/fr\/wp-json\/wp\/v2\/product_brand?post=17333"},{"taxonomy":"product_cat","embeddable":true,"href":"https:\/\/adequat.eu\/fr\/wp-json\/wp\/v2\/product_cat?post=17333"},{"taxonomy":"product_tag","embeddable":true,"href":"https:\/\/adequat.eu\/fr\/wp-json\/wp\/v2\/product_tag?post=17333"}],"curies":[{"name":"wp","href":"https:\/\/api.w.org\/{rel}","templated":true}]}}