{"id":17379,"date":"2025-02-27T09:24:08","date_gmt":"2025-02-27T08:24:08","guid":{"rendered":"https:\/\/adequat.eu\/fr\/?post_type=product&#038;p=17379"},"modified":"2026-02-20T16:09:54","modified_gmt":"2026-02-20T15:09:54","slug":"schapengaas-zwaar-100-cm-hoog","status":"publish","type":"product","link":"https:\/\/adequat.eu\/fr\/product\/installation-fr\/grillage\/grillage-a-moutons\/grillage-lourd-moutons-100-cm\/","title":{"rendered":"Grillage lourd moutons 100 cm"},"content":{"rendered":"<h2 data-start=\"96\" data-end=\"161\">Cl\u00f4ture en grillage lourd pour moutons \u2013 hauteur 100 cm<\/h2>\n<p data-start=\"163\" data-end=\"438\">Avec du <strong data-start=\"171\" data-end=\"202\">grillage lourd pour moutons<\/strong> d\u2019une hauteur de 100 cm, vous pouvez construire une cl\u00f4ture robuste, id\u00e9ale pour les moutons et autres petits animaux d&rsquo;\u00e9levage, comme les ch\u00e8vres. La hauteur de <strong data-start=\"365\" data-end=\"375\">100 cm<\/strong> est la taille la plus couramment utilis\u00e9e pour ces cl\u00f4tures.<\/p>\n<p data-start=\"440\" data-end=\"959\">Nous proposons la version <strong data-start=\"466\" data-end=\"476\">lourde<\/strong> du grillage, con\u00e7u pour offrir une <strong data-start=\"512\" data-end=\"535\">durabilit\u00e9 maximale<\/strong>. Le grillage est fabriqu\u00e9 en <strong data-start=\"565\" data-end=\"590\">fil d\u2019acier galvanis\u00e9<\/strong> solide, avec des fils sup\u00e9rieurs et inf\u00e9rieurs plus \u00e9pais que les fils interm\u00e9diaires, ce qui renforce la r\u00e9sistance et la long\u00e9vit\u00e9 du produit. Dans cette version, les fils sup\u00e9rieur et inf\u00e9rieur mesurent <strong data-start=\"797\" data-end=\"807\">3,7 mm<\/strong> d\u2019\u00e9paisseur, tandis que les fils interm\u00e9diaires sont de <strong data-start=\"864\" data-end=\"874\">3,0 mm<\/strong>. Ce mod\u00e8le <strong data-start=\"886\" data-end=\"898\">Crapal 4<\/strong> est <strong data-start=\"903\" data-end=\"929\">deux fois plus durable<\/strong> que la version plus l\u00e9g\u00e8re.<\/p>\n<h2 data-start=\"961\" data-end=\"1025\">Sp\u00e9cifications du grillage lourd pour moutons \u2013 100 cm<\/h2>\n<ul data-start=\"1027\" data-end=\"1362\">\n<li data-start=\"1027\" data-end=\"1051\"><strong data-start=\"1029\" data-end=\"1040\">Hauteur<\/strong> : 100 cm<\/li>\n<li data-start=\"1052\" data-end=\"1099\"><strong data-start=\"1054\" data-end=\"1066\">Longueur<\/strong> : 50 m\u00e8tres (rouleau standard)<\/li>\n<li data-start=\"1100\" data-end=\"1171\"><strong data-start=\"1102\" data-end=\"1124\">Taille des mailles<\/strong> : 15 cm (distance entre deux fils verticaux)<\/li>\n<li data-start=\"1172\" data-end=\"1210\"><strong data-start=\"1174\" data-end=\"1204\">Nombre de fils horizontaux<\/strong> : 9<\/li>\n<li data-start=\"1211\" data-end=\"1362\"><strong data-start=\"1213\" data-end=\"1237\">Disposition des fils<\/strong> : les fils horizontaux sont plus rapproch\u00e9s dans la partie inf\u00e9rieure, offrant une s\u00e9curit\u00e9 accrue pour les petits animaux<\/li>\n<\/ul>\n<h2>Installation du grillage avec des tendeurs de fils<\/h2>\n<p>Pour bien installer le grillage moutons, utilisez des tendeurs de fils. Par point de fixation, vous avez besoin de\u202f:<\/p>\n<ul>\n<li>Fil sup\u00e9rieur\u202f: 1 \u00d7 tendeur de fils <strong>taille L<\/strong><\/li>\n<li>Fils interm\u00e9diaires\u202f: 7 \u00d7 tendeurs de fils <strong>taille M<\/strong><\/li>\n<li>Fil inf\u00e9rieur\u202f: 1 \u00d7 tendeur de fils <strong>taille L<\/strong><\/li>\n<\/ul>\n<p>Avec une <a href=\"https:\/\/adequat.eu\/fr\/product\/installation-fr\/grillage\/accessoires-grillage\/pince-de-serrage\/\"><strong>pince de serrage<\/strong><\/a>, vous pouvez relier les fils rapidement et solidement.<\/p>\n<h2>Fixer le grillage aux poteaux<\/h2>\n<p>Fixez le grillage aux poteaux en bois en les espa\u00e7ant de 2,5 \u00e0 3\u202fm\u00e8tres. Veillez \u00e0 ce qu\u2019environ un tiers du poteau soit enterr\u00e9 pour assurer une stabilit\u00e9 suffisante.<\/p>\n<p>Nous recommandons des essences de bois solides et durables, comme le <strong>ch\u00e2taignier<\/strong> ou le <strong>robinier<\/strong>. Choisissez des poteaux avec un diam\u00e8tre de\u202f:<\/p>\n<ul>\n<li>7\u20139\u202fcm pour le ch\u00e2taignier<\/li>\n<li>8\u201310\u202fcm pour le robinier<\/li>\n<\/ul>\n<p>Pour les angles ainsi que les poteaux de d\u00e9but et de fin, des poteaux plus \u00e9pais (10\u201312\u202fcm) sont un choix pratique pour plus de solidit\u00e9.<\/p>\n<h2>Fixation avec des agrafes<\/h2>\n<p>Le grillage peut \u00eatre facilement fix\u00e9 avec des agrafes. Pour les poteaux d\u2019angle, de d\u00e9but et de fin, le grillage doit \u00eatre tendu en enfon\u00e7ant compl\u00e8tement les agrafes. Pour les autres poteaux, enfoncez les agrafes seulement partiellement, afin que le fil puisse encore l\u00e9g\u00e8rement bouger. Cela permet de corriger le grillage par la suite et de tendre parfaitement le grillage aux angles.<\/p>\n","protected":false},"excerpt":{"rendered":"<p>Cl\u00f4ture en grillage lourd pour moutons \u2013 hauteur 100 cm Avec du grillage lourd pour moutons d\u2019une hauteur de 100 cm, vous pouvez construire une&#8230;<\/p>\n","protected":false},"featured_media":17415,"comment_status":"closed","ping_status":"closed","template":"","meta":{"_acf_changed":false,"inline_featured_image":false,"_trash_the_other_posts":false,"ep_exclude_from_search":false,"iawp_total_views":14,"editor_notices":[]},"product_brand":[],"product_cat":[482,554,543,540,547,480],"product_tag":[],"class_list":{"0":"post-17379","1":"product","2":"type-product","3":"status-publish","4":"has-post-thumbnail","6":"product_cat-grillage-a-moutons","7":"product_cat-cloture-hauteur-100-cm","8":"product_cat-cloture-pour-moutons","9":"product_cat-clotures-pour-animaux","10":"product_cat-clotures-pour-chiens","11":"product_cat-grillage","13":"first","14":"instock","15":"shipping-taxable","16":"purchasable","17":"product-type-simple"},"composite_virtual":false,"composite_layout":"","composite_add_to_cart_form_location":"","composite_editable_in_cart":false,"composite_sold_individually_context":"","composite_shop_price_calc":"","composite_components":[],"composite_scenarios":[],"acf":[],"_links":{"self":[{"href":"https:\/\/adequat.eu\/fr\/wp-json\/wp\/v2\/product\/17379","targetHints":{"allow":["GET"]}}],"collection":[{"href":"https:\/\/adequat.eu\/fr\/wp-json\/wp\/v2\/product"}],"about":[{"href":"https:\/\/adequat.eu\/fr\/wp-json\/wp\/v2\/types\/product"}],"replies":[{"embeddable":true,"href":"https:\/\/adequat.eu\/fr\/wp-json\/wp\/v2\/comments?post=17379"}],"wp:featuredmedia":[{"embeddable":true,"href":"https:\/\/adequat.eu\/fr\/wp-json\/wp\/v2\/media\/17415"}],"wp:attachment":[{"href":"https:\/\/adequat.eu\/fr\/wp-json\/wp\/v2\/media?parent=17379"}],"wp:term":[{"taxonomy":"product_brand","embeddable":true,"href":"https:\/\/adequat.eu\/fr\/wp-json\/wp\/v2\/product_brand?post=17379"},{"taxonomy":"product_cat","embeddable":true,"href":"https:\/\/adequat.eu\/fr\/wp-json\/wp\/v2\/product_cat?post=17379"},{"taxonomy":"product_tag","embeddable":true,"href":"https:\/\/adequat.eu\/fr\/wp-json\/wp\/v2\/product_tag?post=17379"}],"curies":[{"name":"wp","href":"https:\/\/api.w.org\/{rel}","templated":true}]}}