{"id":17381,"date":"2025-02-26T09:39:37","date_gmt":"2025-02-26T08:39:37","guid":{"rendered":"https:\/\/adequat.eu\/fr\/?post_type=product&#038;p=17381"},"modified":"2026-02-20T16:10:00","modified_gmt":"2026-02-20T15:10:00","slug":"schapengaas-licht-100-cm-hoog","status":"publish","type":"product","link":"https:\/\/adequat.eu\/fr\/product\/installation-fr\/grillage\/grillage-a-moutons\/grillage-leger-moutons-100-cm\/","title":{"rendered":"Grillage l\u00e9ger moutons 100 cm"},"content":{"rendered":"<h2 data-start=\"61\" data-end=\"124\">Cl\u00f4ture en grillage l\u00e9ger pour moutons \u2013 hauteur 100 cm<\/h2>\n<p data-start=\"126\" data-end=\"457\">Avec du <strong data-start=\"134\" data-end=\"183\">grillage l\u00e9ger en filet flexible pour moutons<\/strong> d\u2019une hauteur de 100 cm, vous pouvez cr\u00e9er une cl\u00f4ture robuste et pratique pour les moutons ou d\u2019autres petits animaux d\u2019\u00e9levage, tels que les ch\u00e8vres. Ce mod\u00e8le appartient \u00e0 notre gamme <strong data-start=\"371\" data-end=\"383\">Crapal 2<\/strong>, con\u00e7u pour les petits animaux tout en offrant une solution \u00e9conomique.<\/p>\n<p data-start=\"459\" data-end=\"944\">Le grillage est fabriqu\u00e9 avec du <strong data-start=\"492\" data-end=\"520\">fil m\u00e9tallique galvanis\u00e9<\/strong> solide, et les fils sup\u00e9rieur et inf\u00e9rieur sont plus \u00e9pais que les fils interm\u00e9diaires, ce qui augmente sa r\u00e9sistance. Dans ce mod\u00e8le, les fils sup\u00e9rieur et inf\u00e9rieur ont une \u00e9paisseur de <strong data-start=\"709\" data-end=\"719\">2,4 mm<\/strong>, tandis que les fils interm\u00e9diaires mesurent <strong data-start=\"765\" data-end=\"775\">1,9 mm<\/strong>. Cette version l\u00e9g\u00e8re est plus \u00e9conomique \u00e0 l\u2019achat et parfaitement adapt\u00e9e aux petits animaux. Cependant, elle est l\u00e9g\u00e8rement moins stable que la version plus \u00e9paisse.<\/p>\n<h2 data-start=\"946\" data-end=\"1008\">Sp\u00e9cifications du grillage l\u00e9ger pour moutons \u2013 100 cm<\/h2>\n<ul data-start=\"1010\" data-end=\"1337\">\n<li data-start=\"1010\" data-end=\"1034\"><strong data-start=\"1012\" data-end=\"1023\">Hauteur<\/strong> : 100 cm<\/li>\n<li data-start=\"1035\" data-end=\"1082\"><strong data-start=\"1037\" data-end=\"1049\">Longueur<\/strong> : 50 m\u00e8tres (rouleau standard)<\/li>\n<li data-start=\"1083\" data-end=\"1154\"><strong data-start=\"1085\" data-end=\"1107\">Taille des mailles<\/strong> : 15 cm (distance entre deux fils verticaux)<\/li>\n<li data-start=\"1155\" data-end=\"1193\"><strong data-start=\"1157\" data-end=\"1187\">Nombre de fils horizontaux<\/strong> : 9<\/li>\n<li data-start=\"1194\" data-end=\"1337\"><strong data-start=\"1196\" data-end=\"1220\">Disposition des fils<\/strong> : Les fils horizontaux sont plus rapproch\u00e9s dans la partie inf\u00e9rieure pour garantir la s\u00e9curit\u00e9 des petits animaux<\/li>\n<\/ul>\n<h2 data-start=\"1339\" data-end=\"1401\">Installation et tension du grillage l\u00e9ger pour moutons<\/h2>\n<p data-start=\"1403\" data-end=\"1710\">Pour tendre ce <strong>grillage l\u00e9ger en filet flexible<\/strong>, utilisez <strong>des tendeurs<\/strong> de fil de taille moyenne. Il faut <strong>un tendeur par fil horizontal<\/strong>, soit <strong>9<\/strong><strong>\u00a0pi\u00e8ces au total<\/strong>, pour une installation solide et stable.<br \/>\nL\u2019utilisation d\u2019une <strong>pince \u00e0 griffes<\/strong> vous permettra de serrer facilement les tendeurs et d\u2019assurer une tension uniforme du grillage.<\/p>\n","protected":false},"excerpt":{"rendered":"<p>Cl\u00f4ture en grillage l\u00e9ger pour moutons \u2013 hauteur 100 cm Avec du grillage l\u00e9ger en filet flexible pour moutons d\u2019une hauteur de 100 cm, vous&#8230;<\/p>\n","protected":false},"featured_media":17415,"comment_status":"closed","ping_status":"closed","template":"","meta":{"_acf_changed":false,"inline_featured_image":false,"_trash_the_other_posts":false,"ep_exclude_from_search":false,"iawp_total_views":9,"editor_notices":[]},"product_brand":[],"product_cat":[482,554,543,540,547,480],"product_tag":[],"class_list":{"0":"post-17381","1":"product","2":"type-product","3":"status-publish","4":"has-post-thumbnail","6":"product_cat-grillage-a-moutons","7":"product_cat-cloture-hauteur-100-cm","8":"product_cat-cloture-pour-moutons","9":"product_cat-clotures-pour-animaux","10":"product_cat-clotures-pour-chiens","11":"product_cat-grillage","13":"first","14":"instock","15":"shipping-taxable","16":"purchasable","17":"product-type-simple"},"composite_virtual":false,"composite_layout":"","composite_add_to_cart_form_location":"","composite_editable_in_cart":false,"composite_sold_individually_context":"","composite_shop_price_calc":"","composite_components":[],"composite_scenarios":[],"acf":[],"_links":{"self":[{"href":"https:\/\/adequat.eu\/fr\/wp-json\/wp\/v2\/product\/17381","targetHints":{"allow":["GET"]}}],"collection":[{"href":"https:\/\/adequat.eu\/fr\/wp-json\/wp\/v2\/product"}],"about":[{"href":"https:\/\/adequat.eu\/fr\/wp-json\/wp\/v2\/types\/product"}],"replies":[{"embeddable":true,"href":"https:\/\/adequat.eu\/fr\/wp-json\/wp\/v2\/comments?post=17381"}],"wp:featuredmedia":[{"embeddable":true,"href":"https:\/\/adequat.eu\/fr\/wp-json\/wp\/v2\/media\/17415"}],"wp:attachment":[{"href":"https:\/\/adequat.eu\/fr\/wp-json\/wp\/v2\/media?parent=17381"}],"wp:term":[{"taxonomy":"product_brand","embeddable":true,"href":"https:\/\/adequat.eu\/fr\/wp-json\/wp\/v2\/product_brand?post=17381"},{"taxonomy":"product_cat","embeddable":true,"href":"https:\/\/adequat.eu\/fr\/wp-json\/wp\/v2\/product_cat?post=17381"},{"taxonomy":"product_tag","embeddable":true,"href":"https:\/\/adequat.eu\/fr\/wp-json\/wp\/v2\/product_tag?post=17381"}],"curies":[{"name":"wp","href":"https:\/\/api.w.org\/{rel}","templated":true}]}}