{"id":17383,"date":"2025-02-26T15:41:07","date_gmt":"2025-02-26T14:41:07","guid":{"rendered":"https:\/\/adequat.eu\/fr\/?post_type=product&#038;p=17383"},"modified":"2026-02-20T16:12:38","modified_gmt":"2026-02-20T15:12:38","slug":"schapengaas-licht-150-cm-hoog","status":"publish","type":"product","link":"https:\/\/adequat.eu\/fr\/product\/installation-fr\/grillage\/grillage-a-moutons\/grillage-leger-moutons-150-cm\/","title":{"rendered":"Grillage l\u00e9ger moutons 150 cm"},"content":{"rendered":"<h2 data-start=\"56\" data-end=\"119\">Cl\u00f4ture en grillage l\u00e9ger pour moutons \u2013 hauteur 150 cm<\/h2>\n<p data-start=\"121\" data-end=\"432\">Avec du <strong data-start=\"129\" data-end=\"178\">grillage l\u00e9ger en filet flexible pour moutons<\/strong> d\u2019une hauteur de 150 cm, vous cr\u00e9ez une cl\u00f4ture id\u00e9ale pour les moutons ou d\u2019autres petits animaux, comme les ch\u00e8vres. En plus de ce <strong data-start=\"312\" data-end=\"341\">grillage l\u00e9ger (Crapal 2)<\/strong>, nous proposons \u00e9galement une version \u00ab lourde \u00bb de <strong data-start=\"394\" data-end=\"429\">grillage pour moutons de 140 cm<\/strong>.<\/p>\n<p data-start=\"434\" data-end=\"970\">Le grillage est fabriqu\u00e9 avec <strong data-start=\"464\" data-end=\"495\">du fil m\u00e9tallique galvanis\u00e9<\/strong> solide, et les fils sup\u00e9rieur et inf\u00e9rieur sont plus \u00e9pais que les fils interm\u00e9diaires, ce qui renforce la r\u00e9sistance du grillage. Dans ce mod\u00e8le, les fils sup\u00e9rieur et inf\u00e9rieur mesurent <strong data-start=\"684\" data-end=\"694\">2,4 mm<\/strong> d\u2019\u00e9paisseur, tandis que les fils interm\u00e9diaires font <strong data-start=\"748\" data-end=\"758\">1,9 mm<\/strong>. Cette version l\u00e9g\u00e8re est r\u00e9alis\u00e9e avec un fil l\u00e9g\u00e8rement plus fin, ce qui la rend plus abordable \u00e0 l\u2019achat et adapt\u00e9e aux animaux plus petits. Cependant, elle est un peu moins stable que les mod\u00e8les plus \u00e9pais.<\/p>\n<h2 data-start=\"972\" data-end=\"1034\">Sp\u00e9cifications du grillage l\u00e9ger pour moutons \u2013 150 cm<\/h2>\n<ul data-start=\"1036\" data-end=\"1353\">\n<li data-start=\"1036\" data-end=\"1060\"><strong data-start=\"1038\" data-end=\"1049\">Hauteur<\/strong> : 150 cm<\/li>\n<li data-start=\"1061\" data-end=\"1108\"><strong data-start=\"1063\" data-end=\"1075\">Longueur<\/strong> : 50 m\u00e8tres (rouleau standard)<\/li>\n<li data-start=\"1109\" data-end=\"1180\"><strong data-start=\"1111\" data-end=\"1133\">Taille des mailles<\/strong> : 15 cm (distance entre deux fils verticaux)<\/li>\n<li data-start=\"1181\" data-end=\"1220\"><strong data-start=\"1183\" data-end=\"1213\">Nombre de fils horizontaux<\/strong> : 19<\/li>\n<li data-start=\"1221\" data-end=\"1353\"><strong data-start=\"1223\" data-end=\"1247\">Disposition des fils<\/strong> : les fils horizontaux sont plus rapproch\u00e9s dans la partie inf\u00e9rieure pour s\u00e9curiser les petits animaux<\/li>\n<\/ul>\n<h2 data-start=\"1355\" data-end=\"1417\">Installation et tension du grillage l\u00e9ger pour moutons<\/h2>\n<p data-start=\"1419\" data-end=\"1719\">Pour tendre ce <strong>grillage l\u00e9ger en filet flexible<\/strong>, utilisez <strong>des tendeurs<\/strong> de fil de taille moyenne. Il faut <strong>un tendeur par fil horizontal<\/strong>, soit <strong>19\u00a0pi\u00e8ces au total<\/strong>, pour une installation solide et stable.<br \/>\nL\u2019utilisation d\u2019une <strong>pince \u00e0 griffes<\/strong> vous permettra de serrer facilement les tendeurs et d\u2019assurer une tension uniforme du grillage.<\/p>\n","protected":false},"excerpt":{"rendered":"<p>Cl\u00f4ture en grillage l\u00e9ger pour moutons \u2013 hauteur 150 cm Avec du grillage l\u00e9ger en filet flexible pour moutons d\u2019une hauteur de 150 cm, vous&#8230;<\/p>\n","protected":false},"featured_media":17415,"comment_status":"closed","ping_status":"closed","template":"","meta":{"_acf_changed":false,"inline_featured_image":false,"_trash_the_other_posts":false,"ep_exclude_from_search":false,"iawp_total_views":44,"editor_notices":[]},"product_brand":[],"product_cat":[556,541,542,543,540,547,480,482],"product_tag":[],"class_list":{"0":"post-17383","1":"product","2":"type-product","3":"status-publish","4":"has-post-thumbnail","6":"product_cat-cloture-hauteur-150-cm","7":"product_cat-cloture-pour-alpagas","8":"product_cat-cloture-pour-gibier","9":"product_cat-cloture-pour-moutons","10":"product_cat-clotures-pour-animaux","11":"product_cat-clotures-pour-chiens","12":"product_cat-grillage","13":"product_cat-grillage-a-moutons","15":"first","16":"instock","17":"shipping-taxable","18":"purchasable","19":"product-type-simple"},"composite_virtual":false,"composite_layout":"","composite_add_to_cart_form_location":"","composite_editable_in_cart":false,"composite_sold_individually_context":"","composite_shop_price_calc":"","composite_components":[],"composite_scenarios":[],"acf":[],"_links":{"self":[{"href":"https:\/\/adequat.eu\/fr\/wp-json\/wp\/v2\/product\/17383","targetHints":{"allow":["GET"]}}],"collection":[{"href":"https:\/\/adequat.eu\/fr\/wp-json\/wp\/v2\/product"}],"about":[{"href":"https:\/\/adequat.eu\/fr\/wp-json\/wp\/v2\/types\/product"}],"replies":[{"embeddable":true,"href":"https:\/\/adequat.eu\/fr\/wp-json\/wp\/v2\/comments?post=17383"}],"wp:featuredmedia":[{"embeddable":true,"href":"https:\/\/adequat.eu\/fr\/wp-json\/wp\/v2\/media\/17415"}],"wp:attachment":[{"href":"https:\/\/adequat.eu\/fr\/wp-json\/wp\/v2\/media?parent=17383"}],"wp:term":[{"taxonomy":"product_brand","embeddable":true,"href":"https:\/\/adequat.eu\/fr\/wp-json\/wp\/v2\/product_brand?post=17383"},{"taxonomy":"product_cat","embeddable":true,"href":"https:\/\/adequat.eu\/fr\/wp-json\/wp\/v2\/product_cat?post=17383"},{"taxonomy":"product_tag","embeddable":true,"href":"https:\/\/adequat.eu\/fr\/wp-json\/wp\/v2\/product_tag?post=17383"}],"curies":[{"name":"wp","href":"https:\/\/api.w.org\/{rel}","templated":true}]}}