{"id":17384,"date":"2025-02-14T17:16:00","date_gmt":"2025-02-14T16:16:00","guid":{"rendered":"https:\/\/adequat.eu\/fr\/?post_type=product&#038;p=17384"},"modified":"2026-02-20T16:13:27","modified_gmt":"2026-02-20T15:13:27","slug":"schapengaas-licht-200-cm-hoog","status":"publish","type":"product","link":"https:\/\/adequat.eu\/fr\/product\/installation-fr\/grillage\/grillage-a-moutons\/grillage-leger-moutons-200-cm\/","title":{"rendered":"Grillage l\u00e9ger moutons 200 cm"},"content":{"rendered":"<h2 data-start=\"108\" data-end=\"1147\">Grillage l\u00e9ger pour moutons &#8211; hauteur 200 cm<\/h2>\n<p data-start=\"108\" data-end=\"1147\">Avec du <strong data-start=\"159\" data-end=\"195\">grillage l\u00e9ger en filet flexible<\/strong> d&rsquo;une hauteur de 200 cm, vous pouvez cr\u00e9er une cl\u00f4ture pour les moutons ou d&rsquo;autres petits animaux, tels que les ch\u00e8vres. En plus de ce <strong data-start=\"332\" data-end=\"368\">grillage l\u00e9ger en filet flexible<\/strong> (crapal 2), nous proposons \u00e9galement une version \u00ab lourde \u00bb pour une protection renforc\u00e9e. La longueur standard d&rsquo;un rouleau de <strong data-start=\"497\" data-end=\"515\">grillage l\u00e9ger<\/strong> est de 50 m\u00e8tres. Ce <strong data-start=\"537\" data-end=\"555\">grillage l\u00e9ger<\/strong> est fabriqu\u00e9 avec du <strong data-start=\"577\" data-end=\"605\">fil m\u00e9tallique galvanis\u00e9<\/strong> robuste. Les fils sup\u00e9rieurs et inf\u00e9rieurs sont plus \u00e9pais que les fils interm\u00e9diaires, ce qui am\u00e9liore la solidit\u00e9 de l&rsquo;ensemble. Dans ce <strong data-start=\"745\" data-end=\"794\">grillage l\u00e9ger en filet flexible,<\/strong>\u00a0les fils sup\u00e9rieurs et inf\u00e9rieurs ont une \u00e9paisseur de 2,4 mm, tandis que les fils interm\u00e9diaires mesurent 1,9 mm. Cette version l\u00e9g\u00e8re est constitu\u00e9e de fils l\u00e9g\u00e8rement plus fins, ce qui la rend plus abordable et id\u00e9ale pour les animaux plus petits. En revanche, elle est un peu moins stable dimensionnellement par rapport aux versions plus \u00e9paisses.<\/p>\n<h2 data-start=\"1149\" data-end=\"1807\">Sp\u00e9cifications du grillage l\u00e9ger pour moutons &#8211; 200 cm<\/h2>\n<p>Un rouleau de <strong>grillage l\u00e9ger en filet flexible<\/strong> pour moutons de 200 cm de hauteur mesure 50 m\u00e8tres de longueur. La taille des mailles (la distance entre deux fils) est de 15 cm et le <strong>grillage l\u00e9ger<\/strong> comporte 22 fils horizontaux. Dans la partie inf\u00e9rieure, les fils horizontaux sont plus rapproch\u00e9s, assurant ainsi une meilleure s\u00e9curit\u00e9 pour les petits animaux.<\/p>\n<p>Pour tendre ce <strong>grillage l\u00e9ger en filet flexible<\/strong>, utilisez des tendeurs de fil de taille moyenne. Il faut un tendeur par fil horizontal, soit <strong>22 pi\u00e8ces au total<\/strong>.<br \/>\nLa <strong>pince \u00e0 griffes<\/strong> permet de serrer facilement les tendeurs de fils.<\/p>\n","protected":false},"excerpt":{"rendered":"<p>Grillage l\u00e9ger pour moutons &#8211; hauteur 200 cm Avec du grillage l\u00e9ger en filet flexible d&rsquo;une hauteur de 200 cm, vous pouvez cr\u00e9er une cl\u00f4ture&#8230;<\/p>\n","protected":false},"featured_media":17415,"comment_status":"closed","ping_status":"closed","template":"","meta":{"_acf_changed":false,"inline_featured_image":false,"_trash_the_other_posts":false,"ep_exclude_from_search":false,"iawp_total_views":44,"editor_notices":[]},"product_brand":[],"product_cat":[482,558,543,540,480],"product_tag":[],"class_list":{"0":"post-17384","1":"product","2":"type-product","3":"status-publish","4":"has-post-thumbnail","6":"product_cat-grillage-a-moutons","7":"product_cat-cloture-hauteur-200-cm","8":"product_cat-cloture-pour-moutons","9":"product_cat-clotures-pour-animaux","10":"product_cat-grillage","12":"first","13":"instock","14":"shipping-taxable","15":"purchasable","16":"product-type-simple"},"composite_virtual":false,"composite_layout":"","composite_add_to_cart_form_location":"","composite_editable_in_cart":false,"composite_sold_individually_context":"","composite_shop_price_calc":"","composite_components":[],"composite_scenarios":[],"acf":[],"_links":{"self":[{"href":"https:\/\/adequat.eu\/fr\/wp-json\/wp\/v2\/product\/17384","targetHints":{"allow":["GET"]}}],"collection":[{"href":"https:\/\/adequat.eu\/fr\/wp-json\/wp\/v2\/product"}],"about":[{"href":"https:\/\/adequat.eu\/fr\/wp-json\/wp\/v2\/types\/product"}],"replies":[{"embeddable":true,"href":"https:\/\/adequat.eu\/fr\/wp-json\/wp\/v2\/comments?post=17384"}],"wp:featuredmedia":[{"embeddable":true,"href":"https:\/\/adequat.eu\/fr\/wp-json\/wp\/v2\/media\/17415"}],"wp:attachment":[{"href":"https:\/\/adequat.eu\/fr\/wp-json\/wp\/v2\/media?parent=17384"}],"wp:term":[{"taxonomy":"product_brand","embeddable":true,"href":"https:\/\/adequat.eu\/fr\/wp-json\/wp\/v2\/product_brand?post=17384"},{"taxonomy":"product_cat","embeddable":true,"href":"https:\/\/adequat.eu\/fr\/wp-json\/wp\/v2\/product_cat?post=17384"},{"taxonomy":"product_tag","embeddable":true,"href":"https:\/\/adequat.eu\/fr\/wp-json\/wp\/v2\/product_tag?post=17384"}],"curies":[{"name":"wp","href":"https:\/\/api.w.org\/{rel}","templated":true}]}}