{"id":17386,"date":"2025-02-13T11:37:57","date_gmt":"2025-02-13T10:37:57","guid":{"rendered":"https:\/\/adequat.eu\/fr\/?post_type=product&#038;p=17386"},"modified":"2025-07-04T10:10:01","modified_gmt":"2025-07-04T08:10:01","slug":"brise-vue-noisetier-loire-2-180-x-115-cm","status":"publish","type":"product","link":"https:\/\/adequat.eu\/fr\/product\/ecrans\/ecrans-brise-vue-tresses\/brise-vue-noisetier-loire-2-180-x-115-cm\/","title":{"rendered":"Brise-vue noisetier Loire 2 &#8211; 180 x 115 cm"},"content":{"rendered":"<p>Le brise-vue noisetier Loire 2 &#8211; 1,80 L x 1,15 H est tress\u00e9 verticalement et pr\u00eat \u00e0 l&#8217;emploi. Il suffit de fixer le brise-vue \u00e0 l&rsquo;aide de piquets (nous avons de tr\u00e8s belles poutres rustiques en ch\u00e2taignier aux angles arrondis qui facilitent la fixation) et de vis en inox. Pour la fixation des brise-vue, nous pr\u00e9conisons des <a href=\"https:\/\/adequat.eu\/fr\/product\/installation-fr\/materiel-dassemblage\/vis-en-acier-inoxydable-en-differentes-dimensions-embout-inclu\/\">vis en acier inoxydable 6 x 120 mm ou 6 x 140 mm<\/a>.<\/p>\n<p>Avec le brise-vue Loire 2, vous pouvez facilement et efficacement fermer votre jardin ou masquer des zones disgracieuses. Un brise-vue Loire 2 a une dur\u00e9e de vie d&rsquo;environ 6 \u00e0 8 ans dans des conditions normales. Si vous avez des enfants en bas \u00e2ge qui aiment jouer au ballon dans le jardin, vous devez tenir compte du fait que les branches peuvent devenir un peu cassantes avec le temps. Si les \u00e9crans sont soumis \u00e0 de fortes contraintes, les branches risquent de s&rsquo;ab\u00eemer voire m\u00eame se casser.<\/p>\n<h3>Installation brise-vue noisetier Loire 2<\/h3>\n<p>Vous pouvez placer votre brise-vue entre des piquets ou devant les piquets. Si vous placez les piquets entre les \u00e9crans, vous aurez besoin d&rsquo;autant de piquets que d&rsquo;\u00e9cran +1. Si vous placez les piquets derri\u00e8re le brise-vue Loire 2, vous aurez besoin de deux piquets par brise-vue. Outre les poutres rustiques aux angles arrondis, vous pouvez \u00e9galement utiliser les <a href=\"https:\/\/adequat.eu\/fr\/products\/piquets\/piquets-en-chataignier\/\">piquets en ch\u00e2taignier \u00d8 7\/9 ou 10\/12<\/a> \u00e0 cet effet. Il est bien s\u00fbr \u00e9galement possible de fabriquer un cadre en bois ou autre mat\u00e9riau, dans lequel vous placerez les \u00e9crans.<\/p>\n<p>Ce brise-vue noisetier Loire 2 est tiss\u00e9 verticalement, mais peut \u00e9galement \u00eatre plac\u00e9 horizontalement.<\/p>\n","protected":false},"excerpt":{"rendered":"<p>Le brise-vue noisetier Loire 2 &#8211; 1,80 L x 1,15 H est tress\u00e9 verticalement et pr\u00eat \u00e0 l&#8217;emploi. Il suffit de fixer le brise-vue \u00e0&#8230;<\/p>\n","protected":false},"featured_media":17393,"comment_status":"closed","ping_status":"closed","template":"","meta":{"_acf_changed":false,"inline_featured_image":false,"_trash_the_other_posts":false,"ep_exclude_from_search":false,"iawp_total_views":52,"editor_notices":[]},"product_brand":[],"product_cat":[454,453,532],"product_tag":[],"class_list":{"0":"post-17386","1":"product","2":"type-product","3":"status-publish","4":"has-post-thumbnail","6":"product_cat-ecrans-brise-vue-tresses","7":"product_cat-ecrans","8":"product_cat-ecrans-noisetier","10":"first","11":"instock","12":"shipping-taxable","13":"purchasable","14":"product-type-simple"},"composite_virtual":false,"composite_layout":"","composite_add_to_cart_form_location":"","composite_editable_in_cart":false,"composite_sold_individually_context":"","composite_shop_price_calc":"","composite_components":[],"composite_scenarios":[],"acf":[],"_links":{"self":[{"href":"https:\/\/adequat.eu\/fr\/wp-json\/wp\/v2\/product\/17386","targetHints":{"allow":["GET"]}}],"collection":[{"href":"https:\/\/adequat.eu\/fr\/wp-json\/wp\/v2\/product"}],"about":[{"href":"https:\/\/adequat.eu\/fr\/wp-json\/wp\/v2\/types\/product"}],"replies":[{"embeddable":true,"href":"https:\/\/adequat.eu\/fr\/wp-json\/wp\/v2\/comments?post=17386"}],"wp:featuredmedia":[{"embeddable":true,"href":"https:\/\/adequat.eu\/fr\/wp-json\/wp\/v2\/media\/17393"}],"wp:attachment":[{"href":"https:\/\/adequat.eu\/fr\/wp-json\/wp\/v2\/media?parent=17386"}],"wp:term":[{"taxonomy":"product_brand","embeddable":true,"href":"https:\/\/adequat.eu\/fr\/wp-json\/wp\/v2\/product_brand?post=17386"},{"taxonomy":"product_cat","embeddable":true,"href":"https:\/\/adequat.eu\/fr\/wp-json\/wp\/v2\/product_cat?post=17386"},{"taxonomy":"product_tag","embeddable":true,"href":"https:\/\/adequat.eu\/fr\/wp-json\/wp\/v2\/product_tag?post=17386"}],"curies":[{"name":"wp","href":"https:\/\/api.w.org\/{rel}","templated":true}]}}