{"id":17387,"date":"2025-02-13T11:42:52","date_gmt":"2025-02-13T10:42:52","guid":{"rendered":"https:\/\/adequat.eu\/fr\/?post_type=product&#038;p=17387"},"modified":"2025-07-04T10:09:54","modified_gmt":"2025-07-04T08:09:54","slug":"brise-vue-noisetier-loire-3-180-x-75-cm","status":"publish","type":"product","link":"https:\/\/adequat.eu\/fr\/product\/ecrans\/ecrans-brise-vue-tresses\/brise-vue-noisetier-loire-3-180-x-75-cm\/","title":{"rendered":"Brise-vue noisetier Loire 3 &#8211; 180 x 75 cm"},"content":{"rendered":"<p>Le brise-vue noisetier Loire 3 &#8211; 1,80 L x 0,75 H est tress\u00e9 verticalement et est pr\u00eat \u00e0 l&#8217;emploi. Il suffit de le fixer sur de piquets \u00e0 l&rsquo;aide de vis en acier inoxydable. Pour la fixation du brise-vue, nous recommandons des <a href=\"https:\/\/adequat.eu\/fr\/product\/installation-fr\/materiel-dassemblage\/vis-en-acier-inoxydable-en-differentes-dimensions-embout-inclu\/\">vis inox 6 x 120 mm ou 6 x 140 mm<\/a>.<\/p>\n<p>Avec le brise-vue Loire 3, vous pouvez rapidement cl\u00f4turer votre jardin de mani\u00e8re tr\u00e9s efficace ou vous pouvez masquer des zones inesth\u00e9tiques. Cette dimension d&rsquo;\u00e9cran est \u00e9galement souvent utilis\u00e9 pour d\u00e9limiter des bordures ou des potagers. Un brise-vue en noisetier a une dur\u00e9e de vie d&rsquo;environ 6 \u00e0 8 ans dans des conditions normales. Si vous avez des enfants en bas \u00e2ge qui aiment jouer au ballon dans le jardin, vous devez tenir compte du fait que les branches peuvent devenir cassantes avec le temps. Si les \u00e9crans sont soumis \u00e0 de fortes contraintes, les branches peuvent s&rsquo;ab\u00eemer, voire m\u00eame se casser.<\/p>\n<h3>Installation du brise-vue noisetier Loire 3<\/h3>\n<p>Vous pouvez placer les piquets entre les paravents ou derri\u00e8re ceux-ci. Si vous les placez entre les \u00e9crans brise-vue, vous aurez besoin d&rsquo;autant de piquets que de grilles +1. Si vous placez les piquets derri\u00e8re l&rsquo;\u00e9cran brise-vue noisetier Loire 3, vous aurez besoin de deux piquets par \u00e9cran. Les <a href=\"https:\/\/adequat.eu\/fr\/products\/piquets\/piquets-en-chataignier\/\">piquets en ch\u00e2taignier \u00d8 7\/9 ou 10\/12<\/a> conviennent tr\u00e8s bien. Nous avons \u00e9galement dans la gamme de tr\u00e8s belles poutres rustiques en ch\u00e2taignier carr\u00e9s aux angles arrondis qui facilitent encore plus la fixation. Il est bien s\u00fbr \u00e9galement possible de r\u00e9aliser un cadre en bois ou autre mat\u00e9riau dans lequel seront plac\u00e9s les brise-vues.<\/p>\n<p>Le brise-vue noisetier Loire 3 est tiss\u00e9e verticalement, mais peut \u00e9galement \u00eatre plac\u00e9e horizontalement.<\/p>\n","protected":false},"excerpt":{"rendered":"<p>Le brise-vue noisetier Loire 3 &#8211; 1,80 L x 0,75 H est tress\u00e9 verticalement et est pr\u00eat \u00e0 l&#8217;emploi. Il suffit de le fixer sur&#8230;<\/p>\n","protected":false},"featured_media":17395,"comment_status":"closed","ping_status":"closed","template":"","meta":{"_acf_changed":false,"inline_featured_image":false,"_trash_the_other_posts":false,"ep_exclude_from_search":false,"iawp_total_views":43,"editor_notices":[]},"product_brand":[],"product_cat":[454,453,532],"product_tag":[],"class_list":{"0":"post-17387","1":"product","2":"type-product","3":"status-publish","4":"has-post-thumbnail","6":"product_cat-ecrans-brise-vue-tresses","7":"product_cat-ecrans","8":"product_cat-ecrans-noisetier","10":"first","11":"instock","12":"shipping-taxable","13":"purchasable","14":"product-type-simple"},"composite_virtual":false,"composite_layout":"","composite_add_to_cart_form_location":"","composite_editable_in_cart":false,"composite_sold_individually_context":"","composite_shop_price_calc":"","composite_components":[],"composite_scenarios":[],"acf":[],"_links":{"self":[{"href":"https:\/\/adequat.eu\/fr\/wp-json\/wp\/v2\/product\/17387","targetHints":{"allow":["GET"]}}],"collection":[{"href":"https:\/\/adequat.eu\/fr\/wp-json\/wp\/v2\/product"}],"about":[{"href":"https:\/\/adequat.eu\/fr\/wp-json\/wp\/v2\/types\/product"}],"replies":[{"embeddable":true,"href":"https:\/\/adequat.eu\/fr\/wp-json\/wp\/v2\/comments?post=17387"}],"wp:featuredmedia":[{"embeddable":true,"href":"https:\/\/adequat.eu\/fr\/wp-json\/wp\/v2\/media\/17395"}],"wp:attachment":[{"href":"https:\/\/adequat.eu\/fr\/wp-json\/wp\/v2\/media?parent=17387"}],"wp:term":[{"taxonomy":"product_brand","embeddable":true,"href":"https:\/\/adequat.eu\/fr\/wp-json\/wp\/v2\/product_brand?post=17387"},{"taxonomy":"product_cat","embeddable":true,"href":"https:\/\/adequat.eu\/fr\/wp-json\/wp\/v2\/product_cat?post=17387"},{"taxonomy":"product_tag","embeddable":true,"href":"https:\/\/adequat.eu\/fr\/wp-json\/wp\/v2\/product_tag?post=17387"}],"curies":[{"name":"wp","href":"https:\/\/api.w.org\/{rel}","templated":true}]}}